{"id":230,"date":"2024-04-12T15:56:11","date_gmt":"2024-04-12T13:56:11","guid":{"rendered":"https:\/\/shop.gericos.trade\/datenschutzrichtlinie-fuer-shop-gericos-trade\/"},"modified":"2024-11-16T16:51:27","modified_gmt":"2024-11-16T15:51:27","slug":"datenschutzrichtlinie-fuer-shop-gericos-trade","status":"publish","type":"page","link":"https:\/\/shop.gericos.trade\/de\/datenschutzrichtlinie-fuer-shop-gericos-trade\/","title":{"rendered":"Datenschutzrichtlinie f\u00fcr shop.gericos.trade"},"content":{"rendered":"\n<p>Bei Gericos, erreichbar \u00fcber https:\/\/shop.gericos.trade, ist eine unserer wichtigsten Priorit\u00e4ten die Privatsph\u00e4re unserer Besucher. Dieses Dokument zum Datenschutz enth\u00e4lt die Arten von Informationen, die von Gericos gesammelt und aufgezeichnet werden, und wie wir sie verwenden.<\/p>\n\n<p>Wenn Sie weitere Fragen haben oder mehr Informationen \u00fcber unsere Datenschutzrichtlinie ben\u00f6tigen, z\u00f6gern Sie nicht, uns zu kontaktieren. Unsere Datenschutzrichtlinie wurde mit Hilfe des <a href=\"https:\/\/www.generateprivacypolicy.com\/\">Datenschutzrichtlinien-Generators<\/a> erstellt.<\/p>\n\n<h2>Log-Dateien<\/h2>\n\n<p>Gericos folgt einem Standardverfahren zur Verwendung von Protokolldateien. Diese Dateien protokollieren, wenn Besucher Websites besuchen. Alle Hosting-Unternehmen tun dies und es ist Teil der Analyse der Hosting-Dienste. Zu den in den Protokolldateien gesammelten Informationen geh\u00f6ren Internetprotokolladressen (IP-Adressen), Browsertyp, Internet Service Provider (ISP), Datums- und Zeitstempel, Verweis- und Ausgangsseiten und m\u00f6glicherweise die Anzahl der Klicks. Diese sind nicht mit Informationen verkn\u00fcpft, die pers\u00f6nlich identifizierbar sind. Der Zweck dieser Daten ist die Analyse von Trends, die Verwaltung der Website, die Verfolgung der Bewegungen der Nutzer auf der Website und die Erfassung demografischer Daten.<\/p>\n\n<h2>Cookies und Web Beacons<\/h2>\n\n<p>Wie jede andere Website auch, verwendet Gericos &#8222;Cookies&#8220;. Diese Cookies werden verwendet, um Informationen zu speichern, einschlie\u00dflich der Pr\u00e4ferenzen der Besucher und der Seiten auf der Website, die der Besucher aufgerufen oder besucht hat. Die Informationen werden verwendet, um die Erfahrung des Benutzers zu optimieren, indem wir den Inhalt unserer Webseite auf der Grundlage des Browsertyps und\/oder anderer Informationen des Besuchers anpassen.<\/p>\n\n<h2>Google DoubleClick DART Cookie<\/h2>\n\n<p>Google ist einer der Drittanbieter auf unserer Website. Es verwendet auch Cookies, so genannte DART-Cookies, um unseren Website-Besuchern auf der Grundlage ihres Besuchs auf www.website.com und anderen Websites im Internet Anzeigen zu schalten. Besucher k\u00f6nnen jedoch die Verwendung von DART-Cookies ablehnen, indem sie die Datenschutzbestimmungen des Google-Anzeigen- und Content-Netzwerks unter der folgenden URL aufrufen &#8211; <a href=\"https:\/\/policies.google.com\/technologies\/ads\">https:\/\/policies.google.com\/technologies\/ads<\/a><\/p>\n\n<h2>Unsere Werbepartner<\/h2>\n\n<p>Einige der Werbetreibenden auf unserer Website k\u00f6nnen Cookies und Web Beacons verwenden. Unsere Werbepartner sind unten aufgef\u00fchrt. Jeder unserer Werbepartner hat seine eigenen Datenschutzrichtlinien f\u00fcr den Umgang mit Benutzerdaten. Um Ihnen den Zugang zu erleichtern, haben wir die Datenschutzrichtlinien unten verlinkt.<\/p>\n\n<ul>\n    <li>\n        <p>Google<\/p>\n        <p><a href=\"https:\/\/policies.google.com\/technologies\/ads\">https:\/\/policies.google.com\/technologies\/ads<\/a><\/p>\n    <\/li>\n<\/ul>\n\n<h2>Datenschutzrichtlinien<\/h2>\n\n<p>Sie k\u00f6nnen diese Liste konsultieren, um die Datenschutzbestimmungen f\u00fcr jeden der Werbepartner von Gericos zu finden.<\/p>\n\n<p>Werbeserver oder Werbenetzwerke von Drittanbietern verwenden Technologien wie Cookies, JavaScript oder Web Beacons, die in ihren jeweiligen Anzeigen und Links, die auf Gericos erscheinen, verwendet werden und direkt an den Browser des Nutzers gesendet werden. Sie erhalten automatisch Ihre IP-Adresse, wenn dies geschieht. Diese Technologien werden verwendet, um die Effektivit\u00e4t ihrer Werbekampagnen zu messen und\/oder um die Werbeinhalte zu personalisieren, die Sie auf den von Ihnen besuchten Websites sehen.<\/p>\n\n<p>Beachten Sie, dass Gericos keinen Zugang zu oder Kontrolle \u00fcber diese Cookies hat, die von Drittanbietern verwendet werden.<\/p>\n\n<h2>Datenschutzrichtlinien von Drittanbietern<\/h2>\n\n<p>Die Datenschutzrichtlinie von Gericos gilt nicht f\u00fcr andere Werbetreibende oder Websites. Wir raten Ihnen daher, die jeweiligen Datenschutzrichtlinien dieser Drittanbieter-Anzeigenserver zu konsultieren, um weitere Informationen zu erhalten. Darin k\u00f6nnen die Praktiken des Unternehmens und Anweisungen dar\u00fcber enthalten sein, wie Sie sich von bestimmten Optionen abmelden k\u00f6nnen.  <\/p>\n\n<p>Sie k\u00f6nnen Cookies \u00fcber Ihre individuellen Browseroptionen deaktivieren. Ausf\u00fchrlichere Informationen zur Cookie-Verwaltung mit bestimmten Webbrowsern finden Sie auf den jeweiligen Websites der Browser. Was sind Cookies?<\/p>\n\n<h2>Informationen f\u00fcr Kinder<\/h2>\n\n<p>Eine weitere Priorit\u00e4t ist der Schutz von Kindern bei der Nutzung des Internets. Wir ermutigen Eltern und Erziehungsberechtigte, die Online-Aktivit\u00e4ten der Kinder zu beobachten, an ihnen teilzunehmen und\/oder sie zu \u00fcberwachen und anzuleiten.<\/p>\n\n<p>Gericos sammelt wissentlich keine pers\u00f6nlichen Daten von Kindern unter 13 Jahren. Wenn Sie der Meinung sind, dass Ihr Kind diese Art von Informationen auf unserer Website angegeben hat, empfehlen wir Ihnen dringend, uns sofort zu kontaktieren, und wir werden unser Bestes tun, um solche Informationen umgehend aus unseren Unterlagen zu entfernen.<\/p>\n\n<h2>Nur Online-Datenschutzerkl\u00e4rung<\/h2>\n\n<p>Diese Datenschutzrichtlinie gilt nur f\u00fcr unsere Online-Aktivit\u00e4ten und f\u00fcr die Besucher unserer Website in Bezug auf die Informationen, die sie auf Gericos weitergeben und\/oder sammeln. Diese Richtlinie gilt nicht f\u00fcr Informationen, die offline oder \u00fcber andere Kan\u00e4le als diese Website gesammelt werden.<\/p>\n\n<h2>Einverst\u00e4ndnis<\/h2>\n\n<p>Durch die Nutzung unserer Website erkl\u00e4ren Sie sich mit unserer Datenschutzrichtlinie einverstanden und stimmen den darin enthaltenen Bedingungen und Konditionen zu.<\/p>\n","protected":false},"excerpt":{"rendered":"<p>Bei Gericos, erreichbar \u00fcber https:\/\/shop.gericos.trade, ist eine unserer wichtigsten Priorit\u00e4ten die Privatsph\u00e4re unserer Besucher. Dieses Dokument zum Datenschutz enth\u00e4lt die Arten von Informationen, die von Gericos gesammelt und aufgezeichnet werden, und wie wir sie verwenden. Wenn Sie weitere Fragen haben oder mehr Informationen \u00fcber unsere Datenschutzrichtlinie ben\u00f6tigen, z\u00f6gern Sie nicht, uns zu kontaktieren. Unsere Datenschutzrichtlinie [&hellip;]<\/p>\n","protected":false},"author":1,"featured_media":0,"parent":0,"menu_order":0,"comment_status":"closed","ping_status":"open","template":"","meta":{"footnotes":""},"class_list":["post-230","page","type-page","status-publish","hentry"],"yoast_head":"<!-- This site is optimized with the Yoast SEO plugin v27.4 - https:\/\/yoast.com\/product\/yoast-seo-wordpress\/ -->\n<title>Datenschutzrichtlinie f\u00fcr shop.gericos.trade - Gericos Shop<\/title>\n<meta name=\"robots\" content=\"index, follow, max-snippet:-1, max-image-preview:large, max-video-preview:-1\" \/>\n<link rel=\"canonical\" href=\"https:\/\/shop.gericos.trade\/de\/datenschutzrichtlinie-fuer-shop-gericos-trade\/\" \/>\n<meta property=\"og:locale\" content=\"de_DE\" \/>\n<meta property=\"og:type\" content=\"article\" \/>\n<meta property=\"og:title\" content=\"Datenschutzrichtlinie f\u00fcr shop.gericos.trade - Gericos Shop\" \/>\n<meta property=\"og:description\" content=\"Bei Gericos, erreichbar \u00fcber https:\/\/shop.gericos.trade, ist eine unserer wichtigsten Priorit\u00e4ten die Privatsph\u00e4re unserer Besucher. Dieses Dokument zum Datenschutz enth\u00e4lt die Arten von Informationen, die von Gericos gesammelt und aufgezeichnet werden, und wie wir sie verwenden. Wenn Sie weitere Fragen haben oder mehr Informationen \u00fcber unsere Datenschutzrichtlinie ben\u00f6tigen, z\u00f6gern Sie nicht, uns zu kontaktieren. Unsere Datenschutzrichtlinie [&hellip;]\" \/>\n<meta property=\"og:url\" content=\"https:\/\/shop.gericos.trade\/de\/datenschutzrichtlinie-fuer-shop-gericos-trade\/\" \/>\n<meta property=\"og:site_name\" content=\"Gericos Shop\" \/>\n<meta property=\"article:modified_time\" content=\"2024-11-16T15:51:27+00:00\" \/>\n<meta name=\"twitter:card\" content=\"summary_large_image\" \/>\n<meta name=\"twitter:label1\" content=\"Gesch\u00e4tzte Lesezeit\" \/>\n\t<meta name=\"twitter:data1\" content=\"4\u00a0Minuten\" \/>\n<script type=\"application\/ld+json\" class=\"yoast-schema-graph\">{\"@context\":\"https:\\\/\\\/schema.org\",\"@graph\":[{\"@type\":\"WebPage\",\"@id\":\"https:\\\/\\\/shop.gericos.trade\\\/de\\\/datenschutzrichtlinie-fuer-shop-gericos-trade\\\/\",\"url\":\"https:\\\/\\\/shop.gericos.trade\\\/de\\\/datenschutzrichtlinie-fuer-shop-gericos-trade\\\/\",\"name\":\"Datenschutzrichtlinie f\u00fcr shop.gericos.trade - Gericos Shop\",\"isPartOf\":{\"@id\":\"https:\\\/\\\/shop.gericos.trade\\\/de\\\/#website\"},\"datePublished\":\"2024-04-12T13:56:11+00:00\",\"dateModified\":\"2024-11-16T15:51:27+00:00\",\"breadcrumb\":{\"@id\":\"https:\\\/\\\/shop.gericos.trade\\\/de\\\/datenschutzrichtlinie-fuer-shop-gericos-trade\\\/#breadcrumb\"},\"inLanguage\":\"de\",\"potentialAction\":[{\"@type\":\"ReadAction\",\"target\":[\"https:\\\/\\\/shop.gericos.trade\\\/de\\\/datenschutzrichtlinie-fuer-shop-gericos-trade\\\/\"]}]},{\"@type\":\"BreadcrumbList\",\"@id\":\"https:\\\/\\\/shop.gericos.trade\\\/de\\\/datenschutzrichtlinie-fuer-shop-gericos-trade\\\/#breadcrumb\",\"itemListElement\":[{\"@type\":\"ListItem\",\"position\":1,\"name\":\"Home\",\"item\":\"https:\\\/\\\/shop.gericos.trade\\\/de\\\/shop\\\/\"},{\"@type\":\"ListItem\",\"position\":2,\"name\":\"Datenschutzrichtlinie f\u00fcr shop.gericos.trade\"}]},{\"@type\":\"WebSite\",\"@id\":\"https:\\\/\\\/shop.gericos.trade\\\/de\\\/#website\",\"url\":\"https:\\\/\\\/shop.gericos.trade\\\/de\\\/\",\"name\":\"Gericos Shop\",\"description\":\"Technical tools for the best forex and market performance\",\"publisher\":{\"@id\":\"https:\\\/\\\/shop.gericos.trade\\\/de\\\/#organization\"},\"potentialAction\":[{\"@type\":\"SearchAction\",\"target\":{\"@type\":\"EntryPoint\",\"urlTemplate\":\"https:\\\/\\\/shop.gericos.trade\\\/de\\\/?s={search_term_string}\"},\"query-input\":{\"@type\":\"PropertyValueSpecification\",\"valueRequired\":true,\"valueName\":\"search_term_string\"}}],\"inLanguage\":\"de\"},{\"@type\":\"Organization\",\"@id\":\"https:\\\/\\\/shop.gericos.trade\\\/de\\\/#organization\",\"name\":\"Gericos Shop\",\"url\":\"https:\\\/\\\/shop.gericos.trade\\\/de\\\/\",\"logo\":{\"@type\":\"ImageObject\",\"inLanguage\":\"de\",\"@id\":\"https:\\\/\\\/shop.gericos.trade\\\/de\\\/#\\\/schema\\\/logo\\\/image\\\/\",\"url\":\"https:\\\/\\\/shop.gericos.trade\\\/wp-content\\\/uploads\\\/2024\\\/04\\\/medium-res-new.png\",\"contentUrl\":\"https:\\\/\\\/shop.gericos.trade\\\/wp-content\\\/uploads\\\/2024\\\/04\\\/medium-res-new.png\",\"width\":853,\"height\":423,\"caption\":\"Gericos Shop\"},\"image\":{\"@id\":\"https:\\\/\\\/shop.gericos.trade\\\/de\\\/#\\\/schema\\\/logo\\\/image\\\/\"}}]}<\/script>\n<!-- \/ Yoast SEO plugin. -->","yoast_head_json":{"title":"Datenschutzrichtlinie f\u00fcr shop.gericos.trade - Gericos Shop","robots":{"index":"index","follow":"follow","max-snippet":"max-snippet:-1","max-image-preview":"max-image-preview:large","max-video-preview":"max-video-preview:-1"},"canonical":"https:\/\/shop.gericos.trade\/de\/datenschutzrichtlinie-fuer-shop-gericos-trade\/","og_locale":"de_DE","og_type":"article","og_title":"Datenschutzrichtlinie f\u00fcr shop.gericos.trade - Gericos Shop","og_description":"Bei Gericos, erreichbar \u00fcber https:\/\/shop.gericos.trade, ist eine unserer wichtigsten Priorit\u00e4ten die Privatsph\u00e4re unserer Besucher. Dieses Dokument zum Datenschutz enth\u00e4lt die Arten von Informationen, die von Gericos gesammelt und aufgezeichnet werden, und wie wir sie verwenden. Wenn Sie weitere Fragen haben oder mehr Informationen \u00fcber unsere Datenschutzrichtlinie ben\u00f6tigen, z\u00f6gern Sie nicht, uns zu kontaktieren. Unsere Datenschutzrichtlinie [&hellip;]","og_url":"https:\/\/shop.gericos.trade\/de\/datenschutzrichtlinie-fuer-shop-gericos-trade\/","og_site_name":"Gericos Shop","article_modified_time":"2024-11-16T15:51:27+00:00","twitter_card":"summary_large_image","twitter_misc":{"Gesch\u00e4tzte Lesezeit":"4\u00a0Minuten"},"schema":{"@context":"https:\/\/schema.org","@graph":[{"@type":"WebPage","@id":"https:\/\/shop.gericos.trade\/de\/datenschutzrichtlinie-fuer-shop-gericos-trade\/","url":"https:\/\/shop.gericos.trade\/de\/datenschutzrichtlinie-fuer-shop-gericos-trade\/","name":"Datenschutzrichtlinie f\u00fcr shop.gericos.trade - Gericos Shop","isPartOf":{"@id":"https:\/\/shop.gericos.trade\/de\/#website"},"datePublished":"2024-04-12T13:56:11+00:00","dateModified":"2024-11-16T15:51:27+00:00","breadcrumb":{"@id":"https:\/\/shop.gericos.trade\/de\/datenschutzrichtlinie-fuer-shop-gericos-trade\/#breadcrumb"},"inLanguage":"de","potentialAction":[{"@type":"ReadAction","target":["https:\/\/shop.gericos.trade\/de\/datenschutzrichtlinie-fuer-shop-gericos-trade\/"]}]},{"@type":"BreadcrumbList","@id":"https:\/\/shop.gericos.trade\/de\/datenschutzrichtlinie-fuer-shop-gericos-trade\/#breadcrumb","itemListElement":[{"@type":"ListItem","position":1,"name":"Home","item":"https:\/\/shop.gericos.trade\/de\/shop\/"},{"@type":"ListItem","position":2,"name":"Datenschutzrichtlinie f\u00fcr shop.gericos.trade"}]},{"@type":"WebSite","@id":"https:\/\/shop.gericos.trade\/de\/#website","url":"https:\/\/shop.gericos.trade\/de\/","name":"Gericos Shop","description":"Technical tools for the best forex and market performance","publisher":{"@id":"https:\/\/shop.gericos.trade\/de\/#organization"},"potentialAction":[{"@type":"SearchAction","target":{"@type":"EntryPoint","urlTemplate":"https:\/\/shop.gericos.trade\/de\/?s={search_term_string}"},"query-input":{"@type":"PropertyValueSpecification","valueRequired":true,"valueName":"search_term_string"}}],"inLanguage":"de"},{"@type":"Organization","@id":"https:\/\/shop.gericos.trade\/de\/#organization","name":"Gericos Shop","url":"https:\/\/shop.gericos.trade\/de\/","logo":{"@type":"ImageObject","inLanguage":"de","@id":"https:\/\/shop.gericos.trade\/de\/#\/schema\/logo\/image\/","url":"https:\/\/shop.gericos.trade\/wp-content\/uploads\/2024\/04\/medium-res-new.png","contentUrl":"https:\/\/shop.gericos.trade\/wp-content\/uploads\/2024\/04\/medium-res-new.png","width":853,"height":423,"caption":"Gericos Shop"},"image":{"@id":"https:\/\/shop.gericos.trade\/de\/#\/schema\/logo\/image\/"}}]}},"_links":{"self":[{"href":"https:\/\/shop.gericos.trade\/de\/wp-json\/wp\/v2\/pages\/230","targetHints":{"allow":["GET"]}}],"collection":[{"href":"https:\/\/shop.gericos.trade\/de\/wp-json\/wp\/v2\/pages"}],"about":[{"href":"https:\/\/shop.gericos.trade\/de\/wp-json\/wp\/v2\/types\/page"}],"author":[{"embeddable":true,"href":"https:\/\/shop.gericos.trade\/de\/wp-json\/wp\/v2\/users\/1"}],"replies":[{"embeddable":true,"href":"https:\/\/shop.gericos.trade\/de\/wp-json\/wp\/v2\/comments?post=230"}],"version-history":[{"count":1,"href":"https:\/\/shop.gericos.trade\/de\/wp-json\/wp\/v2\/pages\/230\/revisions"}],"predecessor-version":[{"id":232,"href":"https:\/\/shop.gericos.trade\/de\/wp-json\/wp\/v2\/pages\/230\/revisions\/232"}],"wp:attachment":[{"href":"https:\/\/shop.gericos.trade\/de\/wp-json\/wp\/v2\/media?parent=230"}],"curies":[{"name":"wp","href":"https:\/\/api.w.org\/{rel}","templated":true}]}}