{"id":177,"date":"2024-05-15T18:01:24","date_gmt":"2024-05-15T16:01:24","guid":{"rendered":"https:\/\/shop.gericos.trade\/product\/gericosatv\/"},"modified":"2025-06-02T23:59:21","modified_gmt":"2025-06-02T21:59:21","slug":"gericosatv","status":"publish","type":"product","link":"https:\/\/shop.gericos.trade\/de\/product\/gericosatv\/","title":{"rendered":"GericosATV"},"content":{"rendered":"<p>GericosATV ist eine neue Generation von automatischen Handelsrobotern. Er ist auf 28 Paare + GOLD positioniert.<br \/>\nGericosATV verf\u00fcgt \u00fcber verschiedene Schutzmechanismen, um Kapitalverluste so weit wie m\u00f6glich zu begrenzen.<br \/>\nDie Konfiguration des Roboters erfolgt vollautomatisch von einem zentralisierten Server aus, um Ihnen in jedem Zyklus die beste aktuelle Konfiguration zu garantieren. Das ist der Grund, warum dieser Roboter gemietet und nicht verkauft wird, denn seine auf der Aktualisierung der Konfigurationsdaten basierende Arbeitsweise erfordert die Aufrechterhaltung der Infrastruktur und der F\u00e4higkeiten w\u00e4hrend seiner gesamten Lebensdauer. Es ist wichtig zu verstehen, dass dieser Roboter keine Auftr\u00e4ge von der zentralen Plattform kopiert. Nur neue Konfigurationseinstellungen werden von der Plattform dynamisch aktualisiert.<\/p>\n<p>Die Miete des Roboters beinhaltet Updates (das Herunterladen von Updates erfolgt automatisch) und Zugang zum Support per E-Mail und \u00fcber den speziellen Telegram-Kanal.<\/p>\n<p><img data-dominant-color=\"282a26\" data-has-transparency=\"true\" style=\"--dominant-color: #282a26;\" loading=\"lazy\" decoding=\"async\" class=\"alignnone wp-image-316 size-large has-transparency\" src=\"https:\/\/shop.gericos.trade\/wp-content\/uploads\/2024\/05\/GericosATV_Screenshot-1-1024x635.png\" alt=\"\" width=\"980\" height=\"608\" srcset=\"https:\/\/shop.gericos.trade\/wp-content\/uploads\/2024\/05\/GericosATV_Screenshot-1-1024x635.png 1024w, https:\/\/shop.gericos.trade\/wp-content\/uploads\/2024\/05\/GericosATV_Screenshot-1-300x186.png 300w, https:\/\/shop.gericos.trade\/wp-content\/uploads\/2024\/05\/GericosATV_Screenshot-1-768x476.png 768w, https:\/\/shop.gericos.trade\/wp-content\/uploads\/2024\/05\/GericosATV_Screenshot-1-416x258.png 416w, https:\/\/shop.gericos.trade\/wp-content\/uploads\/2024\/05\/GericosATV_Screenshot-1.png 1210w\" sizes=\"auto, (max-width: 980px) 100vw, 980px\" \/><\/p>\n<p>Hier sind die Leistungen f\u00fcr 3 verschiedene Konfigurationen:<\/p>\n<div style=\"width: 100%; display: flex;\">\n<div style=\"width: 33%; padding-right: 5px; padding-left: 5px; background-color: #cacaca;\">1CCS: Aktivieren<br \/>\nDProfit: Aktivieren<br \/>\nLowVol: Aktivieren<br \/>\nGold: Deaktivieren<br \/>\n<a href=\"https:\/\/www.myfxbook.com\/members\/gericos\/gericosatv-lowvol-nogold\/11220249\"><br \/>\n<img decoding=\"async\" src=\"https:\/\/widget.myfxbook.com\/widget\/widget.png?accountOid=11220249&amp;type=6\" alt=\"Widget\"><br \/>\n<\/a><\/div>\n<div style=\"width: 33%; padding-right: 5px; padding-left: 5px; background-color: #a3a3a3;\">1CCS: Aktivieren<br \/>\nDProfit: Aktivieren<br \/>\nLowVol: Deaktivieren<br \/>\nGold: Deaktivieren<br \/>\n<a href=\"https:\/\/www.myfxbook.com\/members\/gericos\/gericosatv-lowvol-gold\/11549299\"><br \/>\n<img decoding=\"async\" src=\"https:\/\/widget.myfxbook.com\/widget\/widget.png?accountOid=11549299&amp;type=6\" alt=\"Widget\"><br \/>\n<\/a><\/div>\n<div style=\"width: 33%; padding-right: 5px; padding-left: 5px; background-color: #cacaca;\">1CCS: Aktivieren<br \/>\nDProfit: Aktivieren<br \/>\nLowVol: Aktivieren<br \/>\nGold: Aktivieren<br \/>\n<a href=\"https:\/\/www.myfxbook.com\/members\/gericos\/gericosatv-nogold\/11220253\"><br \/>\n<img decoding=\"async\" src=\"https:\/\/widget.myfxbook.com\/widget\/widget.png?accountOid=11220253&amp;type=6\" alt=\"Widget\"><br \/>\n<\/a><\/div>\n<\/div>\n<p>Sie k\u00f6nnen auch einige Backtest-Ergebnisse unten einsehen. Alle folgenden Tests werden mit Dukascopy-Ticks (der ber\u00fchmten Schweizer Bank) durchgef\u00fchrt. Die Durchf\u00fchrung dieser Tests ist sehr zeitaufw\u00e4ndig, da alle Ticks jeder W\u00e4hrung analysiert werden m\u00fcssen, um Chancen zu erkennen. Au\u00dferdem ist die bei diesen Tests verwendete Strategie eine generische Strategie. Wie bereits erw\u00e4hnt, kann sich die Konfiguration am Ende jedes Orderzyklus f\u00fcr eine W\u00e4hrung unterscheiden, was dem Backtest-System nicht bekannt ist. Hier geht es vor allem darum, ein allgemeines Beispiel daf\u00fcr zu zeigen, wie EA funktioniert.<\/p>\n<p><a href=\"https:\/\/shop.gericos.trade\/de\/gericosatv-backtest-2023-lowvol-nogold\/\" target=\"_blank\" rel=\"noopener\">BackTest 2023 &#8211; Konfiguration: LowVol: Aktivieren, Gold: Deaktivieren<\/a><br \/>\nWenn Sie sich f\u00fcr dieses Produkt anmelden, werden Sie nach Ihrer IP gefragt. Im Gegenzug erhalten Sie ein Paket mit der letzten Version von EA + Lizenzschl\u00fcssel. Geben Sie den Lizenzschl\u00fcssel nicht weiter: er ist pers\u00f6nlich und funktioniert nur von Ihrer IP-Adresse aus.<br \/>\nWenn Sie keine feste IP oder keinen Server haben, z\u00f6gern Sie nicht, unsere <a href=\"https:\/\/shop.gericos.trade\/de\/produkt-kategorie\/vps-de\/\">VPS-Angebote<\/a> zu konsultieren. Wir k\u00f6nnen auch die Installation f\u00fcr Sie vornehmen.<\/p>\n<p><a href=\"https:\/\/buy.stripe.com\/14k7uv8nb0Bx70Q6oM\">-&gt; Abonnieren Sie mit Stripe &lt;-<\/a><\/p>\n","protected":false},"excerpt":{"rendered":"<p>GericosATV ist eine neue Generation von automatischen Handelsrobotern. Er ist auf 28 Paare + GOLD positioniert. GericosATV verf\u00fcgt \u00fcber verschiedene Schutzmechanismen, um Kapitalverluste so weit wie m\u00f6glich zu begrenzen. Die Konfiguration des Roboters erfolgt vollautomatisch von einem zentralisierten Server aus, um Ihnen in jedem Zyklus die beste aktuelle Konfiguration zu garantieren. Das ist der Grund, [&hellip;]<\/p>\n","protected":false},"featured_media":150,"template":"","meta":[],"product_brand":[],"product_cat":[41],"product_tag":[],"class_list":{"0":"post-177","1":"product","2":"type-product","3":"status-publish","4":"has-post-thumbnail","6":"product_cat-expert-advisor-ea-de","8":"first","9":"instock","10":"virtual","11":"purchasable","12":"product-type-simple"},"yoast_head":"<!-- This site is optimized with the Yoast SEO plugin v27.4 - https:\/\/yoast.com\/product\/yoast-seo-wordpress\/ -->\n<title>GericosATV - Gericos Shop<\/title>\n<meta name=\"description\" content=\"GericosATV, ein EA f\u00fcr MT5, der Ihnen helfen wird, an den Finanzm\u00e4rkten (Forex) Geld zu verdienen und dabei Ihr Kapital zu schonen.\" \/>\n<meta name=\"robots\" content=\"index, follow, max-snippet:-1, max-image-preview:large, max-video-preview:-1\" \/>\n<link rel=\"canonical\" href=\"https:\/\/shop.gericos.trade\/de\/product\/gericosatv\/\" \/>\n<meta property=\"og:locale\" content=\"de_DE\" \/>\n<meta property=\"og:type\" content=\"article\" \/>\n<meta property=\"og:title\" content=\"GericosATV - Gericos Shop\" \/>\n<meta property=\"og:description\" content=\"GericosATV, ein EA f\u00fcr MT5, der Ihnen helfen wird, an den Finanzm\u00e4rkten (Forex) Geld zu verdienen und dabei Ihr Kapital zu schonen.\" \/>\n<meta property=\"og:url\" content=\"https:\/\/shop.gericos.trade\/de\/product\/gericosatv\/\" \/>\n<meta property=\"og:site_name\" content=\"Gericos Shop\" \/>\n<meta property=\"article:modified_time\" content=\"2025-06-02T21:59:21+00:00\" \/>\n<meta property=\"og:image\" content=\"https:\/\/shop.gericos.trade\/wp-content\/uploads\/2024\/05\/download-873x938-1.png\" \/>\n\t<meta property=\"og:image:width\" content=\"873\" \/>\n\t<meta property=\"og:image:height\" content=\"938\" \/>\n\t<meta property=\"og:image:type\" content=\"image\/png\" \/>\n<meta name=\"twitter:card\" content=\"summary_large_image\" \/>\n<meta name=\"twitter:label1\" content=\"Gesch\u00e4tzte Lesezeit\" \/>\n\t<meta name=\"twitter:data1\" content=\"2\u00a0Minuten\" \/>\n<script type=\"application\/ld+json\" class=\"yoast-schema-graph\">{\"@context\":\"https:\\\/\\\/schema.org\",\"@graph\":[{\"@type\":\"WebPage\",\"@id\":\"https:\\\/\\\/shop.gericos.trade\\\/de\\\/product\\\/gericosatv\\\/\",\"url\":\"https:\\\/\\\/shop.gericos.trade\\\/de\\\/product\\\/gericosatv\\\/\",\"name\":\"GericosATV - Gericos Shop\",\"isPartOf\":{\"@id\":\"https:\\\/\\\/shop.gericos.trade\\\/de\\\/#website\"},\"primaryImageOfPage\":{\"@id\":\"https:\\\/\\\/shop.gericos.trade\\\/de\\\/product\\\/gericosatv\\\/#primaryimage\"},\"image\":{\"@id\":\"https:\\\/\\\/shop.gericos.trade\\\/de\\\/product\\\/gericosatv\\\/#primaryimage\"},\"thumbnailUrl\":\"https:\\\/\\\/shop.gericos.trade\\\/wp-content\\\/uploads\\\/2024\\\/05\\\/download-873x938-1.png\",\"datePublished\":\"2024-05-15T16:01:24+00:00\",\"dateModified\":\"2025-06-02T21:59:21+00:00\",\"description\":\"GericosATV, ein EA f\u00fcr MT5, der Ihnen helfen wird, an den Finanzm\u00e4rkten (Forex) Geld zu verdienen und dabei Ihr Kapital zu schonen.\",\"breadcrumb\":{\"@id\":\"https:\\\/\\\/shop.gericos.trade\\\/de\\\/product\\\/gericosatv\\\/#breadcrumb\"},\"inLanguage\":\"de\",\"potentialAction\":[{\"@type\":\"ReadAction\",\"target\":[\"https:\\\/\\\/shop.gericos.trade\\\/de\\\/product\\\/gericosatv\\\/\"]}]},{\"@type\":\"ImageObject\",\"inLanguage\":\"de\",\"@id\":\"https:\\\/\\\/shop.gericos.trade\\\/de\\\/product\\\/gericosatv\\\/#primaryimage\",\"url\":\"https:\\\/\\\/shop.gericos.trade\\\/wp-content\\\/uploads\\\/2024\\\/05\\\/download-873x938-1.png\",\"contentUrl\":\"https:\\\/\\\/shop.gericos.trade\\\/wp-content\\\/uploads\\\/2024\\\/05\\\/download-873x938-1.png\",\"width\":873,\"height\":938},{\"@type\":\"BreadcrumbList\",\"@id\":\"https:\\\/\\\/shop.gericos.trade\\\/de\\\/product\\\/gericosatv\\\/#breadcrumb\",\"itemListElement\":[{\"@type\":\"ListItem\",\"position\":1,\"name\":\"Home\",\"item\":\"https:\\\/\\\/shop.gericos.trade\\\/de\\\/shop\\\/\"},{\"@type\":\"ListItem\",\"position\":2,\"name\":\"Shop\",\"item\":\"https:\\\/\\\/shop.gericos.trade\\\/de\\\/shop\\\/\"},{\"@type\":\"ListItem\",\"position\":3,\"name\":\"GericosATV\"}]},{\"@type\":\"WebSite\",\"@id\":\"https:\\\/\\\/shop.gericos.trade\\\/de\\\/#website\",\"url\":\"https:\\\/\\\/shop.gericos.trade\\\/de\\\/\",\"name\":\"Gericos Shop\",\"description\":\"Technical tools for the best forex and market performance\",\"publisher\":{\"@id\":\"https:\\\/\\\/shop.gericos.trade\\\/de\\\/#organization\"},\"potentialAction\":[{\"@type\":\"SearchAction\",\"target\":{\"@type\":\"EntryPoint\",\"urlTemplate\":\"https:\\\/\\\/shop.gericos.trade\\\/de\\\/?s={search_term_string}\"},\"query-input\":{\"@type\":\"PropertyValueSpecification\",\"valueRequired\":true,\"valueName\":\"search_term_string\"}}],\"inLanguage\":\"de\"},{\"@type\":\"Organization\",\"@id\":\"https:\\\/\\\/shop.gericos.trade\\\/de\\\/#organization\",\"name\":\"Gericos Shop\",\"url\":\"https:\\\/\\\/shop.gericos.trade\\\/de\\\/\",\"logo\":{\"@type\":\"ImageObject\",\"inLanguage\":\"de\",\"@id\":\"https:\\\/\\\/shop.gericos.trade\\\/de\\\/#\\\/schema\\\/logo\\\/image\\\/\",\"url\":\"https:\\\/\\\/shop.gericos.trade\\\/wp-content\\\/uploads\\\/2024\\\/04\\\/medium-res-new.png\",\"contentUrl\":\"https:\\\/\\\/shop.gericos.trade\\\/wp-content\\\/uploads\\\/2024\\\/04\\\/medium-res-new.png\",\"width\":853,\"height\":423,\"caption\":\"Gericos Shop\"},\"image\":{\"@id\":\"https:\\\/\\\/shop.gericos.trade\\\/de\\\/#\\\/schema\\\/logo\\\/image\\\/\"}}]}<\/script>\n<!-- \/ Yoast SEO plugin. -->","yoast_head_json":{"title":"GericosATV - Gericos Shop","description":"GericosATV, ein EA f\u00fcr MT5, der Ihnen helfen wird, an den Finanzm\u00e4rkten (Forex) Geld zu verdienen und dabei Ihr Kapital zu schonen.","robots":{"index":"index","follow":"follow","max-snippet":"max-snippet:-1","max-image-preview":"max-image-preview:large","max-video-preview":"max-video-preview:-1"},"canonical":"https:\/\/shop.gericos.trade\/de\/product\/gericosatv\/","og_locale":"de_DE","og_type":"article","og_title":"GericosATV - Gericos Shop","og_description":"GericosATV, ein EA f\u00fcr MT5, der Ihnen helfen wird, an den Finanzm\u00e4rkten (Forex) Geld zu verdienen und dabei Ihr Kapital zu schonen.","og_url":"https:\/\/shop.gericos.trade\/de\/product\/gericosatv\/","og_site_name":"Gericos Shop","article_modified_time":"2025-06-02T21:59:21+00:00","og_image":[{"width":873,"height":938,"url":"https:\/\/shop.gericos.trade\/wp-content\/uploads\/2024\/05\/download-873x938-1.png","type":"image\/png"}],"twitter_card":"summary_large_image","twitter_misc":{"Gesch\u00e4tzte Lesezeit":"2\u00a0Minuten"},"schema":{"@context":"https:\/\/schema.org","@graph":[{"@type":"WebPage","@id":"https:\/\/shop.gericos.trade\/de\/product\/gericosatv\/","url":"https:\/\/shop.gericos.trade\/de\/product\/gericosatv\/","name":"GericosATV - Gericos Shop","isPartOf":{"@id":"https:\/\/shop.gericos.trade\/de\/#website"},"primaryImageOfPage":{"@id":"https:\/\/shop.gericos.trade\/de\/product\/gericosatv\/#primaryimage"},"image":{"@id":"https:\/\/shop.gericos.trade\/de\/product\/gericosatv\/#primaryimage"},"thumbnailUrl":"https:\/\/shop.gericos.trade\/wp-content\/uploads\/2024\/05\/download-873x938-1.png","datePublished":"2024-05-15T16:01:24+00:00","dateModified":"2025-06-02T21:59:21+00:00","description":"GericosATV, ein EA f\u00fcr MT5, der Ihnen helfen wird, an den Finanzm\u00e4rkten (Forex) Geld zu verdienen und dabei Ihr Kapital zu schonen.","breadcrumb":{"@id":"https:\/\/shop.gericos.trade\/de\/product\/gericosatv\/#breadcrumb"},"inLanguage":"de","potentialAction":[{"@type":"ReadAction","target":["https:\/\/shop.gericos.trade\/de\/product\/gericosatv\/"]}]},{"@type":"ImageObject","inLanguage":"de","@id":"https:\/\/shop.gericos.trade\/de\/product\/gericosatv\/#primaryimage","url":"https:\/\/shop.gericos.trade\/wp-content\/uploads\/2024\/05\/download-873x938-1.png","contentUrl":"https:\/\/shop.gericos.trade\/wp-content\/uploads\/2024\/05\/download-873x938-1.png","width":873,"height":938},{"@type":"BreadcrumbList","@id":"https:\/\/shop.gericos.trade\/de\/product\/gericosatv\/#breadcrumb","itemListElement":[{"@type":"ListItem","position":1,"name":"Home","item":"https:\/\/shop.gericos.trade\/de\/shop\/"},{"@type":"ListItem","position":2,"name":"Shop","item":"https:\/\/shop.gericos.trade\/de\/shop\/"},{"@type":"ListItem","position":3,"name":"GericosATV"}]},{"@type":"WebSite","@id":"https:\/\/shop.gericos.trade\/de\/#website","url":"https:\/\/shop.gericos.trade\/de\/","name":"Gericos Shop","description":"Technical tools for the best forex and market performance","publisher":{"@id":"https:\/\/shop.gericos.trade\/de\/#organization"},"potentialAction":[{"@type":"SearchAction","target":{"@type":"EntryPoint","urlTemplate":"https:\/\/shop.gericos.trade\/de\/?s={search_term_string}"},"query-input":{"@type":"PropertyValueSpecification","valueRequired":true,"valueName":"search_term_string"}}],"inLanguage":"de"},{"@type":"Organization","@id":"https:\/\/shop.gericos.trade\/de\/#organization","name":"Gericos Shop","url":"https:\/\/shop.gericos.trade\/de\/","logo":{"@type":"ImageObject","inLanguage":"de","@id":"https:\/\/shop.gericos.trade\/de\/#\/schema\/logo\/image\/","url":"https:\/\/shop.gericos.trade\/wp-content\/uploads\/2024\/04\/medium-res-new.png","contentUrl":"https:\/\/shop.gericos.trade\/wp-content\/uploads\/2024\/04\/medium-res-new.png","width":853,"height":423,"caption":"Gericos Shop"},"image":{"@id":"https:\/\/shop.gericos.trade\/de\/#\/schema\/logo\/image\/"}}]}},"_links":{"self":[{"href":"https:\/\/shop.gericos.trade\/de\/wp-json\/wp\/v2\/product\/177","targetHints":{"allow":["GET"]}}],"collection":[{"href":"https:\/\/shop.gericos.trade\/de\/wp-json\/wp\/v2\/product"}],"about":[{"href":"https:\/\/shop.gericos.trade\/de\/wp-json\/wp\/v2\/types\/product"}],"wp:featuredmedia":[{"embeddable":true,"href":"https:\/\/shop.gericos.trade\/de\/wp-json\/wp\/v2\/media\/150"}],"wp:attachment":[{"href":"https:\/\/shop.gericos.trade\/de\/wp-json\/wp\/v2\/media?parent=177"}],"wp:term":[{"taxonomy":"product_brand","embeddable":true,"href":"https:\/\/shop.gericos.trade\/de\/wp-json\/wp\/v2\/product_brand?post=177"},{"taxonomy":"product_cat","embeddable":true,"href":"https:\/\/shop.gericos.trade\/de\/wp-json\/wp\/v2\/product_cat?post=177"},{"taxonomy":"product_tag","embeddable":true,"href":"https:\/\/shop.gericos.trade\/de\/wp-json\/wp\/v2\/product_tag?post=177"}],"curies":[{"name":"wp","href":"https:\/\/api.w.org\/{rel}","templated":true}]}}