{"id":184,"date":"2024-04-12T20:24:39","date_gmt":"2024-04-12T18:24:39","guid":{"rendered":"https:\/\/shop.gericos.trade\/product\/gesicherter-rdp-verwaltungszugang\/"},"modified":"2024-11-16T17:52:24","modified_gmt":"2024-11-16T16:52:24","slug":"gesicherter-rdp-verwaltungszugang","status":"publish","type":"product","link":"https:\/\/shop.gericos.trade\/de\/product\/gesicherter-rdp-verwaltungszugang\/","title":{"rendered":"Gesicherter RDP-Verwaltungszugang"},"content":{"rendered":"<p>Windows-Server im Internet werden h\u00e4ufig \u00fcber den RDP-Port angegriffen, unabh\u00e4ngig davon, ob es sich um einen Standard-Port handelt oder nicht.<br \/>\nDieser Dienst dient zur dynamischen Aktualisierung der Firewall Ihres Windows-Servers\/VPS anhand einer Liste von IPs, die nur Sie \u00e4ndern k\u00f6nnen.<\/p>\n<p>Dieser Service ist nativ in Gericos VPS-Server integriert.<\/p>\n<p>Sobald Sie den Dienst abonniert haben, senden Sie die statische IP-Adresse Ihres Servers an contact@gericos.trade. Im Gegenzug senden wir Ihnen die Installationsdatei und Ihre Anmeldedaten zur Verwaltung der Liste der Hosts, die sich mit Ihrem Server verbinden d\u00fcrfen.<\/p>\n<p><strong>Wichtig<\/strong>! W\u00e4hlen Sie diese Option nicht, wenn Sie keine statische IP-Adresse haben.<\/p>\n<p><a href=\"https:\/\/www.paypal.com\/webapps\/billing\/plans\/subscribe?plan_id=P-73G23473WP906773SMYMY5LI\" target=\"_blank\" rel=\"noopener\">-&gt; Abonnieren Sie mit PayPal &lt;-<\/a><\/p>\n<p><a href=\"https:\/\/buy.stripe.com\/eVa7uvgTHgAv2KAbJ3\" target=\"_blank\" rel=\"noopener\">-&gt; Abonnieren Sie mit Stripe &lt;-<\/a><\/p>\n","protected":false},"excerpt":{"rendered":"<p>Windows-Server im Internet werden h\u00e4ufig \u00fcber den RDP-Port angegriffen, unabh\u00e4ngig davon, ob es sich um einen Standard-Port handelt oder nicht. Dieser Dienst dient zur dynamischen Aktualisierung der Firewall Ihres Windows-Servers\/VPS anhand einer Liste von IPs, die nur Sie \u00e4ndern k\u00f6nnen. Dieser Service ist nativ in Gericos VPS-Server integriert. Sobald Sie den Dienst abonniert haben, senden [&hellip;]<\/p>\n","protected":false},"featured_media":376,"template":"","meta":[],"product_brand":[],"product_cat":[44],"product_tag":[],"class_list":{"0":"post-184","1":"product","2":"type-product","3":"status-publish","4":"has-post-thumbnail","6":"product_cat-dienstleistungen","8":"first","9":"instock","10":"virtual","11":"purchasable","12":"product-type-simple"},"yoast_head":"<!-- This site is optimized with the Yoast SEO plugin v27.4 - https:\/\/yoast.com\/product\/yoast-seo-wordpress\/ -->\n<title>Gesicherter RDP-Verwaltungszugang - Gericos Shop<\/title>\n<meta name=\"description\" content=\"Dieser Dienst aktualisiert dynamisch die Firewall Ihres Windows-Servers\/VPS, um den RDP-Port zu sch\u00fctzen, wobei eine anpassbare IP-Liste f\u00fcr verbesserte Sicherheit verwendet wird.\" \/>\n<meta name=\"robots\" content=\"index, follow, max-snippet:-1, max-image-preview:large, max-video-preview:-1\" \/>\n<link rel=\"canonical\" href=\"https:\/\/shop.gericos.trade\/de\/product\/gesicherter-rdp-verwaltungszugang\/\" \/>\n<meta property=\"og:locale\" content=\"de_DE\" \/>\n<meta property=\"og:type\" content=\"article\" \/>\n<meta property=\"og:title\" content=\"Gesicherter RDP-Verwaltungszugang - Gericos Shop\" \/>\n<meta property=\"og:description\" content=\"Dieser Dienst aktualisiert dynamisch die Firewall Ihres Windows-Servers\/VPS, um den RDP-Port zu sch\u00fctzen, wobei eine anpassbare IP-Liste f\u00fcr verbesserte Sicherheit verwendet wird.\" \/>\n<meta property=\"og:url\" content=\"https:\/\/shop.gericos.trade\/de\/product\/gesicherter-rdp-verwaltungszugang\/\" \/>\n<meta property=\"og:site_name\" content=\"Gericos Shop\" \/>\n<meta property=\"article:modified_time\" content=\"2024-11-16T16:52:24+00:00\" \/>\n<meta property=\"og:image\" content=\"https:\/\/shop.gericos.trade\/wp-content\/uploads\/2024\/04\/product_RDP.png\" \/>\n\t<meta property=\"og:image:width\" content=\"296\" \/>\n\t<meta property=\"og:image:height\" content=\"318\" \/>\n\t<meta property=\"og:image:type\" content=\"image\/png\" \/>\n<meta name=\"twitter:card\" content=\"summary_large_image\" \/>\n<meta name=\"twitter:label1\" content=\"Gesch\u00e4tzte Lesezeit\" \/>\n\t<meta name=\"twitter:data1\" content=\"1\u00a0Minute\" \/>\n<script type=\"application\/ld+json\" class=\"yoast-schema-graph\">{\"@context\":\"https:\\\/\\\/schema.org\",\"@graph\":[{\"@type\":\"WebPage\",\"@id\":\"https:\\\/\\\/shop.gericos.trade\\\/de\\\/product\\\/gesicherter-rdp-verwaltungszugang\\\/\",\"url\":\"https:\\\/\\\/shop.gericos.trade\\\/de\\\/product\\\/gesicherter-rdp-verwaltungszugang\\\/\",\"name\":\"Gesicherter RDP-Verwaltungszugang - Gericos Shop\",\"isPartOf\":{\"@id\":\"https:\\\/\\\/shop.gericos.trade\\\/de\\\/#website\"},\"primaryImageOfPage\":{\"@id\":\"https:\\\/\\\/shop.gericos.trade\\\/de\\\/product\\\/gesicherter-rdp-verwaltungszugang\\\/#primaryimage\"},\"image\":{\"@id\":\"https:\\\/\\\/shop.gericos.trade\\\/de\\\/product\\\/gesicherter-rdp-verwaltungszugang\\\/#primaryimage\"},\"thumbnailUrl\":\"https:\\\/\\\/shop.gericos.trade\\\/wp-content\\\/uploads\\\/2025\\\/06\\\/SecureRDP.jpg\",\"datePublished\":\"2024-04-12T18:24:39+00:00\",\"dateModified\":\"2024-11-16T16:52:24+00:00\",\"description\":\"Dieser Dienst aktualisiert dynamisch die Firewall Ihres Windows-Servers\\\/VPS, um den RDP-Port zu sch\u00fctzen, wobei eine anpassbare IP-Liste f\u00fcr verbesserte Sicherheit verwendet wird.\",\"breadcrumb\":{\"@id\":\"https:\\\/\\\/shop.gericos.trade\\\/de\\\/product\\\/gesicherter-rdp-verwaltungszugang\\\/#breadcrumb\"},\"inLanguage\":\"de\",\"potentialAction\":[{\"@type\":\"ReadAction\",\"target\":[\"https:\\\/\\\/shop.gericos.trade\\\/de\\\/product\\\/gesicherter-rdp-verwaltungszugang\\\/\"]}]},{\"@type\":\"ImageObject\",\"inLanguage\":\"de\",\"@id\":\"https:\\\/\\\/shop.gericos.trade\\\/de\\\/product\\\/gesicherter-rdp-verwaltungszugang\\\/#primaryimage\",\"url\":\"https:\\\/\\\/shop.gericos.trade\\\/wp-content\\\/uploads\\\/2025\\\/06\\\/SecureRDP.jpg\",\"contentUrl\":\"https:\\\/\\\/shop.gericos.trade\\\/wp-content\\\/uploads\\\/2025\\\/06\\\/SecureRDP.jpg\",\"width\":2048,\"height\":2048},{\"@type\":\"BreadcrumbList\",\"@id\":\"https:\\\/\\\/shop.gericos.trade\\\/de\\\/product\\\/gesicherter-rdp-verwaltungszugang\\\/#breadcrumb\",\"itemListElement\":[{\"@type\":\"ListItem\",\"position\":1,\"name\":\"Home\",\"item\":\"https:\\\/\\\/shop.gericos.trade\\\/de\\\/shop\\\/\"},{\"@type\":\"ListItem\",\"position\":2,\"name\":\"Shop\",\"item\":\"https:\\\/\\\/shop.gericos.trade\\\/de\\\/shop\\\/\"},{\"@type\":\"ListItem\",\"position\":3,\"name\":\"Gesicherter RDP-Verwaltungszugang\"}]},{\"@type\":\"WebSite\",\"@id\":\"https:\\\/\\\/shop.gericos.trade\\\/de\\\/#website\",\"url\":\"https:\\\/\\\/shop.gericos.trade\\\/de\\\/\",\"name\":\"Gericos Shop\",\"description\":\"Technical tools for the best forex and market performance\",\"publisher\":{\"@id\":\"https:\\\/\\\/shop.gericos.trade\\\/de\\\/#organization\"},\"potentialAction\":[{\"@type\":\"SearchAction\",\"target\":{\"@type\":\"EntryPoint\",\"urlTemplate\":\"https:\\\/\\\/shop.gericos.trade\\\/de\\\/?s={search_term_string}\"},\"query-input\":{\"@type\":\"PropertyValueSpecification\",\"valueRequired\":true,\"valueName\":\"search_term_string\"}}],\"inLanguage\":\"de\"},{\"@type\":\"Organization\",\"@id\":\"https:\\\/\\\/shop.gericos.trade\\\/de\\\/#organization\",\"name\":\"Gericos Shop\",\"url\":\"https:\\\/\\\/shop.gericos.trade\\\/de\\\/\",\"logo\":{\"@type\":\"ImageObject\",\"inLanguage\":\"de\",\"@id\":\"https:\\\/\\\/shop.gericos.trade\\\/de\\\/#\\\/schema\\\/logo\\\/image\\\/\",\"url\":\"https:\\\/\\\/shop.gericos.trade\\\/wp-content\\\/uploads\\\/2024\\\/04\\\/medium-res-new.png\",\"contentUrl\":\"https:\\\/\\\/shop.gericos.trade\\\/wp-content\\\/uploads\\\/2024\\\/04\\\/medium-res-new.png\",\"width\":853,\"height\":423,\"caption\":\"Gericos Shop\"},\"image\":{\"@id\":\"https:\\\/\\\/shop.gericos.trade\\\/de\\\/#\\\/schema\\\/logo\\\/image\\\/\"}}]}<\/script>\n<!-- \/ Yoast SEO plugin. -->","yoast_head_json":{"title":"Gesicherter RDP-Verwaltungszugang - Gericos Shop","description":"Dieser Dienst aktualisiert dynamisch die Firewall Ihres Windows-Servers\/VPS, um den RDP-Port zu sch\u00fctzen, wobei eine anpassbare IP-Liste f\u00fcr verbesserte Sicherheit verwendet wird.","robots":{"index":"index","follow":"follow","max-snippet":"max-snippet:-1","max-image-preview":"max-image-preview:large","max-video-preview":"max-video-preview:-1"},"canonical":"https:\/\/shop.gericos.trade\/de\/product\/gesicherter-rdp-verwaltungszugang\/","og_locale":"de_DE","og_type":"article","og_title":"Gesicherter RDP-Verwaltungszugang - Gericos Shop","og_description":"Dieser Dienst aktualisiert dynamisch die Firewall Ihres Windows-Servers\/VPS, um den RDP-Port zu sch\u00fctzen, wobei eine anpassbare IP-Liste f\u00fcr verbesserte Sicherheit verwendet wird.","og_url":"https:\/\/shop.gericos.trade\/de\/product\/gesicherter-rdp-verwaltungszugang\/","og_site_name":"Gericos Shop","article_modified_time":"2024-11-16T16:52:24+00:00","og_image":[{"width":296,"height":318,"url":"https:\/\/shop.gericos.trade\/wp-content\/uploads\/2024\/04\/product_RDP.png","type":"image\/png"}],"twitter_card":"summary_large_image","twitter_misc":{"Gesch\u00e4tzte Lesezeit":"1\u00a0Minute"},"schema":{"@context":"https:\/\/schema.org","@graph":[{"@type":"WebPage","@id":"https:\/\/shop.gericos.trade\/de\/product\/gesicherter-rdp-verwaltungszugang\/","url":"https:\/\/shop.gericos.trade\/de\/product\/gesicherter-rdp-verwaltungszugang\/","name":"Gesicherter RDP-Verwaltungszugang - Gericos Shop","isPartOf":{"@id":"https:\/\/shop.gericos.trade\/de\/#website"},"primaryImageOfPage":{"@id":"https:\/\/shop.gericos.trade\/de\/product\/gesicherter-rdp-verwaltungszugang\/#primaryimage"},"image":{"@id":"https:\/\/shop.gericos.trade\/de\/product\/gesicherter-rdp-verwaltungszugang\/#primaryimage"},"thumbnailUrl":"https:\/\/shop.gericos.trade\/wp-content\/uploads\/2025\/06\/SecureRDP.jpg","datePublished":"2024-04-12T18:24:39+00:00","dateModified":"2024-11-16T16:52:24+00:00","description":"Dieser Dienst aktualisiert dynamisch die Firewall Ihres Windows-Servers\/VPS, um den RDP-Port zu sch\u00fctzen, wobei eine anpassbare IP-Liste f\u00fcr verbesserte Sicherheit verwendet wird.","breadcrumb":{"@id":"https:\/\/shop.gericos.trade\/de\/product\/gesicherter-rdp-verwaltungszugang\/#breadcrumb"},"inLanguage":"de","potentialAction":[{"@type":"ReadAction","target":["https:\/\/shop.gericos.trade\/de\/product\/gesicherter-rdp-verwaltungszugang\/"]}]},{"@type":"ImageObject","inLanguage":"de","@id":"https:\/\/shop.gericos.trade\/de\/product\/gesicherter-rdp-verwaltungszugang\/#primaryimage","url":"https:\/\/shop.gericos.trade\/wp-content\/uploads\/2025\/06\/SecureRDP.jpg","contentUrl":"https:\/\/shop.gericos.trade\/wp-content\/uploads\/2025\/06\/SecureRDP.jpg","width":2048,"height":2048},{"@type":"BreadcrumbList","@id":"https:\/\/shop.gericos.trade\/de\/product\/gesicherter-rdp-verwaltungszugang\/#breadcrumb","itemListElement":[{"@type":"ListItem","position":1,"name":"Home","item":"https:\/\/shop.gericos.trade\/de\/shop\/"},{"@type":"ListItem","position":2,"name":"Shop","item":"https:\/\/shop.gericos.trade\/de\/shop\/"},{"@type":"ListItem","position":3,"name":"Gesicherter RDP-Verwaltungszugang"}]},{"@type":"WebSite","@id":"https:\/\/shop.gericos.trade\/de\/#website","url":"https:\/\/shop.gericos.trade\/de\/","name":"Gericos Shop","description":"Technical tools for the best forex and market performance","publisher":{"@id":"https:\/\/shop.gericos.trade\/de\/#organization"},"potentialAction":[{"@type":"SearchAction","target":{"@type":"EntryPoint","urlTemplate":"https:\/\/shop.gericos.trade\/de\/?s={search_term_string}"},"query-input":{"@type":"PropertyValueSpecification","valueRequired":true,"valueName":"search_term_string"}}],"inLanguage":"de"},{"@type":"Organization","@id":"https:\/\/shop.gericos.trade\/de\/#organization","name":"Gericos Shop","url":"https:\/\/shop.gericos.trade\/de\/","logo":{"@type":"ImageObject","inLanguage":"de","@id":"https:\/\/shop.gericos.trade\/de\/#\/schema\/logo\/image\/","url":"https:\/\/shop.gericos.trade\/wp-content\/uploads\/2024\/04\/medium-res-new.png","contentUrl":"https:\/\/shop.gericos.trade\/wp-content\/uploads\/2024\/04\/medium-res-new.png","width":853,"height":423,"caption":"Gericos Shop"},"image":{"@id":"https:\/\/shop.gericos.trade\/de\/#\/schema\/logo\/image\/"}}]}},"_links":{"self":[{"href":"https:\/\/shop.gericos.trade\/de\/wp-json\/wp\/v2\/product\/184","targetHints":{"allow":["GET"]}}],"collection":[{"href":"https:\/\/shop.gericos.trade\/de\/wp-json\/wp\/v2\/product"}],"about":[{"href":"https:\/\/shop.gericos.trade\/de\/wp-json\/wp\/v2\/types\/product"}],"wp:featuredmedia":[{"embeddable":true,"href":"https:\/\/shop.gericos.trade\/de\/wp-json\/wp\/v2\/media\/376"}],"wp:attachment":[{"href":"https:\/\/shop.gericos.trade\/de\/wp-json\/wp\/v2\/media?parent=184"}],"wp:term":[{"taxonomy":"product_brand","embeddable":true,"href":"https:\/\/shop.gericos.trade\/de\/wp-json\/wp\/v2\/product_brand?post=184"},{"taxonomy":"product_cat","embeddable":true,"href":"https:\/\/shop.gericos.trade\/de\/wp-json\/wp\/v2\/product_cat?post=184"},{"taxonomy":"product_tag","embeddable":true,"href":"https:\/\/shop.gericos.trade\/de\/wp-json\/wp\/v2\/product_tag?post=184"}],"curies":[{"name":"wp","href":"https:\/\/api.w.org\/{rel}","templated":true}]}}