{"id":226,"date":"2024-04-12T15:56:11","date_gmt":"2024-04-12T13:56:11","guid":{"rendered":"https:\/\/shop.gericos.trade\/politica-de-privacidad-de-shop-gericos-trade\/"},"modified":"2024-11-16T16:51:27","modified_gmt":"2024-11-16T15:51:27","slug":"politica-de-privacidad-de-shop-gericos-trade","status":"publish","type":"page","link":"https:\/\/shop.gericos.trade\/es\/politica-de-privacidad-de-shop-gericos-trade\/","title":{"rendered":"Pol\u00edtica de privacidad de shop.gericos.trade"},"content":{"rendered":"\n<p>En Gericos, accesible desde https:\/\/shop.gericos.trade, una de nuestras principales prioridades es la privacidad de nuestros visitantes. Este documento de Pol\u00edtica de Privacidad contiene los tipos de informaci\u00f3n que recoge y registra Gericos y c\u00f3mo la utilizamos. <\/p>\n\n<p>Si tienes m\u00e1s preguntas o necesitas m\u00e1s informaci\u00f3n sobre nuestra Pol\u00edtica de privacidad, no dudes en ponerte en contacto con nosotros. Nuestra Pol\u00edtica de Privacidad fue creada con la ayuda del <a href=\"https:\/\/www.generateprivacypolicy.com\/\">Generador de Pol\u00edtica de Privacidad<\/a>. <\/p>\n\n<h2>Archivos de registro<\/h2>\n\n<p>Gericos sigue un procedimiento est\u00e1ndar de utilizaci\u00f3n de archivos de registro. Estos archivos registran a los visitantes cuando visitan los sitios web. Todas las empresas de alojamiento hacen esto y forma parte de los an\u00e1lisis de los servicios de alojamiento. La informaci\u00f3n recogida por los archivos de registro incluye direcciones de protocolo de Internet (IP), tipo de navegador, proveedor de servicios de Internet (ISP), fecha y hora, p\u00e1ginas de referencia\/salida y, posiblemente, el n\u00famero de clics. \u00c9stos no est\u00e1n vinculados a ninguna informaci\u00f3n que sea personalmente identificable. La finalidad de la informaci\u00f3n es analizar tendencias, administrar el sitio, seguir los movimientos de los usuarios en el sitio web y recopilar informaci\u00f3n demogr\u00e1fica.     <\/p>\n\n<h2>Cookies y balizas web<\/h2>\n\n<p>Como cualquier otro sitio web, Gericos utiliza \u00abcookies\u00bb. Estas cookies se utilizan para almacenar informaci\u00f3n, incluidas las preferencias de los visitantes y las p\u00e1ginas del sitio web a las que el visitante accedi\u00f3 o visit\u00f3. La informaci\u00f3n se utiliza para optimizar la experiencia de los usuarios personalizando el contenido de nuestra p\u00e1gina web en funci\u00f3n del tipo de navegador de los visitantes y\/u otra informaci\u00f3n.  <\/p>\n\n<h2>Cookie DART de DoubleClick de Google<\/h2>\n\n<p>Google es uno de los proveedores externos de nuestro sitio. Tambi\u00e9n utiliza cookies, conocidas como cookies DART, para publicar anuncios a los visitantes de nuestro sitio en funci\u00f3n de su visita a www.website.com y a otros sitios de Internet. Sin embargo, los visitantes pueden optar por rechazar el uso de cookies DART visitando la Pol\u00edtica de Privacidad de la red de anuncios y contenidos de Google en la siguiente URL &#8211; <a href=\"https:\/\/policies.google.com\/technologies\/ads\">https:\/\/policies.google.com\/technologies\/ads<\/a>  <\/p>\n\n<h2>Nuestros socios publicitarios<\/h2>\n\n<p>Algunos de los anunciantes de nuestro sitio pueden utilizar cookies y balizas web. Nuestros socios publicitarios se enumeran a continuaci\u00f3n. Cada uno de nuestros socios publicitarios tiene su propia Pol\u00edtica de Privacidad para sus pol\u00edticas sobre los datos de los usuarios. Para facilitar el acceso, a continuaci\u00f3n incluimos un hiperv\u00ednculo a sus Pol\u00edticas de Privacidad.   <\/p>\n\n<ul>\n    <li>\n        <p>Google<\/p>\n        <p><a href=\"https:\/\/policies.google.com\/technologies\/ads\">https:\/\/policies.google.com\/technologies\/ads<\/a><\/p>\n    <\/li>\n<\/ul>\n\n<h2>Pol\u00edticas de privacidad<\/h2>\n\n<p>Puedes consultar esta lista para encontrar la Pol\u00edtica de Privacidad de cada uno de los socios publicitarios de Gericos.<\/p>\n\n<p>Los servidores o redes publicitarias de terceros utilizan tecnolog\u00edas como cookies, JavaScript o Web Beacons que se utilizan en sus respectivos anuncios y enlaces que aparecen en Gericos, y que se env\u00edan directamente al navegador de los usuarios. Reciben autom\u00e1ticamente tu direcci\u00f3n IP cuando esto ocurre. Estas tecnolog\u00edas se utilizan para medir la eficacia de sus campa\u00f1as publicitarias y\/o para personalizar el contenido publicitario que ves en los sitios web que visitas.  <\/p>\n\n<p>Ten en cuenta que Gericos no tiene acceso ni control sobre estas cookies que son utilizadas por terceros anunciantes.<\/p>\n\n<h2>Pol\u00edticas de privacidad de terceros<\/h2>\n\n<p>La Pol\u00edtica de Privacidad de Gericos no se aplica a otros anunciantes o sitios web. Por ello, te aconsejamos que consultes las respectivas Pol\u00edticas de Privacidad de estos servidores de anuncios de terceros para obtener informaci\u00f3n m\u00e1s detallada. Puede incluir sus pr\u00e1cticas e instrucciones sobre c\u00f3mo optar por no participar en determinadas opciones.    <\/p>\n\n<p>Puedes optar por desactivar las cookies a trav\u00e9s de las opciones individuales de tu navegador. Para conocer informaci\u00f3n m\u00e1s detallada sobre la gesti\u00f3n de cookies con navegadores web espec\u00edficos, puedes encontrarla en los sitios web respectivos de los navegadores. \u00bfQu\u00e9 son las cookies?  <\/p>\n\n<h2>Informaci\u00f3n para ni\u00f1os<\/h2>\n\n<p>Otra parte de nuestra prioridad es a\u00f1adir protecci\u00f3n para los menores mientras utilizan Internet. Animamos a los padres y tutores a que observen, participen y\/o controlen y gu\u00eden su actividad en Internet. <\/p>\n\n<p>Gericos no recopila a sabiendas ning\u00fan tipo de Informaci\u00f3n Personal Identificable de ni\u00f1os menores de 13 a\u00f1os. Si crees que tu hijo ha proporcionado este tipo de informaci\u00f3n en nuestro sitio web, te recomendamos encarecidamente que te pongas en contacto con nosotros inmediatamente y haremos todo lo posible por eliminar r\u00e1pidamente dicha informaci\u00f3n de nuestros registros. <\/p>\n\n<h2>S\u00f3lo pol\u00edtica de privacidad en l\u00ednea<\/h2>\n\n<p>Esta Pol\u00edtica de Privacidad se aplica \u00fanicamente a nuestras actividades en l\u00ednea y es v\u00e1lida para los visitantes de nuestro sitio web en lo que respecta a la informaci\u00f3n que compartieron y\/o recopilaron en Gericos. Esta pol\u00edtica no es aplicable a ninguna informaci\u00f3n recogida fuera de l\u00ednea o a trav\u00e9s de canales distintos de este sitio web.<\/p>\n\n<h2>Consentimiento<\/h2>\n\n<p>Al utilizar nuestro sitio web, aceptas nuestra Pol\u00edtica de privacidad y est\u00e1s de acuerdo con sus T\u00e9rminos y condiciones.<\/p>\n","protected":false},"excerpt":{"rendered":"<p>En Gericos, accesible desde https:\/\/shop.gericos.trade, una de nuestras principales prioridades es la privacidad de nuestros visitantes. Este documento de Pol\u00edtica de Privacidad contiene los tipos de informaci\u00f3n que recoge y registra Gericos y c\u00f3mo la utilizamos. Si tienes m\u00e1s preguntas o necesitas m\u00e1s informaci\u00f3n sobre nuestra Pol\u00edtica de privacidad, no dudes en ponerte en contacto [&hellip;]<\/p>\n","protected":false},"author":1,"featured_media":0,"parent":0,"menu_order":0,"comment_status":"closed","ping_status":"open","template":"","meta":{"footnotes":""},"class_list":["post-226","page","type-page","status-publish","hentry"],"yoast_head":"<!-- This site is optimized with the Yoast SEO plugin v27.4 - https:\/\/yoast.com\/product\/yoast-seo-wordpress\/ -->\n<title>Pol\u00edtica de privacidad de shop.gericos.trade - Gericos Shop<\/title>\n<meta name=\"robots\" content=\"index, follow, max-snippet:-1, max-image-preview:large, max-video-preview:-1\" \/>\n<link rel=\"canonical\" href=\"https:\/\/shop.gericos.trade\/es\/politica-de-privacidad-de-shop-gericos-trade\/\" \/>\n<meta property=\"og:locale\" content=\"es_ES\" \/>\n<meta property=\"og:type\" content=\"article\" \/>\n<meta property=\"og:title\" content=\"Pol\u00edtica de privacidad de shop.gericos.trade - Gericos Shop\" \/>\n<meta property=\"og:description\" content=\"En Gericos, accesible desde https:\/\/shop.gericos.trade, una de nuestras principales prioridades es la privacidad de nuestros visitantes. Este documento de Pol\u00edtica de Privacidad contiene los tipos de informaci\u00f3n que recoge y registra Gericos y c\u00f3mo la utilizamos. Si tienes m\u00e1s preguntas o necesitas m\u00e1s informaci\u00f3n sobre nuestra Pol\u00edtica de privacidad, no dudes en ponerte en contacto [&hellip;]\" \/>\n<meta property=\"og:url\" content=\"https:\/\/shop.gericos.trade\/es\/politica-de-privacidad-de-shop-gericos-trade\/\" \/>\n<meta property=\"og:site_name\" content=\"Gericos Shop\" \/>\n<meta property=\"article:modified_time\" content=\"2024-11-16T15:51:27+00:00\" \/>\n<meta name=\"twitter:card\" content=\"summary_large_image\" \/>\n<meta name=\"twitter:label1\" content=\"Tiempo de lectura\" \/>\n\t<meta name=\"twitter:data1\" content=\"4 minutos\" \/>\n<script type=\"application\/ld+json\" class=\"yoast-schema-graph\">{\"@context\":\"https:\\\/\\\/schema.org\",\"@graph\":[{\"@type\":\"WebPage\",\"@id\":\"https:\\\/\\\/shop.gericos.trade\\\/es\\\/politica-de-privacidad-de-shop-gericos-trade\\\/\",\"url\":\"https:\\\/\\\/shop.gericos.trade\\\/es\\\/politica-de-privacidad-de-shop-gericos-trade\\\/\",\"name\":\"Pol\u00edtica de privacidad de shop.gericos.trade - Gericos Shop\",\"isPartOf\":{\"@id\":\"https:\\\/\\\/shop.gericos.trade\\\/es\\\/#website\"},\"datePublished\":\"2024-04-12T13:56:11+00:00\",\"dateModified\":\"2024-11-16T15:51:27+00:00\",\"breadcrumb\":{\"@id\":\"https:\\\/\\\/shop.gericos.trade\\\/es\\\/politica-de-privacidad-de-shop-gericos-trade\\\/#breadcrumb\"},\"inLanguage\":\"es\",\"potentialAction\":[{\"@type\":\"ReadAction\",\"target\":[\"https:\\\/\\\/shop.gericos.trade\\\/es\\\/politica-de-privacidad-de-shop-gericos-trade\\\/\"]}]},{\"@type\":\"BreadcrumbList\",\"@id\":\"https:\\\/\\\/shop.gericos.trade\\\/es\\\/politica-de-privacidad-de-shop-gericos-trade\\\/#breadcrumb\",\"itemListElement\":[{\"@type\":\"ListItem\",\"position\":1,\"name\":\"Home\",\"item\":\"https:\\\/\\\/shop.gericos.trade\\\/es\\\/tienda\\\/\"},{\"@type\":\"ListItem\",\"position\":2,\"name\":\"Pol\u00edtica de privacidad de shop.gericos.trade\"}]},{\"@type\":\"WebSite\",\"@id\":\"https:\\\/\\\/shop.gericos.trade\\\/es\\\/#website\",\"url\":\"https:\\\/\\\/shop.gericos.trade\\\/es\\\/\",\"name\":\"Gericos Shop\",\"description\":\"Technical tools for the best forex and market performance\",\"publisher\":{\"@id\":\"https:\\\/\\\/shop.gericos.trade\\\/es\\\/#organization\"},\"potentialAction\":[{\"@type\":\"SearchAction\",\"target\":{\"@type\":\"EntryPoint\",\"urlTemplate\":\"https:\\\/\\\/shop.gericos.trade\\\/es\\\/?s={search_term_string}\"},\"query-input\":{\"@type\":\"PropertyValueSpecification\",\"valueRequired\":true,\"valueName\":\"search_term_string\"}}],\"inLanguage\":\"es\"},{\"@type\":\"Organization\",\"@id\":\"https:\\\/\\\/shop.gericos.trade\\\/es\\\/#organization\",\"name\":\"Gericos Shop\",\"url\":\"https:\\\/\\\/shop.gericos.trade\\\/es\\\/\",\"logo\":{\"@type\":\"ImageObject\",\"inLanguage\":\"es\",\"@id\":\"https:\\\/\\\/shop.gericos.trade\\\/es\\\/#\\\/schema\\\/logo\\\/image\\\/\",\"url\":\"https:\\\/\\\/shop.gericos.trade\\\/wp-content\\\/uploads\\\/2024\\\/04\\\/medium-res-new.png\",\"contentUrl\":\"https:\\\/\\\/shop.gericos.trade\\\/wp-content\\\/uploads\\\/2024\\\/04\\\/medium-res-new.png\",\"width\":853,\"height\":423,\"caption\":\"Gericos Shop\"},\"image\":{\"@id\":\"https:\\\/\\\/shop.gericos.trade\\\/es\\\/#\\\/schema\\\/logo\\\/image\\\/\"}}]}<\/script>\n<!-- \/ Yoast SEO plugin. -->","yoast_head_json":{"title":"Pol\u00edtica de privacidad de shop.gericos.trade - Gericos Shop","robots":{"index":"index","follow":"follow","max-snippet":"max-snippet:-1","max-image-preview":"max-image-preview:large","max-video-preview":"max-video-preview:-1"},"canonical":"https:\/\/shop.gericos.trade\/es\/politica-de-privacidad-de-shop-gericos-trade\/","og_locale":"es_ES","og_type":"article","og_title":"Pol\u00edtica de privacidad de shop.gericos.trade - Gericos Shop","og_description":"En Gericos, accesible desde https:\/\/shop.gericos.trade, una de nuestras principales prioridades es la privacidad de nuestros visitantes. Este documento de Pol\u00edtica de Privacidad contiene los tipos de informaci\u00f3n que recoge y registra Gericos y c\u00f3mo la utilizamos. Si tienes m\u00e1s preguntas o necesitas m\u00e1s informaci\u00f3n sobre nuestra Pol\u00edtica de privacidad, no dudes en ponerte en contacto [&hellip;]","og_url":"https:\/\/shop.gericos.trade\/es\/politica-de-privacidad-de-shop-gericos-trade\/","og_site_name":"Gericos Shop","article_modified_time":"2024-11-16T15:51:27+00:00","twitter_card":"summary_large_image","twitter_misc":{"Tiempo de lectura":"4 minutos"},"schema":{"@context":"https:\/\/schema.org","@graph":[{"@type":"WebPage","@id":"https:\/\/shop.gericos.trade\/es\/politica-de-privacidad-de-shop-gericos-trade\/","url":"https:\/\/shop.gericos.trade\/es\/politica-de-privacidad-de-shop-gericos-trade\/","name":"Pol\u00edtica de privacidad de shop.gericos.trade - Gericos Shop","isPartOf":{"@id":"https:\/\/shop.gericos.trade\/es\/#website"},"datePublished":"2024-04-12T13:56:11+00:00","dateModified":"2024-11-16T15:51:27+00:00","breadcrumb":{"@id":"https:\/\/shop.gericos.trade\/es\/politica-de-privacidad-de-shop-gericos-trade\/#breadcrumb"},"inLanguage":"es","potentialAction":[{"@type":"ReadAction","target":["https:\/\/shop.gericos.trade\/es\/politica-de-privacidad-de-shop-gericos-trade\/"]}]},{"@type":"BreadcrumbList","@id":"https:\/\/shop.gericos.trade\/es\/politica-de-privacidad-de-shop-gericos-trade\/#breadcrumb","itemListElement":[{"@type":"ListItem","position":1,"name":"Home","item":"https:\/\/shop.gericos.trade\/es\/tienda\/"},{"@type":"ListItem","position":2,"name":"Pol\u00edtica de privacidad de shop.gericos.trade"}]},{"@type":"WebSite","@id":"https:\/\/shop.gericos.trade\/es\/#website","url":"https:\/\/shop.gericos.trade\/es\/","name":"Gericos Shop","description":"Technical tools for the best forex and market performance","publisher":{"@id":"https:\/\/shop.gericos.trade\/es\/#organization"},"potentialAction":[{"@type":"SearchAction","target":{"@type":"EntryPoint","urlTemplate":"https:\/\/shop.gericos.trade\/es\/?s={search_term_string}"},"query-input":{"@type":"PropertyValueSpecification","valueRequired":true,"valueName":"search_term_string"}}],"inLanguage":"es"},{"@type":"Organization","@id":"https:\/\/shop.gericos.trade\/es\/#organization","name":"Gericos Shop","url":"https:\/\/shop.gericos.trade\/es\/","logo":{"@type":"ImageObject","inLanguage":"es","@id":"https:\/\/shop.gericos.trade\/es\/#\/schema\/logo\/image\/","url":"https:\/\/shop.gericos.trade\/wp-content\/uploads\/2024\/04\/medium-res-new.png","contentUrl":"https:\/\/shop.gericos.trade\/wp-content\/uploads\/2024\/04\/medium-res-new.png","width":853,"height":423,"caption":"Gericos Shop"},"image":{"@id":"https:\/\/shop.gericos.trade\/es\/#\/schema\/logo\/image\/"}}]}},"_links":{"self":[{"href":"https:\/\/shop.gericos.trade\/es\/wp-json\/wp\/v2\/pages\/226","targetHints":{"allow":["GET"]}}],"collection":[{"href":"https:\/\/shop.gericos.trade\/es\/wp-json\/wp\/v2\/pages"}],"about":[{"href":"https:\/\/shop.gericos.trade\/es\/wp-json\/wp\/v2\/types\/page"}],"author":[{"embeddable":true,"href":"https:\/\/shop.gericos.trade\/es\/wp-json\/wp\/v2\/users\/1"}],"replies":[{"embeddable":true,"href":"https:\/\/shop.gericos.trade\/es\/wp-json\/wp\/v2\/comments?post=226"}],"version-history":[{"count":1,"href":"https:\/\/shop.gericos.trade\/es\/wp-json\/wp\/v2\/pages\/226\/revisions"}],"predecessor-version":[{"id":228,"href":"https:\/\/shop.gericos.trade\/es\/wp-json\/wp\/v2\/pages\/226\/revisions\/228"}],"wp:attachment":[{"href":"https:\/\/shop.gericos.trade\/es\/wp-json\/wp\/v2\/media?parent=226"}],"curies":[{"name":"wp","href":"https:\/\/api.w.org\/{rel}","templated":true}]}}