{"id":176,"date":"2024-05-15T18:01:24","date_gmt":"2024-05-15T16:01:24","guid":{"rendered":"https:\/\/shop.gericos.trade\/product\/gericosatv\/"},"modified":"2025-06-03T00:03:49","modified_gmt":"2025-06-02T22:03:49","slug":"gericosatv","status":"publish","type":"product","link":"https:\/\/shop.gericos.trade\/es\/product\/gericosatv\/","title":{"rendered":"GericosATV"},"content":{"rendered":"<p>GericosATV es un robot de trading automatizado de nueva generaci\u00f3n. Est\u00e1 posicionado en 28 pares + ORO.<br \/>\nGericosATV dispone de varios mecanismos de protecci\u00f3n para limitar al m\u00e1ximo las p\u00e9rdidas de capital.<br \/>\nLa configuraci\u00f3n del robot est\u00e1 totalmente automatizada desde un servidor centralizado para garantizarte la mejor configuraci\u00f3n actualizada en cada ciclo. Por eso este robot se alquila y no se vende, porque su modo de funcionamiento basado en la actualizaci\u00f3n de los datos de configuraci\u00f3n requiere mantener la infraestructura y las competencias durante toda su vida \u00fatil. Es importante entender que este robot no copia \u00f3rdenes de la plataforma centralizada. S\u00f3lo los nuevos ajustes de configuraci\u00f3n se actualizan din\u00e1micamente desde la plataforma.<\/p>\n<p>El alquiler del robot incluye actualizaciones (la descarga de las actualizaciones es autom\u00e1tica) y acceso a soporte por correo electr\u00f3nico y el canal dedicado de Telegram.<\/p>\n<p><img data-dominant-color=\"282a26\" data-has-transparency=\"true\" style=\"--dominant-color: #282a26;\" loading=\"lazy\" decoding=\"async\" class=\"alignnone wp-image-316 size-large has-transparency\" src=\"https:\/\/shop.gericos.trade\/wp-content\/uploads\/2024\/05\/GericosATV_Screenshot-1-1024x635.png\" alt=\"\" width=\"980\" height=\"608\" srcset=\"https:\/\/shop.gericos.trade\/wp-content\/uploads\/2024\/05\/GericosATV_Screenshot-1-1024x635.png 1024w, https:\/\/shop.gericos.trade\/wp-content\/uploads\/2024\/05\/GericosATV_Screenshot-1-300x186.png 300w, https:\/\/shop.gericos.trade\/wp-content\/uploads\/2024\/05\/GericosATV_Screenshot-1-768x476.png 768w, https:\/\/shop.gericos.trade\/wp-content\/uploads\/2024\/05\/GericosATV_Screenshot-1-416x258.png 416w, https:\/\/shop.gericos.trade\/wp-content\/uploads\/2024\/05\/GericosATV_Screenshot-1.png 1210w\" sizes=\"auto, (max-width: 980px) 100vw, 980px\" \/><\/p>\n<p>Aqu\u00ed tienes los rendimientos de 3 conjuntos de configuraciones diferentes:<\/p>\n<div style=\"width: 100%; display: flex;\">\n<div style=\"width: 33%; padding-right: 5px; padding-left: 5px; background-color: #cacaca;\">1CCS: Activar<br \/>\nDProfit: Activar<br \/>\nLowVol: Activar<br \/>\nOro: Desactivar<br \/>\n<a href=\"https:\/\/www.myfxbook.com\/members\/gericos\/gericosatv-lowvol-nogold\/11220249\"><br \/>\n<img decoding=\"async\" src=\"https:\/\/widget.myfxbook.com\/widget\/widget.png?accountOid=11220249&amp;type=6\" alt=\"widget\"><br \/>\n<\/a><\/div>\n<div style=\"width: 33%; padding-right: 5px; padding-left: 5px; background-color: #a3a3a3;\">1CCS: Activar<br \/>\nDProfit: Activar<br \/>\nLowVol: Desactivar<br \/>\nOro: Desactivar<br \/>\n<a href=\"https:\/\/www.myfxbook.com\/members\/gericos\/gericosatv-lowvol-gold\/11549299\"><br \/>\n<img decoding=\"async\" src=\"https:\/\/widget.myfxbook.com\/widget\/widget.png?accountOid=11549299&amp;type=6\" alt=\"widget\"><br \/>\n<\/a><\/div>\n<div style=\"width: 33%; padding-right: 5px; padding-left: 5px; background-color: #cacaca;\">1CCS: Activar<br \/>\nDProfit: Activar<br \/>\nLowVol: Activar<br \/>\nOro: Activar<br \/>\n<a href=\"https:\/\/www.myfxbook.com\/members\/gericos\/gericosatv-nogold\/11220253\"><br \/>\n<img decoding=\"async\" src=\"https:\/\/widget.myfxbook.com\/widget\/widget.png?accountOid=11220253&amp;type=6\" alt=\"widget\"><br \/>\n<\/a><\/div>\n<\/div>\n<p>Tambi\u00e9n puedes consultar algunos resultados de backtest a continuaci\u00f3n. Todas las pruebas que aparecen a continuaci\u00f3n se realizan con los ticks de Dukascopy (el famoso banco suizo). Realizar estas pruebas lleva mucho tiempo, porque hay que analizar todos los ticks de cada divisa para detectar oportunidades. Adem\u00e1s, la estrategia utilizada durante estas pruebas es una estrategia gen\u00e9rica. Como ya se ha dicho, la configuraci\u00f3n puede diferir al final de cada ciclo de \u00f3rdenes para una divisa, el sistema de backtest no es consciente de ello. Lo principal aqu\u00ed es mostrar un ejemplo gen\u00e9rico de c\u00f3mo funciona la EA.<\/p>\n<p><a href=\"https:\/\/shop.gericos.trade\/es\/gericosatv-backtest-2023-lowvol-nogold\/\" target=\"_blank\" rel=\"noopener\">BackTest 2023 &#8211; Configuraci\u00f3n: LowVol: Activar, Oro: Desactivar<\/a><br \/>\nCuando te registres en este producto, se te pedir\u00e1 tu IP. Se te enviar\u00e1 a cambio un paquete compuesto por la \u00faltima versi\u00f3n del EA + clave de licencia. No facilites la clave de licencia: es personal y s\u00f3lo funcionar\u00e1 desde tu direcci\u00f3n IP.<br \/>\nSi no tienes una IP o un servidor fijos, no dudes en consultar nuestras <a href=\"https:\/\/shop.gericos.trade\/es\/categoria-producto\/vps-es\/\">ofertas de VPS<\/a>. Tambi\u00e9n podemos hacer la instalaci\u00f3n por ti.<\/p>\n<p><a href=\"https:\/\/buy.stripe.com\/14k7uv8nb0Bx70Q6oM\">-&gt; Suscribirse con Stripe &lt;-<\/a><\/p>\n","protected":false},"excerpt":{"rendered":"<p>GericosATV es un robot de trading automatizado de nueva generaci\u00f3n. Est\u00e1 posicionado en 28 pares + ORO. GericosATV dispone de varios mecanismos de protecci\u00f3n para limitar al m\u00e1ximo las p\u00e9rdidas de capital. La configuraci\u00f3n del robot est\u00e1 totalmente automatizada desde un servidor centralizado para garantizarte la mejor configuraci\u00f3n actualizada en cada ciclo. Por eso este [&hellip;]<\/p>\n","protected":false},"featured_media":152,"template":"","meta":[],"product_brand":[],"product_cat":[40],"product_tag":[],"class_list":{"0":"post-176","1":"product","2":"type-product","3":"status-publish","4":"has-post-thumbnail","6":"product_cat-asesor-experto-ea","8":"first","9":"instock","10":"virtual","11":"purchasable","12":"product-type-simple"},"yoast_head":"<!-- This site is optimized with the Yoast SEO plugin v27.4 - https:\/\/yoast.com\/product\/yoast-seo-wordpress\/ -->\n<title>GericosATV - Gericos Shop<\/title>\n<meta name=\"description\" content=\"GericosATV, un EA para MT5 que te ayudar\u00e1 a ganar dinero en los mercados financieros (forex) preservando tu capital.\" \/>\n<meta name=\"robots\" content=\"index, follow, max-snippet:-1, max-image-preview:large, max-video-preview:-1\" \/>\n<link rel=\"canonical\" href=\"https:\/\/shop.gericos.trade\/es\/product\/gericosatv\/\" \/>\n<meta property=\"og:locale\" content=\"es_ES\" \/>\n<meta property=\"og:type\" content=\"article\" \/>\n<meta property=\"og:title\" content=\"GericosATV - Gericos Shop\" \/>\n<meta property=\"og:description\" content=\"GericosATV, un EA para MT5 que te ayudar\u00e1 a ganar dinero en los mercados financieros (forex) preservando tu capital.\" \/>\n<meta property=\"og:url\" content=\"https:\/\/shop.gericos.trade\/es\/product\/gericosatv\/\" \/>\n<meta property=\"og:site_name\" content=\"Gericos Shop\" \/>\n<meta property=\"article:modified_time\" content=\"2025-06-02T22:03:49+00:00\" \/>\n<meta property=\"og:image\" content=\"https:\/\/shop.gericos.trade\/wp-content\/uploads\/2024\/05\/download-873x938-1.png\" \/>\n\t<meta property=\"og:image:width\" content=\"873\" \/>\n\t<meta property=\"og:image:height\" content=\"938\" \/>\n\t<meta property=\"og:image:type\" content=\"image\/png\" \/>\n<meta name=\"twitter:card\" content=\"summary_large_image\" \/>\n<meta name=\"twitter:label1\" content=\"Tiempo de lectura\" \/>\n\t<meta name=\"twitter:data1\" content=\"2 minutos\" \/>\n<script type=\"application\/ld+json\" class=\"yoast-schema-graph\">{\"@context\":\"https:\\\/\\\/schema.org\",\"@graph\":[{\"@type\":\"WebPage\",\"@id\":\"https:\\\/\\\/shop.gericos.trade\\\/es\\\/product\\\/gericosatv\\\/\",\"url\":\"https:\\\/\\\/shop.gericos.trade\\\/es\\\/product\\\/gericosatv\\\/\",\"name\":\"GericosATV - Gericos Shop\",\"isPartOf\":{\"@id\":\"https:\\\/\\\/shop.gericos.trade\\\/es\\\/#website\"},\"primaryImageOfPage\":{\"@id\":\"https:\\\/\\\/shop.gericos.trade\\\/es\\\/product\\\/gericosatv\\\/#primaryimage\"},\"image\":{\"@id\":\"https:\\\/\\\/shop.gericos.trade\\\/es\\\/product\\\/gericosatv\\\/#primaryimage\"},\"thumbnailUrl\":\"https:\\\/\\\/shop.gericos.trade\\\/wp-content\\\/uploads\\\/2024\\\/05\\\/download-873x938-1.png\",\"datePublished\":\"2024-05-15T16:01:24+00:00\",\"dateModified\":\"2025-06-02T22:03:49+00:00\",\"description\":\"GericosATV, un EA para MT5 que te ayudar\u00e1 a ganar dinero en los mercados financieros (forex) preservando tu capital.\",\"breadcrumb\":{\"@id\":\"https:\\\/\\\/shop.gericos.trade\\\/es\\\/product\\\/gericosatv\\\/#breadcrumb\"},\"inLanguage\":\"es\",\"potentialAction\":[{\"@type\":\"ReadAction\",\"target\":[\"https:\\\/\\\/shop.gericos.trade\\\/es\\\/product\\\/gericosatv\\\/\"]}]},{\"@type\":\"ImageObject\",\"inLanguage\":\"es\",\"@id\":\"https:\\\/\\\/shop.gericos.trade\\\/es\\\/product\\\/gericosatv\\\/#primaryimage\",\"url\":\"https:\\\/\\\/shop.gericos.trade\\\/wp-content\\\/uploads\\\/2024\\\/05\\\/download-873x938-1.png\",\"contentUrl\":\"https:\\\/\\\/shop.gericos.trade\\\/wp-content\\\/uploads\\\/2024\\\/05\\\/download-873x938-1.png\",\"width\":873,\"height\":938},{\"@type\":\"BreadcrumbList\",\"@id\":\"https:\\\/\\\/shop.gericos.trade\\\/es\\\/product\\\/gericosatv\\\/#breadcrumb\",\"itemListElement\":[{\"@type\":\"ListItem\",\"position\":1,\"name\":\"Home\",\"item\":\"https:\\\/\\\/shop.gericos.trade\\\/es\\\/tienda\\\/\"},{\"@type\":\"ListItem\",\"position\":2,\"name\":\"Tienda\",\"item\":\"https:\\\/\\\/shop.gericos.trade\\\/es\\\/tienda\\\/\"},{\"@type\":\"ListItem\",\"position\":3,\"name\":\"GericosATV\"}]},{\"@type\":\"WebSite\",\"@id\":\"https:\\\/\\\/shop.gericos.trade\\\/es\\\/#website\",\"url\":\"https:\\\/\\\/shop.gericos.trade\\\/es\\\/\",\"name\":\"Gericos Shop\",\"description\":\"Technical tools for the best forex and market performance\",\"publisher\":{\"@id\":\"https:\\\/\\\/shop.gericos.trade\\\/es\\\/#organization\"},\"potentialAction\":[{\"@type\":\"SearchAction\",\"target\":{\"@type\":\"EntryPoint\",\"urlTemplate\":\"https:\\\/\\\/shop.gericos.trade\\\/es\\\/?s={search_term_string}\"},\"query-input\":{\"@type\":\"PropertyValueSpecification\",\"valueRequired\":true,\"valueName\":\"search_term_string\"}}],\"inLanguage\":\"es\"},{\"@type\":\"Organization\",\"@id\":\"https:\\\/\\\/shop.gericos.trade\\\/es\\\/#organization\",\"name\":\"Gericos Shop\",\"url\":\"https:\\\/\\\/shop.gericos.trade\\\/es\\\/\",\"logo\":{\"@type\":\"ImageObject\",\"inLanguage\":\"es\",\"@id\":\"https:\\\/\\\/shop.gericos.trade\\\/es\\\/#\\\/schema\\\/logo\\\/image\\\/\",\"url\":\"https:\\\/\\\/shop.gericos.trade\\\/wp-content\\\/uploads\\\/2024\\\/04\\\/medium-res-new.png\",\"contentUrl\":\"https:\\\/\\\/shop.gericos.trade\\\/wp-content\\\/uploads\\\/2024\\\/04\\\/medium-res-new.png\",\"width\":853,\"height\":423,\"caption\":\"Gericos Shop\"},\"image\":{\"@id\":\"https:\\\/\\\/shop.gericos.trade\\\/es\\\/#\\\/schema\\\/logo\\\/image\\\/\"}}]}<\/script>\n<!-- \/ Yoast SEO plugin. -->","yoast_head_json":{"title":"GericosATV - Gericos Shop","description":"GericosATV, un EA para MT5 que te ayudar\u00e1 a ganar dinero en los mercados financieros (forex) preservando tu capital.","robots":{"index":"index","follow":"follow","max-snippet":"max-snippet:-1","max-image-preview":"max-image-preview:large","max-video-preview":"max-video-preview:-1"},"canonical":"https:\/\/shop.gericos.trade\/es\/product\/gericosatv\/","og_locale":"es_ES","og_type":"article","og_title":"GericosATV - Gericos Shop","og_description":"GericosATV, un EA para MT5 que te ayudar\u00e1 a ganar dinero en los mercados financieros (forex) preservando tu capital.","og_url":"https:\/\/shop.gericos.trade\/es\/product\/gericosatv\/","og_site_name":"Gericos Shop","article_modified_time":"2025-06-02T22:03:49+00:00","og_image":[{"width":873,"height":938,"url":"https:\/\/shop.gericos.trade\/wp-content\/uploads\/2024\/05\/download-873x938-1.png","type":"image\/png"}],"twitter_card":"summary_large_image","twitter_misc":{"Tiempo de lectura":"2 minutos"},"schema":{"@context":"https:\/\/schema.org","@graph":[{"@type":"WebPage","@id":"https:\/\/shop.gericos.trade\/es\/product\/gericosatv\/","url":"https:\/\/shop.gericos.trade\/es\/product\/gericosatv\/","name":"GericosATV - Gericos Shop","isPartOf":{"@id":"https:\/\/shop.gericos.trade\/es\/#website"},"primaryImageOfPage":{"@id":"https:\/\/shop.gericos.trade\/es\/product\/gericosatv\/#primaryimage"},"image":{"@id":"https:\/\/shop.gericos.trade\/es\/product\/gericosatv\/#primaryimage"},"thumbnailUrl":"https:\/\/shop.gericos.trade\/wp-content\/uploads\/2024\/05\/download-873x938-1.png","datePublished":"2024-05-15T16:01:24+00:00","dateModified":"2025-06-02T22:03:49+00:00","description":"GericosATV, un EA para MT5 que te ayudar\u00e1 a ganar dinero en los mercados financieros (forex) preservando tu capital.","breadcrumb":{"@id":"https:\/\/shop.gericos.trade\/es\/product\/gericosatv\/#breadcrumb"},"inLanguage":"es","potentialAction":[{"@type":"ReadAction","target":["https:\/\/shop.gericos.trade\/es\/product\/gericosatv\/"]}]},{"@type":"ImageObject","inLanguage":"es","@id":"https:\/\/shop.gericos.trade\/es\/product\/gericosatv\/#primaryimage","url":"https:\/\/shop.gericos.trade\/wp-content\/uploads\/2024\/05\/download-873x938-1.png","contentUrl":"https:\/\/shop.gericos.trade\/wp-content\/uploads\/2024\/05\/download-873x938-1.png","width":873,"height":938},{"@type":"BreadcrumbList","@id":"https:\/\/shop.gericos.trade\/es\/product\/gericosatv\/#breadcrumb","itemListElement":[{"@type":"ListItem","position":1,"name":"Home","item":"https:\/\/shop.gericos.trade\/es\/tienda\/"},{"@type":"ListItem","position":2,"name":"Tienda","item":"https:\/\/shop.gericos.trade\/es\/tienda\/"},{"@type":"ListItem","position":3,"name":"GericosATV"}]},{"@type":"WebSite","@id":"https:\/\/shop.gericos.trade\/es\/#website","url":"https:\/\/shop.gericos.trade\/es\/","name":"Gericos Shop","description":"Technical tools for the best forex and market performance","publisher":{"@id":"https:\/\/shop.gericos.trade\/es\/#organization"},"potentialAction":[{"@type":"SearchAction","target":{"@type":"EntryPoint","urlTemplate":"https:\/\/shop.gericos.trade\/es\/?s={search_term_string}"},"query-input":{"@type":"PropertyValueSpecification","valueRequired":true,"valueName":"search_term_string"}}],"inLanguage":"es"},{"@type":"Organization","@id":"https:\/\/shop.gericos.trade\/es\/#organization","name":"Gericos Shop","url":"https:\/\/shop.gericos.trade\/es\/","logo":{"@type":"ImageObject","inLanguage":"es","@id":"https:\/\/shop.gericos.trade\/es\/#\/schema\/logo\/image\/","url":"https:\/\/shop.gericos.trade\/wp-content\/uploads\/2024\/04\/medium-res-new.png","contentUrl":"https:\/\/shop.gericos.trade\/wp-content\/uploads\/2024\/04\/medium-res-new.png","width":853,"height":423,"caption":"Gericos Shop"},"image":{"@id":"https:\/\/shop.gericos.trade\/es\/#\/schema\/logo\/image\/"}}]}},"_links":{"self":[{"href":"https:\/\/shop.gericos.trade\/es\/wp-json\/wp\/v2\/product\/176","targetHints":{"allow":["GET"]}}],"collection":[{"href":"https:\/\/shop.gericos.trade\/es\/wp-json\/wp\/v2\/product"}],"about":[{"href":"https:\/\/shop.gericos.trade\/es\/wp-json\/wp\/v2\/types\/product"}],"wp:featuredmedia":[{"embeddable":true,"href":"https:\/\/shop.gericos.trade\/es\/wp-json\/wp\/v2\/media\/152"}],"wp:attachment":[{"href":"https:\/\/shop.gericos.trade\/es\/wp-json\/wp\/v2\/media?parent=176"}],"wp:term":[{"taxonomy":"product_brand","embeddable":true,"href":"https:\/\/shop.gericos.trade\/es\/wp-json\/wp\/v2\/product_brand?post=176"},{"taxonomy":"product_cat","embeddable":true,"href":"https:\/\/shop.gericos.trade\/es\/wp-json\/wp\/v2\/product_cat?post=176"},{"taxonomy":"product_tag","embeddable":true,"href":"https:\/\/shop.gericos.trade\/es\/wp-json\/wp\/v2\/product_tag?post=176"}],"curies":[{"name":"wp","href":"https:\/\/api.w.org\/{rel}","templated":true}]}}