{"id":183,"date":"2024-04-12T22:53:31","date_gmt":"2024-04-12T20:53:31","guid":{"rendered":"https:\/\/shop.gericos.trade\/product\/externalizacion-de-servidores\/"},"modified":"2024-04-12T22:53:31","modified_gmt":"2024-04-12T20:53:31","slug":"externalizacion-de-servidores","status":"publish","type":"product","link":"https:\/\/shop.gericos.trade\/es\/product\/externalizacion-de-servidores\/","title":{"rendered":"Externalizaci\u00f3n de servidores"},"content":{"rendered":"<p>La externalizaci\u00f3n incluye los siguientes servicios:<\/p>\n<ul>\n<li>Copia de seguridad<\/li>\n<li>Supervisi\u00f3n<\/li>\n<li>Supervisi\u00f3n<\/li>\n<li>Actualizaciones<\/li>\n<li>Acceso a asistencia por correo electr\u00f3nico\/telegrama<\/li>\n<li>Tel\u00e9fono y\/o WhatsApp en opci\u00f3n<\/li>\n<\/ul>\n<p>SO compatibles: Windows Server (a partir de la versi\u00f3n 2012 R2), FreeBSD, Linux.<\/p>\n<p><a href=\"https:\/\/www.paypal.com\/webapps\/billing\/plans\/subscribe?plan_id=P-3HS27612G03392939MYM2IUA\" target=\"_blank\" rel=\"noopener\">-&gt; Suscr\u00edbete con PayPal &lt;-<\/a><\/p>\n<p><a href=\"https:\/\/buy.stripe.com\/cN2eWXbzn83Z2KA7sO\" target=\"_blank\" rel=\"noopener\">-&gt; Suscribirse con Stripe &lt;-<\/a><\/p>\n","protected":false},"excerpt":{"rendered":"<p>La externalizaci\u00f3n incluye los siguientes servicios: Copia de seguridad Supervisi\u00f3n Supervisi\u00f3n Actualizaciones Acceso a asistencia por correo electr\u00f3nico\/telegrama Tel\u00e9fono y\/o WhatsApp en opci\u00f3n SO compatibles: Windows Server (a partir de la versi\u00f3n 2012 R2), FreeBSD, Linux. -&gt; Suscr\u00edbete con PayPal &lt;- -&gt; Suscribirse con Stripe &lt;-<\/p>\n","protected":false},"featured_media":272,"template":"","meta":[],"product_brand":[],"product_cat":[45],"product_tag":[],"class_list":{"0":"post-183","1":"product","2":"type-product","3":"status-publish","4":"has-post-thumbnail","6":"product_cat-servicios","8":"first","9":"instock","10":"virtual","11":"purchasable","12":"product-type-simple"},"yoast_head":"<!-- This site is optimized with the Yoast SEO plugin v27.4 - https:\/\/yoast.com\/product\/yoast-seo-wordpress\/ -->\n<title>Externalizaci\u00f3n de servidores - Gericos Shop<\/title>\n<meta name=\"description\" content=\"Los servicios de externalizaci\u00f3n incluyen copias de seguridad, supervisi\u00f3n, monitorizaci\u00f3n, actualizaciones y asistencia por correo electr\u00f3nico, Telegram, tel\u00e9fono o WhatsApp para Windows Server, FreeBSD y Linux.\" \/>\n<meta name=\"robots\" content=\"index, follow, max-snippet:-1, max-image-preview:large, max-video-preview:-1\" \/>\n<link rel=\"canonical\" href=\"https:\/\/shop.gericos.trade\/es\/product\/externalizacion-de-servidores\/\" \/>\n<meta property=\"og:locale\" content=\"es_ES\" \/>\n<meta property=\"og:type\" content=\"article\" \/>\n<meta property=\"og:title\" content=\"Externalizaci\u00f3n de servidores - Gericos Shop\" \/>\n<meta property=\"og:description\" content=\"Los servicios de externalizaci\u00f3n incluyen copias de seguridad, supervisi\u00f3n, monitorizaci\u00f3n, actualizaciones y asistencia por correo electr\u00f3nico, Telegram, tel\u00e9fono o WhatsApp para Windows Server, FreeBSD y Linux.\" \/>\n<meta property=\"og:url\" content=\"https:\/\/shop.gericos.trade\/es\/product\/externalizacion-de-servidores\/\" \/>\n<meta property=\"og:site_name\" content=\"Gericos Shop\" \/>\n<meta property=\"og:image\" content=\"https:\/\/shop.gericos.trade\/wp-content\/uploads\/2024\/04\/Servers-1.png\" \/>\n\t<meta property=\"og:image:width\" content=\"556\" \/>\n\t<meta property=\"og:image:height\" content=\"220\" \/>\n\t<meta property=\"og:image:type\" content=\"image\/png\" \/>\n<meta name=\"twitter:card\" content=\"summary_large_image\" \/>\n<script type=\"application\/ld+json\" class=\"yoast-schema-graph\">{\"@context\":\"https:\\\/\\\/schema.org\",\"@graph\":[{\"@type\":\"WebPage\",\"@id\":\"https:\\\/\\\/shop.gericos.trade\\\/es\\\/product\\\/externalizacion-de-servidores\\\/\",\"url\":\"https:\\\/\\\/shop.gericos.trade\\\/es\\\/product\\\/externalizacion-de-servidores\\\/\",\"name\":\"Externalizaci\u00f3n de servidores - Gericos Shop\",\"isPartOf\":{\"@id\":\"https:\\\/\\\/shop.gericos.trade\\\/es\\\/#website\"},\"primaryImageOfPage\":{\"@id\":\"https:\\\/\\\/shop.gericos.trade\\\/es\\\/product\\\/externalizacion-de-servidores\\\/#primaryimage\"},\"image\":{\"@id\":\"https:\\\/\\\/shop.gericos.trade\\\/es\\\/product\\\/externalizacion-de-servidores\\\/#primaryimage\"},\"thumbnailUrl\":\"https:\\\/\\\/shop.gericos.trade\\\/wp-content\\\/uploads\\\/2024\\\/04\\\/product_outsourcing-1.png\",\"datePublished\":\"2024-04-12T20:53:31+00:00\",\"description\":\"Los servicios de externalizaci\u00f3n incluyen copias de seguridad, supervisi\u00f3n, monitorizaci\u00f3n, actualizaciones y asistencia por correo electr\u00f3nico, Telegram, tel\u00e9fono o WhatsApp para Windows Server, FreeBSD y Linux.\",\"breadcrumb\":{\"@id\":\"https:\\\/\\\/shop.gericos.trade\\\/es\\\/product\\\/externalizacion-de-servidores\\\/#breadcrumb\"},\"inLanguage\":\"es\",\"potentialAction\":[{\"@type\":\"ReadAction\",\"target\":[\"https:\\\/\\\/shop.gericos.trade\\\/es\\\/product\\\/externalizacion-de-servidores\\\/\"]}]},{\"@type\":\"ImageObject\",\"inLanguage\":\"es\",\"@id\":\"https:\\\/\\\/shop.gericos.trade\\\/es\\\/product\\\/externalizacion-de-servidores\\\/#primaryimage\",\"url\":\"https:\\\/\\\/shop.gericos.trade\\\/wp-content\\\/uploads\\\/2024\\\/04\\\/product_outsourcing-1.png\",\"contentUrl\":\"https:\\\/\\\/shop.gericos.trade\\\/wp-content\\\/uploads\\\/2024\\\/04\\\/product_outsourcing-1.png\",\"width\":380,\"height\":408},{\"@type\":\"BreadcrumbList\",\"@id\":\"https:\\\/\\\/shop.gericos.trade\\\/es\\\/product\\\/externalizacion-de-servidores\\\/#breadcrumb\",\"itemListElement\":[{\"@type\":\"ListItem\",\"position\":1,\"name\":\"Home\",\"item\":\"https:\\\/\\\/shop.gericos.trade\\\/es\\\/tienda\\\/\"},{\"@type\":\"ListItem\",\"position\":2,\"name\":\"Tienda\",\"item\":\"https:\\\/\\\/shop.gericos.trade\\\/es\\\/tienda\\\/\"},{\"@type\":\"ListItem\",\"position\":3,\"name\":\"Externalizaci\u00f3n de servidores\"}]},{\"@type\":\"WebSite\",\"@id\":\"https:\\\/\\\/shop.gericos.trade\\\/es\\\/#website\",\"url\":\"https:\\\/\\\/shop.gericos.trade\\\/es\\\/\",\"name\":\"Gericos Shop\",\"description\":\"Technical tools for the best forex and market performance\",\"publisher\":{\"@id\":\"https:\\\/\\\/shop.gericos.trade\\\/es\\\/#organization\"},\"potentialAction\":[{\"@type\":\"SearchAction\",\"target\":{\"@type\":\"EntryPoint\",\"urlTemplate\":\"https:\\\/\\\/shop.gericos.trade\\\/es\\\/?s={search_term_string}\"},\"query-input\":{\"@type\":\"PropertyValueSpecification\",\"valueRequired\":true,\"valueName\":\"search_term_string\"}}],\"inLanguage\":\"es\"},{\"@type\":\"Organization\",\"@id\":\"https:\\\/\\\/shop.gericos.trade\\\/es\\\/#organization\",\"name\":\"Gericos Shop\",\"url\":\"https:\\\/\\\/shop.gericos.trade\\\/es\\\/\",\"logo\":{\"@type\":\"ImageObject\",\"inLanguage\":\"es\",\"@id\":\"https:\\\/\\\/shop.gericos.trade\\\/es\\\/#\\\/schema\\\/logo\\\/image\\\/\",\"url\":\"https:\\\/\\\/shop.gericos.trade\\\/wp-content\\\/uploads\\\/2024\\\/04\\\/medium-res-new.png\",\"contentUrl\":\"https:\\\/\\\/shop.gericos.trade\\\/wp-content\\\/uploads\\\/2024\\\/04\\\/medium-res-new.png\",\"width\":853,\"height\":423,\"caption\":\"Gericos Shop\"},\"image\":{\"@id\":\"https:\\\/\\\/shop.gericos.trade\\\/es\\\/#\\\/schema\\\/logo\\\/image\\\/\"}}]}<\/script>\n<!-- \/ Yoast SEO plugin. -->","yoast_head_json":{"title":"Externalizaci\u00f3n de servidores - Gericos Shop","description":"Los servicios de externalizaci\u00f3n incluyen copias de seguridad, supervisi\u00f3n, monitorizaci\u00f3n, actualizaciones y asistencia por correo electr\u00f3nico, Telegram, tel\u00e9fono o WhatsApp para Windows Server, FreeBSD y Linux.","robots":{"index":"index","follow":"follow","max-snippet":"max-snippet:-1","max-image-preview":"max-image-preview:large","max-video-preview":"max-video-preview:-1"},"canonical":"https:\/\/shop.gericos.trade\/es\/product\/externalizacion-de-servidores\/","og_locale":"es_ES","og_type":"article","og_title":"Externalizaci\u00f3n de servidores - Gericos Shop","og_description":"Los servicios de externalizaci\u00f3n incluyen copias de seguridad, supervisi\u00f3n, monitorizaci\u00f3n, actualizaciones y asistencia por correo electr\u00f3nico, Telegram, tel\u00e9fono o WhatsApp para Windows Server, FreeBSD y Linux.","og_url":"https:\/\/shop.gericos.trade\/es\/product\/externalizacion-de-servidores\/","og_site_name":"Gericos Shop","og_image":[{"width":556,"height":220,"url":"https:\/\/shop.gericos.trade\/wp-content\/uploads\/2024\/04\/Servers-1.png","type":"image\/png"}],"twitter_card":"summary_large_image","schema":{"@context":"https:\/\/schema.org","@graph":[{"@type":"WebPage","@id":"https:\/\/shop.gericos.trade\/es\/product\/externalizacion-de-servidores\/","url":"https:\/\/shop.gericos.trade\/es\/product\/externalizacion-de-servidores\/","name":"Externalizaci\u00f3n de servidores - Gericos Shop","isPartOf":{"@id":"https:\/\/shop.gericos.trade\/es\/#website"},"primaryImageOfPage":{"@id":"https:\/\/shop.gericos.trade\/es\/product\/externalizacion-de-servidores\/#primaryimage"},"image":{"@id":"https:\/\/shop.gericos.trade\/es\/product\/externalizacion-de-servidores\/#primaryimage"},"thumbnailUrl":"https:\/\/shop.gericos.trade\/wp-content\/uploads\/2024\/04\/product_outsourcing-1.png","datePublished":"2024-04-12T20:53:31+00:00","description":"Los servicios de externalizaci\u00f3n incluyen copias de seguridad, supervisi\u00f3n, monitorizaci\u00f3n, actualizaciones y asistencia por correo electr\u00f3nico, Telegram, tel\u00e9fono o WhatsApp para Windows Server, FreeBSD y Linux.","breadcrumb":{"@id":"https:\/\/shop.gericos.trade\/es\/product\/externalizacion-de-servidores\/#breadcrumb"},"inLanguage":"es","potentialAction":[{"@type":"ReadAction","target":["https:\/\/shop.gericos.trade\/es\/product\/externalizacion-de-servidores\/"]}]},{"@type":"ImageObject","inLanguage":"es","@id":"https:\/\/shop.gericos.trade\/es\/product\/externalizacion-de-servidores\/#primaryimage","url":"https:\/\/shop.gericos.trade\/wp-content\/uploads\/2024\/04\/product_outsourcing-1.png","contentUrl":"https:\/\/shop.gericos.trade\/wp-content\/uploads\/2024\/04\/product_outsourcing-1.png","width":380,"height":408},{"@type":"BreadcrumbList","@id":"https:\/\/shop.gericos.trade\/es\/product\/externalizacion-de-servidores\/#breadcrumb","itemListElement":[{"@type":"ListItem","position":1,"name":"Home","item":"https:\/\/shop.gericos.trade\/es\/tienda\/"},{"@type":"ListItem","position":2,"name":"Tienda","item":"https:\/\/shop.gericos.trade\/es\/tienda\/"},{"@type":"ListItem","position":3,"name":"Externalizaci\u00f3n de servidores"}]},{"@type":"WebSite","@id":"https:\/\/shop.gericos.trade\/es\/#website","url":"https:\/\/shop.gericos.trade\/es\/","name":"Gericos Shop","description":"Technical tools for the best forex and market performance","publisher":{"@id":"https:\/\/shop.gericos.trade\/es\/#organization"},"potentialAction":[{"@type":"SearchAction","target":{"@type":"EntryPoint","urlTemplate":"https:\/\/shop.gericos.trade\/es\/?s={search_term_string}"},"query-input":{"@type":"PropertyValueSpecification","valueRequired":true,"valueName":"search_term_string"}}],"inLanguage":"es"},{"@type":"Organization","@id":"https:\/\/shop.gericos.trade\/es\/#organization","name":"Gericos Shop","url":"https:\/\/shop.gericos.trade\/es\/","logo":{"@type":"ImageObject","inLanguage":"es","@id":"https:\/\/shop.gericos.trade\/es\/#\/schema\/logo\/image\/","url":"https:\/\/shop.gericos.trade\/wp-content\/uploads\/2024\/04\/medium-res-new.png","contentUrl":"https:\/\/shop.gericos.trade\/wp-content\/uploads\/2024\/04\/medium-res-new.png","width":853,"height":423,"caption":"Gericos Shop"},"image":{"@id":"https:\/\/shop.gericos.trade\/es\/#\/schema\/logo\/image\/"}}]}},"_links":{"self":[{"href":"https:\/\/shop.gericos.trade\/es\/wp-json\/wp\/v2\/product\/183","targetHints":{"allow":["GET"]}}],"collection":[{"href":"https:\/\/shop.gericos.trade\/es\/wp-json\/wp\/v2\/product"}],"about":[{"href":"https:\/\/shop.gericos.trade\/es\/wp-json\/wp\/v2\/types\/product"}],"wp:featuredmedia":[{"embeddable":true,"href":"https:\/\/shop.gericos.trade\/es\/wp-json\/wp\/v2\/media\/272"}],"wp:attachment":[{"href":"https:\/\/shop.gericos.trade\/es\/wp-json\/wp\/v2\/media?parent=183"}],"wp:term":[{"taxonomy":"product_brand","embeddable":true,"href":"https:\/\/shop.gericos.trade\/es\/wp-json\/wp\/v2\/product_brand?post=183"},{"taxonomy":"product_cat","embeddable":true,"href":"https:\/\/shop.gericos.trade\/es\/wp-json\/wp\/v2\/product_cat?post=183"},{"taxonomy":"product_tag","embeddable":true,"href":"https:\/\/shop.gericos.trade\/es\/wp-json\/wp\/v2\/product_tag?post=183"}],"curies":[{"name":"wp","href":"https:\/\/api.w.org\/{rel}","templated":true}]}}