{"id":189,"date":"2024-04-12T16:49:12","date_gmt":"2024-04-12T14:49:12","guid":{"rendered":"https:\/\/shop.gericos.trade\/product\/socks-proxy-para-mt4-mt5-ctrader\/"},"modified":"2024-04-12T16:49:12","modified_gmt":"2024-04-12T14:49:12","slug":"socks-proxy-para-mt4-mt5-ctrader","status":"publish","type":"product","link":"https:\/\/shop.gericos.trade\/es\/product\/socks-proxy-para-mt4-mt5-ctrader\/","title":{"rendered":"Socks Proxy para MT4\/MT5\/CTrader"},"content":{"rendered":"<p>Proxy Socks para MT4\/MT5\/CTrader Si quieres conectarte desde una ubicaci\u00f3n an\u00f3nima a tu broker, puedes utilizar nuestro servicio Proxy SOCKS. Una vez que completes tu suscripci\u00f3n, env\u00eda tu direcci\u00f3n IP est\u00e1tica a contact@gericos.trade. Te responderemos en breve. <strong>Importante:<\/strong> No te suscribas si no tienes una IP est\u00e1tica.<\/p>\n<p><a href=\"https:\/\/www.paypal.com\/webapps\/billing\/plans\/subscribe?plan_id=P-77S54450LD486751EMYM2GHY\" target=\"_blank\" rel=\"noopener\">-&gt; Suscr\u00edbete con PayPal &lt;-<\/a><\/p>\n<p><a href=\"https:\/\/buy.stripe.com\/bIYg11gTHac71Gw7sM\" target=\"_blank\" rel=\"noopener\">-&gt; Suscribirse con Stripe &lt;-<\/a><\/p>\n","protected":false},"excerpt":{"rendered":"<p>Proxy Socks para MT4\/MT5\/CTrader Si quieres conectarte desde una ubicaci\u00f3n an\u00f3nima a tu broker, puedes utilizar nuestro servicio Proxy SOCKS. Una vez que completes tu suscripci\u00f3n, env\u00eda tu direcci\u00f3n IP est\u00e1tica a contact@gericos.trade. Te responderemos en breve. Importante: No te suscribas si no tienes una IP est\u00e1tica. -&gt; Suscr\u00edbete con PayPal &lt;- -&gt; Suscribirse con [&hellip;]<\/p>\n","protected":false},"featured_media":267,"template":"","meta":[],"product_brand":[],"product_cat":[45],"product_tag":[],"class_list":{"0":"post-189","1":"product","2":"type-product","3":"status-publish","4":"has-post-thumbnail","6":"product_cat-servicios","8":"first","9":"instock","10":"virtual","11":"purchasable","12":"product-type-simple"},"yoast_head":"<!-- This site is optimized with the Yoast SEO plugin v27.4 - https:\/\/yoast.com\/product\/yoast-seo-wordpress\/ -->\n<title>Socks Proxy para MT4\/MT5\/CTrader - Gericos Shop<\/title>\n<meta name=\"description\" content=\"Proxy SOCKS para MT4\/MT5\/CTrader. Nuestro servicio Proxy SOCKS se utiliza para conectarte desde una ubicaci\u00f3n an\u00f3nima a tu broker.\" \/>\n<meta name=\"robots\" content=\"index, follow, max-snippet:-1, max-image-preview:large, max-video-preview:-1\" \/>\n<link rel=\"canonical\" href=\"https:\/\/shop.gericos.trade\/es\/product\/socks-proxy-para-mt4-mt5-ctrader\/\" \/>\n<meta property=\"og:locale\" content=\"es_ES\" \/>\n<meta property=\"og:type\" content=\"article\" \/>\n<meta property=\"og:title\" content=\"Socks Proxy para MT4\/MT5\/CTrader - Gericos Shop\" \/>\n<meta property=\"og:description\" content=\"Proxy SOCKS para MT4\/MT5\/CTrader. Nuestro servicio Proxy SOCKS se utiliza para conectarte desde una ubicaci\u00f3n an\u00f3nima a tu broker.\" \/>\n<meta property=\"og:url\" content=\"https:\/\/shop.gericos.trade\/es\/product\/socks-proxy-para-mt4-mt5-ctrader\/\" \/>\n<meta property=\"og:site_name\" content=\"Gericos Shop\" \/>\n<meta property=\"og:image\" content=\"https:\/\/shop.gericos.trade\/wp-content\/uploads\/2024\/04\/main-qimg-53f9520c7e46e34bca6f92531f3ca788.webp\" \/>\n\t<meta property=\"og:image:width\" content=\"556\" \/>\n\t<meta property=\"og:image:height\" content=\"220\" \/>\n\t<meta property=\"og:image:type\" content=\"image\/webp\" \/>\n<meta name=\"twitter:card\" content=\"summary_large_image\" \/>\n<script type=\"application\/ld+json\" class=\"yoast-schema-graph\">{\"@context\":\"https:\\\/\\\/schema.org\",\"@graph\":[{\"@type\":\"WebPage\",\"@id\":\"https:\\\/\\\/shop.gericos.trade\\\/es\\\/product\\\/socks-proxy-para-mt4-mt5-ctrader\\\/\",\"url\":\"https:\\\/\\\/shop.gericos.trade\\\/es\\\/product\\\/socks-proxy-para-mt4-mt5-ctrader\\\/\",\"name\":\"Socks Proxy para MT4\\\/MT5\\\/CTrader - Gericos Shop\",\"isPartOf\":{\"@id\":\"https:\\\/\\\/shop.gericos.trade\\\/es\\\/#website\"},\"primaryImageOfPage\":{\"@id\":\"https:\\\/\\\/shop.gericos.trade\\\/es\\\/product\\\/socks-proxy-para-mt4-mt5-ctrader\\\/#primaryimage\"},\"image\":{\"@id\":\"https:\\\/\\\/shop.gericos.trade\\\/es\\\/product\\\/socks-proxy-para-mt4-mt5-ctrader\\\/#primaryimage\"},\"thumbnailUrl\":\"https:\\\/\\\/shop.gericos.trade\\\/wp-content\\\/uploads\\\/2024\\\/04\\\/product_proxy-2.png\",\"datePublished\":\"2024-04-12T14:49:12+00:00\",\"description\":\"Proxy SOCKS para MT4\\\/MT5\\\/CTrader. Nuestro servicio Proxy SOCKS se utiliza para conectarte desde una ubicaci\u00f3n an\u00f3nima a tu broker.\",\"breadcrumb\":{\"@id\":\"https:\\\/\\\/shop.gericos.trade\\\/es\\\/product\\\/socks-proxy-para-mt4-mt5-ctrader\\\/#breadcrumb\"},\"inLanguage\":\"es\",\"potentialAction\":[{\"@type\":\"ReadAction\",\"target\":[\"https:\\\/\\\/shop.gericos.trade\\\/es\\\/product\\\/socks-proxy-para-mt4-mt5-ctrader\\\/\"]}]},{\"@type\":\"ImageObject\",\"inLanguage\":\"es\",\"@id\":\"https:\\\/\\\/shop.gericos.trade\\\/es\\\/product\\\/socks-proxy-para-mt4-mt5-ctrader\\\/#primaryimage\",\"url\":\"https:\\\/\\\/shop.gericos.trade\\\/wp-content\\\/uploads\\\/2024\\\/04\\\/product_proxy-2.png\",\"contentUrl\":\"https:\\\/\\\/shop.gericos.trade\\\/wp-content\\\/uploads\\\/2024\\\/04\\\/product_proxy-2.png\",\"width\":380,\"height\":347},{\"@type\":\"BreadcrumbList\",\"@id\":\"https:\\\/\\\/shop.gericos.trade\\\/es\\\/product\\\/socks-proxy-para-mt4-mt5-ctrader\\\/#breadcrumb\",\"itemListElement\":[{\"@type\":\"ListItem\",\"position\":1,\"name\":\"Home\",\"item\":\"https:\\\/\\\/shop.gericos.trade\\\/es\\\/tienda\\\/\"},{\"@type\":\"ListItem\",\"position\":2,\"name\":\"Tienda\",\"item\":\"https:\\\/\\\/shop.gericos.trade\\\/es\\\/tienda\\\/\"},{\"@type\":\"ListItem\",\"position\":3,\"name\":\"Socks Proxy para MT4\\\/MT5\\\/CTrader\"}]},{\"@type\":\"WebSite\",\"@id\":\"https:\\\/\\\/shop.gericos.trade\\\/es\\\/#website\",\"url\":\"https:\\\/\\\/shop.gericos.trade\\\/es\\\/\",\"name\":\"Gericos Shop\",\"description\":\"Technical tools for the best forex and market performance\",\"publisher\":{\"@id\":\"https:\\\/\\\/shop.gericos.trade\\\/es\\\/#organization\"},\"potentialAction\":[{\"@type\":\"SearchAction\",\"target\":{\"@type\":\"EntryPoint\",\"urlTemplate\":\"https:\\\/\\\/shop.gericos.trade\\\/es\\\/?s={search_term_string}\"},\"query-input\":{\"@type\":\"PropertyValueSpecification\",\"valueRequired\":true,\"valueName\":\"search_term_string\"}}],\"inLanguage\":\"es\"},{\"@type\":\"Organization\",\"@id\":\"https:\\\/\\\/shop.gericos.trade\\\/es\\\/#organization\",\"name\":\"Gericos Shop\",\"url\":\"https:\\\/\\\/shop.gericos.trade\\\/es\\\/\",\"logo\":{\"@type\":\"ImageObject\",\"inLanguage\":\"es\",\"@id\":\"https:\\\/\\\/shop.gericos.trade\\\/es\\\/#\\\/schema\\\/logo\\\/image\\\/\",\"url\":\"https:\\\/\\\/shop.gericos.trade\\\/wp-content\\\/uploads\\\/2024\\\/04\\\/medium-res-new.png\",\"contentUrl\":\"https:\\\/\\\/shop.gericos.trade\\\/wp-content\\\/uploads\\\/2024\\\/04\\\/medium-res-new.png\",\"width\":853,\"height\":423,\"caption\":\"Gericos Shop\"},\"image\":{\"@id\":\"https:\\\/\\\/shop.gericos.trade\\\/es\\\/#\\\/schema\\\/logo\\\/image\\\/\"}}]}<\/script>\n<!-- \/ Yoast SEO plugin. -->","yoast_head_json":{"title":"Socks Proxy para MT4\/MT5\/CTrader - Gericos Shop","description":"Proxy SOCKS para MT4\/MT5\/CTrader. Nuestro servicio Proxy SOCKS se utiliza para conectarte desde una ubicaci\u00f3n an\u00f3nima a tu broker.","robots":{"index":"index","follow":"follow","max-snippet":"max-snippet:-1","max-image-preview":"max-image-preview:large","max-video-preview":"max-video-preview:-1"},"canonical":"https:\/\/shop.gericos.trade\/es\/product\/socks-proxy-para-mt4-mt5-ctrader\/","og_locale":"es_ES","og_type":"article","og_title":"Socks Proxy para MT4\/MT5\/CTrader - Gericos Shop","og_description":"Proxy SOCKS para MT4\/MT5\/CTrader. Nuestro servicio Proxy SOCKS se utiliza para conectarte desde una ubicaci\u00f3n an\u00f3nima a tu broker.","og_url":"https:\/\/shop.gericos.trade\/es\/product\/socks-proxy-para-mt4-mt5-ctrader\/","og_site_name":"Gericos Shop","og_image":[{"width":556,"height":220,"url":"https:\/\/shop.gericos.trade\/wp-content\/uploads\/2024\/04\/main-qimg-53f9520c7e46e34bca6f92531f3ca788.webp","type":"image\/webp"}],"twitter_card":"summary_large_image","schema":{"@context":"https:\/\/schema.org","@graph":[{"@type":"WebPage","@id":"https:\/\/shop.gericos.trade\/es\/product\/socks-proxy-para-mt4-mt5-ctrader\/","url":"https:\/\/shop.gericos.trade\/es\/product\/socks-proxy-para-mt4-mt5-ctrader\/","name":"Socks Proxy para MT4\/MT5\/CTrader - Gericos Shop","isPartOf":{"@id":"https:\/\/shop.gericos.trade\/es\/#website"},"primaryImageOfPage":{"@id":"https:\/\/shop.gericos.trade\/es\/product\/socks-proxy-para-mt4-mt5-ctrader\/#primaryimage"},"image":{"@id":"https:\/\/shop.gericos.trade\/es\/product\/socks-proxy-para-mt4-mt5-ctrader\/#primaryimage"},"thumbnailUrl":"https:\/\/shop.gericos.trade\/wp-content\/uploads\/2024\/04\/product_proxy-2.png","datePublished":"2024-04-12T14:49:12+00:00","description":"Proxy SOCKS para MT4\/MT5\/CTrader. Nuestro servicio Proxy SOCKS se utiliza para conectarte desde una ubicaci\u00f3n an\u00f3nima a tu broker.","breadcrumb":{"@id":"https:\/\/shop.gericos.trade\/es\/product\/socks-proxy-para-mt4-mt5-ctrader\/#breadcrumb"},"inLanguage":"es","potentialAction":[{"@type":"ReadAction","target":["https:\/\/shop.gericos.trade\/es\/product\/socks-proxy-para-mt4-mt5-ctrader\/"]}]},{"@type":"ImageObject","inLanguage":"es","@id":"https:\/\/shop.gericos.trade\/es\/product\/socks-proxy-para-mt4-mt5-ctrader\/#primaryimage","url":"https:\/\/shop.gericos.trade\/wp-content\/uploads\/2024\/04\/product_proxy-2.png","contentUrl":"https:\/\/shop.gericos.trade\/wp-content\/uploads\/2024\/04\/product_proxy-2.png","width":380,"height":347},{"@type":"BreadcrumbList","@id":"https:\/\/shop.gericos.trade\/es\/product\/socks-proxy-para-mt4-mt5-ctrader\/#breadcrumb","itemListElement":[{"@type":"ListItem","position":1,"name":"Home","item":"https:\/\/shop.gericos.trade\/es\/tienda\/"},{"@type":"ListItem","position":2,"name":"Tienda","item":"https:\/\/shop.gericos.trade\/es\/tienda\/"},{"@type":"ListItem","position":3,"name":"Socks Proxy para MT4\/MT5\/CTrader"}]},{"@type":"WebSite","@id":"https:\/\/shop.gericos.trade\/es\/#website","url":"https:\/\/shop.gericos.trade\/es\/","name":"Gericos Shop","description":"Technical tools for the best forex and market performance","publisher":{"@id":"https:\/\/shop.gericos.trade\/es\/#organization"},"potentialAction":[{"@type":"SearchAction","target":{"@type":"EntryPoint","urlTemplate":"https:\/\/shop.gericos.trade\/es\/?s={search_term_string}"},"query-input":{"@type":"PropertyValueSpecification","valueRequired":true,"valueName":"search_term_string"}}],"inLanguage":"es"},{"@type":"Organization","@id":"https:\/\/shop.gericos.trade\/es\/#organization","name":"Gericos Shop","url":"https:\/\/shop.gericos.trade\/es\/","logo":{"@type":"ImageObject","inLanguage":"es","@id":"https:\/\/shop.gericos.trade\/es\/#\/schema\/logo\/image\/","url":"https:\/\/shop.gericos.trade\/wp-content\/uploads\/2024\/04\/medium-res-new.png","contentUrl":"https:\/\/shop.gericos.trade\/wp-content\/uploads\/2024\/04\/medium-res-new.png","width":853,"height":423,"caption":"Gericos Shop"},"image":{"@id":"https:\/\/shop.gericos.trade\/es\/#\/schema\/logo\/image\/"}}]}},"_links":{"self":[{"href":"https:\/\/shop.gericos.trade\/es\/wp-json\/wp\/v2\/product\/189","targetHints":{"allow":["GET"]}}],"collection":[{"href":"https:\/\/shop.gericos.trade\/es\/wp-json\/wp\/v2\/product"}],"about":[{"href":"https:\/\/shop.gericos.trade\/es\/wp-json\/wp\/v2\/types\/product"}],"wp:featuredmedia":[{"embeddable":true,"href":"https:\/\/shop.gericos.trade\/es\/wp-json\/wp\/v2\/media\/267"}],"wp:attachment":[{"href":"https:\/\/shop.gericos.trade\/es\/wp-json\/wp\/v2\/media?parent=189"}],"wp:term":[{"taxonomy":"product_brand","embeddable":true,"href":"https:\/\/shop.gericos.trade\/es\/wp-json\/wp\/v2\/product_brand?post=189"},{"taxonomy":"product_cat","embeddable":true,"href":"https:\/\/shop.gericos.trade\/es\/wp-json\/wp\/v2\/product_cat?post=189"},{"taxonomy":"product_tag","embeddable":true,"href":"https:\/\/shop.gericos.trade\/es\/wp-json\/wp\/v2\/product_tag?post=189"}],"curies":[{"name":"wp","href":"https:\/\/api.w.org\/{rel}","templated":true}]}}