{"id":191,"date":"2024-04-12T20:24:39","date_gmt":"2024-04-12T18:24:39","guid":{"rendered":"https:\/\/shop.gericos.trade\/product\/acceso-de-gestion-seguro-rdp\/"},"modified":"2024-11-16T17:52:23","modified_gmt":"2024-11-16T16:52:23","slug":"acceso-de-gestion-seguro-rdp","status":"publish","type":"product","link":"https:\/\/shop.gericos.trade\/es\/product\/acceso-de-gestion-seguro-rdp\/","title":{"rendered":"Acceso de gesti\u00f3n seguro RDP"},"content":{"rendered":"<p>Los servidores Windows en Internet suelen ser atacados en el puerto RDP, sea est\u00e1ndar o no.<br \/>\nEste servicio est\u00e1 dise\u00f1ado para actualizar din\u00e1micamente el cortafuegos de tu servidor\/VPS Windows a partir de una lista de IPs que s\u00f3lo t\u00fa puedes modificar.<\/p>\n<p>Este servicio est\u00e1 integrado de forma nativa en los servidores VPS de Gericos.<\/p>\n<p>Una vez que te hayas suscrito al servicio, env\u00eda a contact@gericos.trade la direcci\u00f3n IP est\u00e1tica de tu servidor. A cambio, te enviaremos el archivo de instalaci\u00f3n y tus credenciales para gestionar la lista de host autorizados a conectarse a tu servidor.<\/p>\n<p><strong>Importante<\/strong>: No te suscribas a esta opci\u00f3n si no tienes una direcci\u00f3n IP est\u00e1tica.<\/p>\n<p><a href=\"https:\/\/www.paypal.com\/webapps\/billing\/plans\/subscribe?plan_id=P-73G23473WP906773SMYMY5LI\" target=\"_blank\" rel=\"noopener\">-&gt; Suscr\u00edbete con PayPal &lt;-<\/a><\/p>\n<p><a href=\"https:\/\/buy.stripe.com\/eVa7uvgTHgAv2KAbJ3\" target=\"_blank\" rel=\"noopener\">-&gt; Suscribirse con Stripe &lt;-<\/a><\/p>\n","protected":false},"excerpt":{"rendered":"<p>Los servidores Windows en Internet suelen ser atacados en el puerto RDP, sea est\u00e1ndar o no. Este servicio est\u00e1 dise\u00f1ado para actualizar din\u00e1micamente el cortafuegos de tu servidor\/VPS Windows a partir de una lista de IPs que s\u00f3lo t\u00fa puedes modificar. Este servicio est\u00e1 integrado de forma nativa en los servidores VPS de Gericos. Una [&hellip;]<\/p>\n","protected":false},"featured_media":378,"template":"","meta":[],"product_brand":[],"product_cat":[45],"product_tag":[],"class_list":{"0":"post-191","1":"product","2":"type-product","3":"status-publish","4":"has-post-thumbnail","6":"product_cat-servicios","8":"first","9":"instock","10":"virtual","11":"purchasable","12":"product-type-simple"},"yoast_head":"<!-- This site is optimized with the Yoast SEO plugin v27.4 - https:\/\/yoast.com\/product\/yoast-seo-wordpress\/ -->\n<title>Acceso de gesti\u00f3n seguro RDP - Gericos Shop<\/title>\n<meta name=\"description\" content=\"Este servicio actualiza din\u00e1micamente el cortafuegos de tu servidor\/VPS Windows para proteger el puerto RDP, utilizando una lista de IP personalizable para mejorar la seguridad.\" \/>\n<meta name=\"robots\" content=\"index, follow, max-snippet:-1, max-image-preview:large, max-video-preview:-1\" \/>\n<link rel=\"canonical\" href=\"https:\/\/shop.gericos.trade\/es\/product\/acceso-de-gestion-seguro-rdp\/\" \/>\n<meta property=\"og:locale\" content=\"es_ES\" \/>\n<meta property=\"og:type\" content=\"article\" \/>\n<meta property=\"og:title\" content=\"Acceso de gesti\u00f3n seguro RDP - Gericos Shop\" \/>\n<meta property=\"og:description\" content=\"Este servicio actualiza din\u00e1micamente el cortafuegos de tu servidor\/VPS Windows para proteger el puerto RDP, utilizando una lista de IP personalizable para mejorar la seguridad.\" \/>\n<meta property=\"og:url\" content=\"https:\/\/shop.gericos.trade\/es\/product\/acceso-de-gestion-seguro-rdp\/\" \/>\n<meta property=\"og:site_name\" content=\"Gericos Shop\" \/>\n<meta property=\"article:modified_time\" content=\"2024-11-16T16:52:23+00:00\" \/>\n<meta property=\"og:image\" content=\"https:\/\/shop.gericos.trade\/wp-content\/uploads\/2024\/04\/product_RDP.png\" \/>\n\t<meta property=\"og:image:width\" content=\"296\" \/>\n\t<meta property=\"og:image:height\" content=\"318\" \/>\n\t<meta property=\"og:image:type\" content=\"image\/png\" \/>\n<meta name=\"twitter:card\" content=\"summary_large_image\" \/>\n<meta name=\"twitter:label1\" content=\"Tiempo de lectura\" \/>\n\t<meta name=\"twitter:data1\" content=\"1 minuto\" \/>\n<script type=\"application\/ld+json\" class=\"yoast-schema-graph\">{\"@context\":\"https:\\\/\\\/schema.org\",\"@graph\":[{\"@type\":\"WebPage\",\"@id\":\"https:\\\/\\\/shop.gericos.trade\\\/es\\\/product\\\/acceso-de-gestion-seguro-rdp\\\/\",\"url\":\"https:\\\/\\\/shop.gericos.trade\\\/es\\\/product\\\/acceso-de-gestion-seguro-rdp\\\/\",\"name\":\"Acceso de gesti\u00f3n seguro RDP - Gericos Shop\",\"isPartOf\":{\"@id\":\"https:\\\/\\\/shop.gericos.trade\\\/es\\\/#website\"},\"primaryImageOfPage\":{\"@id\":\"https:\\\/\\\/shop.gericos.trade\\\/es\\\/product\\\/acceso-de-gestion-seguro-rdp\\\/#primaryimage\"},\"image\":{\"@id\":\"https:\\\/\\\/shop.gericos.trade\\\/es\\\/product\\\/acceso-de-gestion-seguro-rdp\\\/#primaryimage\"},\"thumbnailUrl\":\"https:\\\/\\\/shop.gericos.trade\\\/wp-content\\\/uploads\\\/2025\\\/06\\\/SecureRDP.jpg\",\"datePublished\":\"2024-04-12T18:24:39+00:00\",\"dateModified\":\"2024-11-16T16:52:23+00:00\",\"description\":\"Este servicio actualiza din\u00e1micamente el cortafuegos de tu servidor\\\/VPS Windows para proteger el puerto RDP, utilizando una lista de IP personalizable para mejorar la seguridad.\",\"breadcrumb\":{\"@id\":\"https:\\\/\\\/shop.gericos.trade\\\/es\\\/product\\\/acceso-de-gestion-seguro-rdp\\\/#breadcrumb\"},\"inLanguage\":\"es\",\"potentialAction\":[{\"@type\":\"ReadAction\",\"target\":[\"https:\\\/\\\/shop.gericos.trade\\\/es\\\/product\\\/acceso-de-gestion-seguro-rdp\\\/\"]}]},{\"@type\":\"ImageObject\",\"inLanguage\":\"es\",\"@id\":\"https:\\\/\\\/shop.gericos.trade\\\/es\\\/product\\\/acceso-de-gestion-seguro-rdp\\\/#primaryimage\",\"url\":\"https:\\\/\\\/shop.gericos.trade\\\/wp-content\\\/uploads\\\/2025\\\/06\\\/SecureRDP.jpg\",\"contentUrl\":\"https:\\\/\\\/shop.gericos.trade\\\/wp-content\\\/uploads\\\/2025\\\/06\\\/SecureRDP.jpg\",\"width\":2048,\"height\":2048},{\"@type\":\"BreadcrumbList\",\"@id\":\"https:\\\/\\\/shop.gericos.trade\\\/es\\\/product\\\/acceso-de-gestion-seguro-rdp\\\/#breadcrumb\",\"itemListElement\":[{\"@type\":\"ListItem\",\"position\":1,\"name\":\"Home\",\"item\":\"https:\\\/\\\/shop.gericos.trade\\\/es\\\/tienda\\\/\"},{\"@type\":\"ListItem\",\"position\":2,\"name\":\"Tienda\",\"item\":\"https:\\\/\\\/shop.gericos.trade\\\/es\\\/tienda\\\/\"},{\"@type\":\"ListItem\",\"position\":3,\"name\":\"Acceso de gesti\u00f3n seguro RDP\"}]},{\"@type\":\"WebSite\",\"@id\":\"https:\\\/\\\/shop.gericos.trade\\\/es\\\/#website\",\"url\":\"https:\\\/\\\/shop.gericos.trade\\\/es\\\/\",\"name\":\"Gericos Shop\",\"description\":\"Technical tools for the best forex and market performance\",\"publisher\":{\"@id\":\"https:\\\/\\\/shop.gericos.trade\\\/es\\\/#organization\"},\"potentialAction\":[{\"@type\":\"SearchAction\",\"target\":{\"@type\":\"EntryPoint\",\"urlTemplate\":\"https:\\\/\\\/shop.gericos.trade\\\/es\\\/?s={search_term_string}\"},\"query-input\":{\"@type\":\"PropertyValueSpecification\",\"valueRequired\":true,\"valueName\":\"search_term_string\"}}],\"inLanguage\":\"es\"},{\"@type\":\"Organization\",\"@id\":\"https:\\\/\\\/shop.gericos.trade\\\/es\\\/#organization\",\"name\":\"Gericos Shop\",\"url\":\"https:\\\/\\\/shop.gericos.trade\\\/es\\\/\",\"logo\":{\"@type\":\"ImageObject\",\"inLanguage\":\"es\",\"@id\":\"https:\\\/\\\/shop.gericos.trade\\\/es\\\/#\\\/schema\\\/logo\\\/image\\\/\",\"url\":\"https:\\\/\\\/shop.gericos.trade\\\/wp-content\\\/uploads\\\/2024\\\/04\\\/medium-res-new.png\",\"contentUrl\":\"https:\\\/\\\/shop.gericos.trade\\\/wp-content\\\/uploads\\\/2024\\\/04\\\/medium-res-new.png\",\"width\":853,\"height\":423,\"caption\":\"Gericos Shop\"},\"image\":{\"@id\":\"https:\\\/\\\/shop.gericos.trade\\\/es\\\/#\\\/schema\\\/logo\\\/image\\\/\"}}]}<\/script>\n<!-- \/ Yoast SEO plugin. -->","yoast_head_json":{"title":"Acceso de gesti\u00f3n seguro RDP - Gericos Shop","description":"Este servicio actualiza din\u00e1micamente el cortafuegos de tu servidor\/VPS Windows para proteger el puerto RDP, utilizando una lista de IP personalizable para mejorar la seguridad.","robots":{"index":"index","follow":"follow","max-snippet":"max-snippet:-1","max-image-preview":"max-image-preview:large","max-video-preview":"max-video-preview:-1"},"canonical":"https:\/\/shop.gericos.trade\/es\/product\/acceso-de-gestion-seguro-rdp\/","og_locale":"es_ES","og_type":"article","og_title":"Acceso de gesti\u00f3n seguro RDP - Gericos Shop","og_description":"Este servicio actualiza din\u00e1micamente el cortafuegos de tu servidor\/VPS Windows para proteger el puerto RDP, utilizando una lista de IP personalizable para mejorar la seguridad.","og_url":"https:\/\/shop.gericos.trade\/es\/product\/acceso-de-gestion-seguro-rdp\/","og_site_name":"Gericos Shop","article_modified_time":"2024-11-16T16:52:23+00:00","og_image":[{"width":296,"height":318,"url":"https:\/\/shop.gericos.trade\/wp-content\/uploads\/2024\/04\/product_RDP.png","type":"image\/png"}],"twitter_card":"summary_large_image","twitter_misc":{"Tiempo de lectura":"1 minuto"},"schema":{"@context":"https:\/\/schema.org","@graph":[{"@type":"WebPage","@id":"https:\/\/shop.gericos.trade\/es\/product\/acceso-de-gestion-seguro-rdp\/","url":"https:\/\/shop.gericos.trade\/es\/product\/acceso-de-gestion-seguro-rdp\/","name":"Acceso de gesti\u00f3n seguro RDP - Gericos Shop","isPartOf":{"@id":"https:\/\/shop.gericos.trade\/es\/#website"},"primaryImageOfPage":{"@id":"https:\/\/shop.gericos.trade\/es\/product\/acceso-de-gestion-seguro-rdp\/#primaryimage"},"image":{"@id":"https:\/\/shop.gericos.trade\/es\/product\/acceso-de-gestion-seguro-rdp\/#primaryimage"},"thumbnailUrl":"https:\/\/shop.gericos.trade\/wp-content\/uploads\/2025\/06\/SecureRDP.jpg","datePublished":"2024-04-12T18:24:39+00:00","dateModified":"2024-11-16T16:52:23+00:00","description":"Este servicio actualiza din\u00e1micamente el cortafuegos de tu servidor\/VPS Windows para proteger el puerto RDP, utilizando una lista de IP personalizable para mejorar la seguridad.","breadcrumb":{"@id":"https:\/\/shop.gericos.trade\/es\/product\/acceso-de-gestion-seguro-rdp\/#breadcrumb"},"inLanguage":"es","potentialAction":[{"@type":"ReadAction","target":["https:\/\/shop.gericos.trade\/es\/product\/acceso-de-gestion-seguro-rdp\/"]}]},{"@type":"ImageObject","inLanguage":"es","@id":"https:\/\/shop.gericos.trade\/es\/product\/acceso-de-gestion-seguro-rdp\/#primaryimage","url":"https:\/\/shop.gericos.trade\/wp-content\/uploads\/2025\/06\/SecureRDP.jpg","contentUrl":"https:\/\/shop.gericos.trade\/wp-content\/uploads\/2025\/06\/SecureRDP.jpg","width":2048,"height":2048},{"@type":"BreadcrumbList","@id":"https:\/\/shop.gericos.trade\/es\/product\/acceso-de-gestion-seguro-rdp\/#breadcrumb","itemListElement":[{"@type":"ListItem","position":1,"name":"Home","item":"https:\/\/shop.gericos.trade\/es\/tienda\/"},{"@type":"ListItem","position":2,"name":"Tienda","item":"https:\/\/shop.gericos.trade\/es\/tienda\/"},{"@type":"ListItem","position":3,"name":"Acceso de gesti\u00f3n seguro RDP"}]},{"@type":"WebSite","@id":"https:\/\/shop.gericos.trade\/es\/#website","url":"https:\/\/shop.gericos.trade\/es\/","name":"Gericos Shop","description":"Technical tools for the best forex and market performance","publisher":{"@id":"https:\/\/shop.gericos.trade\/es\/#organization"},"potentialAction":[{"@type":"SearchAction","target":{"@type":"EntryPoint","urlTemplate":"https:\/\/shop.gericos.trade\/es\/?s={search_term_string}"},"query-input":{"@type":"PropertyValueSpecification","valueRequired":true,"valueName":"search_term_string"}}],"inLanguage":"es"},{"@type":"Organization","@id":"https:\/\/shop.gericos.trade\/es\/#organization","name":"Gericos Shop","url":"https:\/\/shop.gericos.trade\/es\/","logo":{"@type":"ImageObject","inLanguage":"es","@id":"https:\/\/shop.gericos.trade\/es\/#\/schema\/logo\/image\/","url":"https:\/\/shop.gericos.trade\/wp-content\/uploads\/2024\/04\/medium-res-new.png","contentUrl":"https:\/\/shop.gericos.trade\/wp-content\/uploads\/2024\/04\/medium-res-new.png","width":853,"height":423,"caption":"Gericos Shop"},"image":{"@id":"https:\/\/shop.gericos.trade\/es\/#\/schema\/logo\/image\/"}}]}},"_links":{"self":[{"href":"https:\/\/shop.gericos.trade\/es\/wp-json\/wp\/v2\/product\/191","targetHints":{"allow":["GET"]}}],"collection":[{"href":"https:\/\/shop.gericos.trade\/es\/wp-json\/wp\/v2\/product"}],"about":[{"href":"https:\/\/shop.gericos.trade\/es\/wp-json\/wp\/v2\/types\/product"}],"wp:featuredmedia":[{"embeddable":true,"href":"https:\/\/shop.gericos.trade\/es\/wp-json\/wp\/v2\/media\/378"}],"wp:attachment":[{"href":"https:\/\/shop.gericos.trade\/es\/wp-json\/wp\/v2\/media?parent=191"}],"wp:term":[{"taxonomy":"product_brand","embeddable":true,"href":"https:\/\/shop.gericos.trade\/es\/wp-json\/wp\/v2\/product_brand?post=191"},{"taxonomy":"product_cat","embeddable":true,"href":"https:\/\/shop.gericos.trade\/es\/wp-json\/wp\/v2\/product_cat?post=191"},{"taxonomy":"product_tag","embeddable":true,"href":"https:\/\/shop.gericos.trade\/es\/wp-json\/wp\/v2\/product_tag?post=191"}],"curies":[{"name":"wp","href":"https:\/\/api.w.org\/{rel}","templated":true}]}}