{"id":222,"date":"2024-04-12T15:56:11","date_gmt":"2024-04-12T13:56:11","guid":{"rendered":"https:\/\/shop.gericos.trade\/politique-de-confidentialite-pour-shop-gericos-trade\/"},"modified":"2024-11-16T16:51:27","modified_gmt":"2024-11-16T15:51:27","slug":"politique-de-confidentialite-pour-shop-gericos-trade","status":"publish","type":"page","link":"https:\/\/shop.gericos.trade\/fr\/politique-de-confidentialite-pour-shop-gericos-trade\/","title":{"rendered":"Politique de confidentialit\u00e9 pour shop.gericos.trade"},"content":{"rendered":"\n<p>Chez Gericos, accessible \u00e0 partir de https:\/\/shop.gericos.trade, l&rsquo;une de nos principales priorit\u00e9s est la protection de la vie priv\u00e9e de nos visiteurs. Ce document de politique de confidentialit\u00e9 contient les types d&rsquo;informations qui sont collect\u00e9es et enregistr\u00e9es par Gericos et la mani\u00e8re dont nous les utilisons. <\/p>\n\n<p>Si vous avez des questions suppl\u00e9mentaires ou si vous souhaitez obtenir plus d&rsquo;informations sur notre politique de confidentialit\u00e9, n&rsquo;h\u00e9sitez pas \u00e0 nous contacter. Notre politique de confidentialit\u00e9 a \u00e9t\u00e9 cr\u00e9\u00e9e avec l&rsquo;aide du <a href=\"https:\/\/www.generateprivacypolicy.com\/\">g\u00e9n\u00e9rateur de politique de confidentialit\u00e9<\/a>. <\/p>\n\n<h2>Fichiers journaux<\/h2>\n\n<p>Gericos suit une proc\u00e9dure standard d&rsquo;utilisation de fichiers journaux. Ces fichiers enregistrent les visiteurs lorsqu&rsquo;ils visitent les sites web. Toutes les soci\u00e9t\u00e9s d&rsquo;h\u00e9bergement le font et cela fait partie de l&rsquo;analyse des services d&rsquo;h\u00e9bergement. Les informations collect\u00e9es par les fichiers journaux comprennent les adresses de protocole Internet (IP), le type de navigateur, le fournisseur d&rsquo;acc\u00e8s Internet (FAI), la date et l&rsquo;heure, les pages de renvoi et de sortie, et \u00e9ventuellement le nombre de clics. Ces donn\u00e9es ne sont pas li\u00e9es \u00e0 des informations personnellement identifiables. L&rsquo;objectif de ces informations est d&rsquo;analyser les tendances, d&rsquo;administrer le site, de suivre les mouvements des utilisateurs sur le site et de recueillir des informations d\u00e9mographiques.     <\/p>\n\n<h2>Cookies et balises web<\/h2>\n\n<p>Comme tout autre site web, Gericos utilise des \u00ab\u00a0cookies\u00a0\u00bb. Ces cookies sont utilis\u00e9s pour stocker des informations, y compris les pr\u00e9f\u00e9rences des visiteurs et les pages du site Web auxquelles le visiteur a acc\u00e9d\u00e9 ou qu&rsquo;il a visit\u00e9es. Ces informations sont utilis\u00e9es pour optimiser l&rsquo;exp\u00e9rience des utilisateurs en personnalisant le contenu de nos pages web en fonction du type de navigateur des visiteurs et\/ou d&rsquo;autres informations.  <\/p>\n\n<h2>Google DoubleClick DART Cookie<\/h2>\n\n<p>Google est l&rsquo;un des fournisseurs tiers de notre site. Il utilise \u00e9galement des cookies, connus sous le nom de cookies DART, pour diffuser des annonces aux visiteurs de notre site en fonction de leur visite sur www.website.com et d&rsquo;autres sites sur Internet. Toutefois, les visiteurs peuvent choisir de refuser l&rsquo;utilisation des cookies DART en consultant les r\u00e8gles de confidentialit\u00e9 du r\u00e9seau d&rsquo;annonces et de contenu de Google \u00e0 l&rsquo;adresse suivante : <a href=\"https:\/\/policies.google.com\/technologies\/ads\">https:\/\/policies.google.com\/technologies\/ads<\/a>.  <\/p>\n\n<h2>Nos partenaires publicitaires<\/h2>\n\n<p>Certains annonceurs pr\u00e9sents sur notre site peuvent utiliser des cookies et des balises web. Nos partenaires publicitaires sont \u00e9num\u00e9r\u00e9s ci-dessous. Chacun de nos partenaires publicitaires dispose de sa propre politique de confidentialit\u00e9 concernant les donn\u00e9es des utilisateurs. Pour un acc\u00e8s plus facile, nous avons cr\u00e9\u00e9 un lien hypertexte vers leurs politiques de confidentialit\u00e9 ci-dessous.   <\/p>\n\n<ul>\n    <li>\n        <p>Google<\/p>\n        <p><a href=\"https:\/\/policies.google.com\/technologies\/ads\">https:\/\/policies.google.com\/technologies\/ads<\/a><\/p>\n    <\/li>\n<\/ul>\n\n<h2>Politiques de confidentialit\u00e9<\/h2>\n\n<p>Vous pouvez consulter cette liste pour trouver la politique de confidentialit\u00e9 de chacun des partenaires publicitaires de Gericos.<\/p>\n\n<p>Les serveurs publicitaires tiers ou les r\u00e9seaux publicitaires utilisent des technologies telles que les cookies, le JavaScript ou les pixels invisibles qui sont utilis\u00e9s dans leurs publicit\u00e9s et liens respectifs qui apparaissent sur Gericos, et qui sont envoy\u00e9s directement au navigateur de l&rsquo;utilisateur. Ils re\u00e7oivent automatiquement votre adresse IP lorsque cela se produit. Ces technologies sont utilis\u00e9es pour mesurer l&rsquo;efficacit\u00e9 de leurs campagnes publicitaires et\/ou pour personnaliser le contenu publicitaire que vous voyez sur les sites web que vous visitez.  <\/p>\n\n<p>Notez que Gericos n&rsquo;a aucun acc\u00e8s ou contr\u00f4le sur ces cookies utilis\u00e9s par des annonceurs tiers.<\/p>\n\n<h2>Politiques de confidentialit\u00e9 des tiers<\/h2>\n\n<p>La politique de confidentialit\u00e9 de Gericos ne s&rsquo;applique pas aux autres annonceurs ou sites web. Nous vous conseillons donc de consulter les politiques de confidentialit\u00e9 respectives de ces serveurs publicitaires tiers pour obtenir des informations plus d\u00e9taill\u00e9es. Cela peut inclure leurs pratiques et des instructions sur la mani\u00e8re de refuser certaines options.    <\/p>\n\n<p>Vous pouvez choisir de d\u00e9sactiver les cookies par le biais des options de votre navigateur. Pour obtenir des informations plus d\u00e9taill\u00e9es sur la gestion des cookies avec des navigateurs web sp\u00e9cifiques, vous pouvez consulter les sites web respectifs de ces navigateurs. Que sont les cookies ?  <\/p>\n\n<h2>Informations pour les enfants<\/h2>\n\n<p>Une autre de nos priorit\u00e9s est de renforcer la protection des enfants lorsqu&rsquo;ils utilisent l&rsquo;internet. Nous encourageons les parents et les tuteurs \u00e0 observer leurs activit\u00e9s en ligne, \u00e0 y participer et\/ou \u00e0 les surveiller et \u00e0 les guider. <\/p>\n\n<p>Si vous pensez que votre enfant a fourni ce type d&rsquo;informations sur notre site web, nous vous encourageons vivement \u00e0 nous contacter imm\u00e9diatement et nous ferons tout notre possible pour supprimer rapidement ces informations de nos dossiers. <\/p>\n\n<h2>Politique de confidentialit\u00e9 en ligne uniquement<\/h2>\n\n<p>Cette politique de confidentialit\u00e9 ne s&rsquo;applique qu&rsquo;\u00e0 nos activit\u00e9s en ligne et est valable pour les visiteurs de notre site web en ce qui concerne les informations qu&rsquo;ils partagent et\/ou collectent \u00e0 Gericos. Cette politique ne s&rsquo;applique pas aux informations collect\u00e9es hors ligne ou via d&rsquo;autres canaux que ce site web. <\/p>\n\n<h2>Consentement<\/h2>\n\n<p>En utilisant notre site web, vous consentez par la pr\u00e9sente \u00e0 notre politique de confidentialit\u00e9 et acceptez ses conditions g\u00e9n\u00e9rales.<\/p>\n","protected":false},"excerpt":{"rendered":"<p>Chez Gericos, accessible \u00e0 partir de https:\/\/shop.gericos.trade, l&rsquo;une de nos principales priorit\u00e9s est la protection de la vie priv\u00e9e de nos visiteurs. Ce document de politique de confidentialit\u00e9 contient les types d&rsquo;informations qui sont collect\u00e9es et enregistr\u00e9es par Gericos et la mani\u00e8re dont nous les utilisons. Si vous avez des questions suppl\u00e9mentaires ou si vous [&hellip;]<\/p>\n","protected":false},"author":1,"featured_media":0,"parent":0,"menu_order":0,"comment_status":"closed","ping_status":"open","template":"","meta":{"footnotes":""},"class_list":["post-222","page","type-page","status-publish","hentry"],"yoast_head":"<!-- This site is optimized with the Yoast SEO plugin v27.4 - https:\/\/yoast.com\/product\/yoast-seo-wordpress\/ -->\n<title>Politique de confidentialit\u00e9 pour shop.gericos.trade - Gericos Shop<\/title>\n<meta name=\"robots\" content=\"index, follow, max-snippet:-1, max-image-preview:large, max-video-preview:-1\" \/>\n<link rel=\"canonical\" href=\"https:\/\/shop.gericos.trade\/fr\/politique-de-confidentialite-pour-shop-gericos-trade\/\" \/>\n<meta property=\"og:locale\" content=\"fr_FR\" \/>\n<meta property=\"og:type\" content=\"article\" \/>\n<meta property=\"og:title\" content=\"Politique de confidentialit\u00e9 pour shop.gericos.trade - Gericos Shop\" \/>\n<meta property=\"og:description\" content=\"Chez Gericos, accessible \u00e0 partir de https:\/\/shop.gericos.trade, l&rsquo;une de nos principales priorit\u00e9s est la protection de la vie priv\u00e9e de nos visiteurs. Ce document de politique de confidentialit\u00e9 contient les types d&rsquo;informations qui sont collect\u00e9es et enregistr\u00e9es par Gericos et la mani\u00e8re dont nous les utilisons. Si vous avez des questions suppl\u00e9mentaires ou si vous [&hellip;]\" \/>\n<meta property=\"og:url\" content=\"https:\/\/shop.gericos.trade\/fr\/politique-de-confidentialite-pour-shop-gericos-trade\/\" \/>\n<meta property=\"og:site_name\" content=\"Gericos Shop\" \/>\n<meta property=\"article:modified_time\" content=\"2024-11-16T15:51:27+00:00\" \/>\n<meta name=\"twitter:card\" content=\"summary_large_image\" \/>\n<meta name=\"twitter:label1\" content=\"Dur\u00e9e de lecture estim\u00e9e\" \/>\n\t<meta name=\"twitter:data1\" content=\"4 minutes\" \/>\n<script type=\"application\/ld+json\" class=\"yoast-schema-graph\">{\"@context\":\"https:\\\/\\\/schema.org\",\"@graph\":[{\"@type\":\"WebPage\",\"@id\":\"https:\\\/\\\/shop.gericos.trade\\\/fr\\\/politique-de-confidentialite-pour-shop-gericos-trade\\\/\",\"url\":\"https:\\\/\\\/shop.gericos.trade\\\/fr\\\/politique-de-confidentialite-pour-shop-gericos-trade\\\/\",\"name\":\"Politique de confidentialit\u00e9 pour shop.gericos.trade - Gericos Shop\",\"isPartOf\":{\"@id\":\"https:\\\/\\\/shop.gericos.trade\\\/fr\\\/#website\"},\"datePublished\":\"2024-04-12T13:56:11+00:00\",\"dateModified\":\"2024-11-16T15:51:27+00:00\",\"breadcrumb\":{\"@id\":\"https:\\\/\\\/shop.gericos.trade\\\/fr\\\/politique-de-confidentialite-pour-shop-gericos-trade\\\/#breadcrumb\"},\"inLanguage\":\"fr-FR\",\"potentialAction\":[{\"@type\":\"ReadAction\",\"target\":[\"https:\\\/\\\/shop.gericos.trade\\\/fr\\\/politique-de-confidentialite-pour-shop-gericos-trade\\\/\"]}]},{\"@type\":\"BreadcrumbList\",\"@id\":\"https:\\\/\\\/shop.gericos.trade\\\/fr\\\/politique-de-confidentialite-pour-shop-gericos-trade\\\/#breadcrumb\",\"itemListElement\":[{\"@type\":\"ListItem\",\"position\":1,\"name\":\"Home\",\"item\":\"https:\\\/\\\/shop.gericos.trade\\\/fr\\\/boutique\\\/\"},{\"@type\":\"ListItem\",\"position\":2,\"name\":\"Politique de confidentialit\u00e9 pour shop.gericos.trade\"}]},{\"@type\":\"WebSite\",\"@id\":\"https:\\\/\\\/shop.gericos.trade\\\/fr\\\/#website\",\"url\":\"https:\\\/\\\/shop.gericos.trade\\\/fr\\\/\",\"name\":\"Gericos Shop\",\"description\":\"Technical tools for the best forex and market performance\",\"publisher\":{\"@id\":\"https:\\\/\\\/shop.gericos.trade\\\/fr\\\/#organization\"},\"potentialAction\":[{\"@type\":\"SearchAction\",\"target\":{\"@type\":\"EntryPoint\",\"urlTemplate\":\"https:\\\/\\\/shop.gericos.trade\\\/fr\\\/?s={search_term_string}\"},\"query-input\":{\"@type\":\"PropertyValueSpecification\",\"valueRequired\":true,\"valueName\":\"search_term_string\"}}],\"inLanguage\":\"fr-FR\"},{\"@type\":\"Organization\",\"@id\":\"https:\\\/\\\/shop.gericos.trade\\\/fr\\\/#organization\",\"name\":\"Gericos Shop\",\"url\":\"https:\\\/\\\/shop.gericos.trade\\\/fr\\\/\",\"logo\":{\"@type\":\"ImageObject\",\"inLanguage\":\"fr-FR\",\"@id\":\"https:\\\/\\\/shop.gericos.trade\\\/fr\\\/#\\\/schema\\\/logo\\\/image\\\/\",\"url\":\"https:\\\/\\\/shop.gericos.trade\\\/wp-content\\\/uploads\\\/2024\\\/04\\\/medium-res-new.png\",\"contentUrl\":\"https:\\\/\\\/shop.gericos.trade\\\/wp-content\\\/uploads\\\/2024\\\/04\\\/medium-res-new.png\",\"width\":853,\"height\":423,\"caption\":\"Gericos Shop\"},\"image\":{\"@id\":\"https:\\\/\\\/shop.gericos.trade\\\/fr\\\/#\\\/schema\\\/logo\\\/image\\\/\"}}]}<\/script>\n<!-- \/ Yoast SEO plugin. -->","yoast_head_json":{"title":"Politique de confidentialit\u00e9 pour shop.gericos.trade - Gericos Shop","robots":{"index":"index","follow":"follow","max-snippet":"max-snippet:-1","max-image-preview":"max-image-preview:large","max-video-preview":"max-video-preview:-1"},"canonical":"https:\/\/shop.gericos.trade\/fr\/politique-de-confidentialite-pour-shop-gericos-trade\/","og_locale":"fr_FR","og_type":"article","og_title":"Politique de confidentialit\u00e9 pour shop.gericos.trade - Gericos Shop","og_description":"Chez Gericos, accessible \u00e0 partir de https:\/\/shop.gericos.trade, l&rsquo;une de nos principales priorit\u00e9s est la protection de la vie priv\u00e9e de nos visiteurs. Ce document de politique de confidentialit\u00e9 contient les types d&rsquo;informations qui sont collect\u00e9es et enregistr\u00e9es par Gericos et la mani\u00e8re dont nous les utilisons. Si vous avez des questions suppl\u00e9mentaires ou si vous [&hellip;]","og_url":"https:\/\/shop.gericos.trade\/fr\/politique-de-confidentialite-pour-shop-gericos-trade\/","og_site_name":"Gericos Shop","article_modified_time":"2024-11-16T15:51:27+00:00","twitter_card":"summary_large_image","twitter_misc":{"Dur\u00e9e de lecture estim\u00e9e":"4 minutes"},"schema":{"@context":"https:\/\/schema.org","@graph":[{"@type":"WebPage","@id":"https:\/\/shop.gericos.trade\/fr\/politique-de-confidentialite-pour-shop-gericos-trade\/","url":"https:\/\/shop.gericos.trade\/fr\/politique-de-confidentialite-pour-shop-gericos-trade\/","name":"Politique de confidentialit\u00e9 pour shop.gericos.trade - Gericos Shop","isPartOf":{"@id":"https:\/\/shop.gericos.trade\/fr\/#website"},"datePublished":"2024-04-12T13:56:11+00:00","dateModified":"2024-11-16T15:51:27+00:00","breadcrumb":{"@id":"https:\/\/shop.gericos.trade\/fr\/politique-de-confidentialite-pour-shop-gericos-trade\/#breadcrumb"},"inLanguage":"fr-FR","potentialAction":[{"@type":"ReadAction","target":["https:\/\/shop.gericos.trade\/fr\/politique-de-confidentialite-pour-shop-gericos-trade\/"]}]},{"@type":"BreadcrumbList","@id":"https:\/\/shop.gericos.trade\/fr\/politique-de-confidentialite-pour-shop-gericos-trade\/#breadcrumb","itemListElement":[{"@type":"ListItem","position":1,"name":"Home","item":"https:\/\/shop.gericos.trade\/fr\/boutique\/"},{"@type":"ListItem","position":2,"name":"Politique de confidentialit\u00e9 pour shop.gericos.trade"}]},{"@type":"WebSite","@id":"https:\/\/shop.gericos.trade\/fr\/#website","url":"https:\/\/shop.gericos.trade\/fr\/","name":"Gericos Shop","description":"Technical tools for the best forex and market performance","publisher":{"@id":"https:\/\/shop.gericos.trade\/fr\/#organization"},"potentialAction":[{"@type":"SearchAction","target":{"@type":"EntryPoint","urlTemplate":"https:\/\/shop.gericos.trade\/fr\/?s={search_term_string}"},"query-input":{"@type":"PropertyValueSpecification","valueRequired":true,"valueName":"search_term_string"}}],"inLanguage":"fr-FR"},{"@type":"Organization","@id":"https:\/\/shop.gericos.trade\/fr\/#organization","name":"Gericos Shop","url":"https:\/\/shop.gericos.trade\/fr\/","logo":{"@type":"ImageObject","inLanguage":"fr-FR","@id":"https:\/\/shop.gericos.trade\/fr\/#\/schema\/logo\/image\/","url":"https:\/\/shop.gericos.trade\/wp-content\/uploads\/2024\/04\/medium-res-new.png","contentUrl":"https:\/\/shop.gericos.trade\/wp-content\/uploads\/2024\/04\/medium-res-new.png","width":853,"height":423,"caption":"Gericos Shop"},"image":{"@id":"https:\/\/shop.gericos.trade\/fr\/#\/schema\/logo\/image\/"}}]}},"_links":{"self":[{"href":"https:\/\/shop.gericos.trade\/fr\/wp-json\/wp\/v2\/pages\/222","targetHints":{"allow":["GET"]}}],"collection":[{"href":"https:\/\/shop.gericos.trade\/fr\/wp-json\/wp\/v2\/pages"}],"about":[{"href":"https:\/\/shop.gericos.trade\/fr\/wp-json\/wp\/v2\/types\/page"}],"author":[{"embeddable":true,"href":"https:\/\/shop.gericos.trade\/fr\/wp-json\/wp\/v2\/users\/1"}],"replies":[{"embeddable":true,"href":"https:\/\/shop.gericos.trade\/fr\/wp-json\/wp\/v2\/comments?post=222"}],"version-history":[{"count":1,"href":"https:\/\/shop.gericos.trade\/fr\/wp-json\/wp\/v2\/pages\/222\/revisions"}],"predecessor-version":[{"id":224,"href":"https:\/\/shop.gericos.trade\/fr\/wp-json\/wp\/v2\/pages\/222\/revisions\/224"}],"wp:attachment":[{"href":"https:\/\/shop.gericos.trade\/fr\/wp-json\/wp\/v2\/media?parent=222"}],"curies":[{"name":"wp","href":"https:\/\/api.w.org\/{rel}","templated":true}]}}