{"id":174,"date":"2024-05-15T18:01:24","date_gmt":"2024-05-15T16:01:24","guid":{"rendered":"https:\/\/shop.gericos.trade\/product\/gericosatv\/"},"modified":"2025-06-03T00:02:51","modified_gmt":"2025-06-02T22:02:51","slug":"gericosatv","status":"publish","type":"product","link":"https:\/\/shop.gericos.trade\/fr\/product\/gericosatv\/","title":{"rendered":"GericosATV"},"content":{"rendered":"<p>GericosATV est une nouvelle g\u00e9n\u00e9ration de robot de trading automatis\u00e9. Il est positionn\u00e9 sur 28 paires + OR.<br \/>\nGericosATV dispose de diff\u00e9rents m\u00e9canismes de protection pour limiter au maximum les pertes en capital.<br \/>\nLa configuration du robot est enti\u00e8rement automatis\u00e9e \u00e0 partir d&rsquo;un serveur centralis\u00e9 pour vous garantir la meilleure configuration \u00e0 jour \u00e0 chaque cycle. C&rsquo;est pourquoi ce robot est lou\u00e9 et non vendu, car son mode de fonctionnement bas\u00e9 sur la mise \u00e0 jour des donn\u00e9es de configuration n\u00e9cessite le maintien d&rsquo;une infrastructure et de comp\u00e9tences tout au long de sa vie. Il est important de comprendre que ce robot ne copie pas les ordres de la plateforme centralis\u00e9e. Seuls les nouveaux param\u00e8tres de configuration sont mis \u00e0 jour dynamiquement \u00e0 partir de la plateforme.<\/p>\n<p>La location du robot inclut les mises \u00e0 jour (le t\u00e9l\u00e9chargement des mises \u00e0 jour est automatique) et l&rsquo;acc\u00e8s au support par email et sur le canal Telegram d\u00e9di\u00e9.<\/p>\n<p><img data-dominant-color=\"282a26\" data-has-transparency=\"true\" style=\"--dominant-color: #282a26;\" loading=\"lazy\" decoding=\"async\" class=\"alignnone wp-image-316 size-large has-transparency\" src=\"https:\/\/shop.gericos.trade\/wp-content\/uploads\/2024\/05\/GericosATV_Screenshot-1-1024x635.png\" alt=\"\" width=\"980\" height=\"608\" srcset=\"https:\/\/shop.gericos.trade\/wp-content\/uploads\/2024\/05\/GericosATV_Screenshot-1-1024x635.png 1024w, https:\/\/shop.gericos.trade\/wp-content\/uploads\/2024\/05\/GericosATV_Screenshot-1-300x186.png 300w, https:\/\/shop.gericos.trade\/wp-content\/uploads\/2024\/05\/GericosATV_Screenshot-1-768x476.png 768w, https:\/\/shop.gericos.trade\/wp-content\/uploads\/2024\/05\/GericosATV_Screenshot-1-416x258.png 416w, https:\/\/shop.gericos.trade\/wp-content\/uploads\/2024\/05\/GericosATV_Screenshot-1.png 1210w\" sizes=\"auto, (max-width: 980px) 100vw, 980px\" \/><\/p>\n<p>Voici les performances pour 3 ensembles de configuration diff\u00e9rents :<\/p>\n<div style=\"width: 100%; display: flex;\">\n<div style=\"width: 33%; padding-right: 5px; padding-left: 5px; background-color: #cacaca;\">1CCS : Activer<br \/>\nDProfit : Activer<br \/>\nLowVol : Activer<br \/>\nGold : D\u00e9sactiver<br \/>\n<a href=\"https:\/\/www.myfxbook.com\/members\/gericos\/gericosatv-lowvol-nogold\/11220249\"><br \/>\n<img decoding=\"async\" src=\"https:\/\/widget.myfxbook.com\/widget\/widget.png?accountOid=11220249&amp;type=6\" alt=\"widget\"><br \/>\n<\/a><\/div>\n<div style=\"width: 33%; padding-right: 5px; padding-left: 5px; background-color: #a3a3a3;\">1CCS : Activer<br \/>\nDProfit : Activer<br \/>\nLowVol : D\u00e9sactiver<br \/>\nGold : D\u00e9sactiver<br \/>\n<a href=\"https:\/\/www.myfxbook.com\/members\/gericos\/gericosatv-lowvol-gold\/11549299\"><br \/>\n<img decoding=\"async\" src=\"https:\/\/widget.myfxbook.com\/widget\/widget.png?accountOid=11549299&amp;type=6\" alt=\"widget\"><br \/>\n<\/a><\/div>\n<div style=\"width: 33%; padding-right: 5px; padding-left: 5px; background-color: #cacaca;\">1CCS : Activer<br \/>\nDProfit : Activer<br \/>\nLowVol : Activer<br \/>\nGold : Activer<br \/>\n<a href=\"https:\/\/www.myfxbook.com\/members\/gericos\/gericosatv-nogold\/11220253\"><br \/>\n<img decoding=\"async\" src=\"https:\/\/widget.myfxbook.com\/widget\/widget.png?accountOid=11220253&amp;type=6\" alt=\"widget\"><br \/>\n<\/a><\/div>\n<\/div>\n<p>Vous pouvez \u00e9galement consulter quelques r\u00e9sultats de backtest ci-dessous. Tous les tests ci-dessous sont effectu\u00e9s avec les ticks de Dukascopy (la c\u00e9l\u00e8bre banque suisse). L&rsquo;ex\u00e9cution de ces tests prend beaucoup de temps car tous les ticks de chaque devise doivent \u00eatre analys\u00e9s pour d\u00e9tecter les opportunit\u00e9s. De plus, la strat\u00e9gie utilis\u00e9e lors de ces tests est une strat\u00e9gie g\u00e9n\u00e9rique. Comme indiqu\u00e9 ci-dessus, la configuration peut \u00eatre diff\u00e9rente \u00e0 la fin de chaque cycle d&rsquo;ordre pour une devise, le syst\u00e8me de backtest n&rsquo;en est pas conscient. Il s&rsquo;agit ici de montrer un exemple g\u00e9n\u00e9rique du fonctionnement de l&rsquo;EA.<\/p>\n<p><a href=\"https:\/\/shop.gericos.trade\/gericosatv-backtest-2023-lowvol-nogold\/\" target=\"_blank\" rel=\"noopener\">BackTest 2023 &#8211; Configuration : LowVol : Enable, Gold : Disable<\/a><br \/>\nLorsque vous vous inscrivez pour ce produit, on vous demandera votre IP. Un paquet compos\u00e9 de la derni\u00e8re version de l&rsquo;EA + cl\u00e9 de licence vous sera envoy\u00e9 en retour. Ne communiquez pas la cl\u00e9 de licence : elle est personnelle et ne fonctionnera qu&rsquo;\u00e0 partir de votre adresse IP.<br \/>\nSi vous ne disposez pas d&rsquo;une IP ou d&rsquo;un serveur fixe, n&rsquo;h\u00e9sitez pas \u00e0 consulter nos <a href=\"https:\/\/shop.gericos.trade\/fr\/categorie-produit\/vps-fr\/\">offres VPS<\/a>. Nous pouvons \u00e9galement effectuer l&rsquo;installation pour vous.<\/p>\n<p><a href=\"https:\/\/buy.stripe.com\/14k7uv8nb0Bx70Q6oM\">-&gt; S&rsquo;abonner avec Stripe &lt;-<\/a><\/p>\n","protected":false},"excerpt":{"rendered":"<p>GericosATV est une nouvelle g\u00e9n\u00e9ration de robot de trading automatis\u00e9. Il est positionn\u00e9 sur 28 paires + OR. GericosATV dispose de diff\u00e9rents m\u00e9canismes de protection pour limiter au maximum les pertes en capital. La configuration du robot est enti\u00e8rement automatis\u00e9e \u00e0 partir d&rsquo;un serveur centralis\u00e9 pour vous garantir la meilleure configuration \u00e0 jour \u00e0 chaque [&hellip;]<\/p>\n","protected":false},"featured_media":149,"template":"","meta":[],"product_brand":[],"product_cat":[39],"product_tag":[],"class_list":{"0":"post-174","1":"product","2":"type-product","3":"status-publish","4":"has-post-thumbnail","6":"product_cat-conseiller-expert-ea","8":"first","9":"instock","10":"virtual","11":"purchasable","12":"product-type-simple"},"yoast_head":"<!-- This site is optimized with the Yoast SEO plugin v27.4 - https:\/\/yoast.com\/product\/yoast-seo-wordpress\/ -->\n<title>GericosATV - Gericos Shop<\/title>\n<meta name=\"description\" content=\"GericosATV, un EA pour MT5 qui vous permettra de gagner de l&#039;argent sur les march\u00e9s financiers (forex) tout en pr\u00e9servant votre capital.\" \/>\n<meta name=\"robots\" content=\"index, follow, max-snippet:-1, max-image-preview:large, max-video-preview:-1\" \/>\n<link rel=\"canonical\" href=\"https:\/\/shop.gericos.trade\/fr\/product\/gericosatv\/\" \/>\n<meta property=\"og:locale\" content=\"fr_FR\" \/>\n<meta property=\"og:type\" content=\"article\" \/>\n<meta property=\"og:title\" content=\"GericosATV - Gericos Shop\" \/>\n<meta property=\"og:description\" content=\"GericosATV, un EA pour MT5 qui vous permettra de gagner de l&#039;argent sur les march\u00e9s financiers (forex) tout en pr\u00e9servant votre capital.\" \/>\n<meta property=\"og:url\" content=\"https:\/\/shop.gericos.trade\/fr\/product\/gericosatv\/\" \/>\n<meta property=\"og:site_name\" content=\"Gericos Shop\" \/>\n<meta property=\"article:modified_time\" content=\"2025-06-02T22:02:51+00:00\" \/>\n<meta property=\"og:image\" content=\"https:\/\/shop.gericos.trade\/wp-content\/uploads\/2024\/05\/download-873x938-1.png\" \/>\n\t<meta property=\"og:image:width\" content=\"873\" \/>\n\t<meta property=\"og:image:height\" content=\"938\" \/>\n\t<meta property=\"og:image:type\" content=\"image\/png\" \/>\n<meta name=\"twitter:card\" content=\"summary_large_image\" \/>\n<meta name=\"twitter:label1\" content=\"Dur\u00e9e de lecture estim\u00e9e\" \/>\n\t<meta name=\"twitter:data1\" content=\"3 minutes\" \/>\n<script type=\"application\/ld+json\" class=\"yoast-schema-graph\">{\"@context\":\"https:\\\/\\\/schema.org\",\"@graph\":[{\"@type\":\"WebPage\",\"@id\":\"https:\\\/\\\/shop.gericos.trade\\\/fr\\\/product\\\/gericosatv\\\/\",\"url\":\"https:\\\/\\\/shop.gericos.trade\\\/fr\\\/product\\\/gericosatv\\\/\",\"name\":\"GericosATV - Gericos Shop\",\"isPartOf\":{\"@id\":\"https:\\\/\\\/shop.gericos.trade\\\/fr\\\/#website\"},\"primaryImageOfPage\":{\"@id\":\"https:\\\/\\\/shop.gericos.trade\\\/fr\\\/product\\\/gericosatv\\\/#primaryimage\"},\"image\":{\"@id\":\"https:\\\/\\\/shop.gericos.trade\\\/fr\\\/product\\\/gericosatv\\\/#primaryimage\"},\"thumbnailUrl\":\"https:\\\/\\\/shop.gericos.trade\\\/wp-content\\\/uploads\\\/2024\\\/05\\\/download-873x938-1.png\",\"datePublished\":\"2024-05-15T16:01:24+00:00\",\"dateModified\":\"2025-06-02T22:02:51+00:00\",\"description\":\"GericosATV, un EA pour MT5 qui vous permettra de gagner de l'argent sur les march\u00e9s financiers (forex) tout en pr\u00e9servant votre capital.\",\"breadcrumb\":{\"@id\":\"https:\\\/\\\/shop.gericos.trade\\\/fr\\\/product\\\/gericosatv\\\/#breadcrumb\"},\"inLanguage\":\"fr-FR\",\"potentialAction\":[{\"@type\":\"ReadAction\",\"target\":[\"https:\\\/\\\/shop.gericos.trade\\\/fr\\\/product\\\/gericosatv\\\/\"]}]},{\"@type\":\"ImageObject\",\"inLanguage\":\"fr-FR\",\"@id\":\"https:\\\/\\\/shop.gericos.trade\\\/fr\\\/product\\\/gericosatv\\\/#primaryimage\",\"url\":\"https:\\\/\\\/shop.gericos.trade\\\/wp-content\\\/uploads\\\/2024\\\/05\\\/download-873x938-1.png\",\"contentUrl\":\"https:\\\/\\\/shop.gericos.trade\\\/wp-content\\\/uploads\\\/2024\\\/05\\\/download-873x938-1.png\",\"width\":873,\"height\":938},{\"@type\":\"BreadcrumbList\",\"@id\":\"https:\\\/\\\/shop.gericos.trade\\\/fr\\\/product\\\/gericosatv\\\/#breadcrumb\",\"itemListElement\":[{\"@type\":\"ListItem\",\"position\":1,\"name\":\"Home\",\"item\":\"https:\\\/\\\/shop.gericos.trade\\\/fr\\\/boutique\\\/\"},{\"@type\":\"ListItem\",\"position\":2,\"name\":\"Boutique\",\"item\":\"https:\\\/\\\/shop.gericos.trade\\\/fr\\\/boutique\\\/\"},{\"@type\":\"ListItem\",\"position\":3,\"name\":\"GericosATV\"}]},{\"@type\":\"WebSite\",\"@id\":\"https:\\\/\\\/shop.gericos.trade\\\/fr\\\/#website\",\"url\":\"https:\\\/\\\/shop.gericos.trade\\\/fr\\\/\",\"name\":\"Gericos Shop\",\"description\":\"Technical tools for the best forex and market performance\",\"publisher\":{\"@id\":\"https:\\\/\\\/shop.gericos.trade\\\/fr\\\/#organization\"},\"potentialAction\":[{\"@type\":\"SearchAction\",\"target\":{\"@type\":\"EntryPoint\",\"urlTemplate\":\"https:\\\/\\\/shop.gericos.trade\\\/fr\\\/?s={search_term_string}\"},\"query-input\":{\"@type\":\"PropertyValueSpecification\",\"valueRequired\":true,\"valueName\":\"search_term_string\"}}],\"inLanguage\":\"fr-FR\"},{\"@type\":\"Organization\",\"@id\":\"https:\\\/\\\/shop.gericos.trade\\\/fr\\\/#organization\",\"name\":\"Gericos Shop\",\"url\":\"https:\\\/\\\/shop.gericos.trade\\\/fr\\\/\",\"logo\":{\"@type\":\"ImageObject\",\"inLanguage\":\"fr-FR\",\"@id\":\"https:\\\/\\\/shop.gericos.trade\\\/fr\\\/#\\\/schema\\\/logo\\\/image\\\/\",\"url\":\"https:\\\/\\\/shop.gericos.trade\\\/wp-content\\\/uploads\\\/2024\\\/04\\\/medium-res-new.png\",\"contentUrl\":\"https:\\\/\\\/shop.gericos.trade\\\/wp-content\\\/uploads\\\/2024\\\/04\\\/medium-res-new.png\",\"width\":853,\"height\":423,\"caption\":\"Gericos Shop\"},\"image\":{\"@id\":\"https:\\\/\\\/shop.gericos.trade\\\/fr\\\/#\\\/schema\\\/logo\\\/image\\\/\"}}]}<\/script>\n<!-- \/ Yoast SEO plugin. -->","yoast_head_json":{"title":"GericosATV - Gericos Shop","description":"GericosATV, un EA pour MT5 qui vous permettra de gagner de l'argent sur les march\u00e9s financiers (forex) tout en pr\u00e9servant votre capital.","robots":{"index":"index","follow":"follow","max-snippet":"max-snippet:-1","max-image-preview":"max-image-preview:large","max-video-preview":"max-video-preview:-1"},"canonical":"https:\/\/shop.gericos.trade\/fr\/product\/gericosatv\/","og_locale":"fr_FR","og_type":"article","og_title":"GericosATV - Gericos Shop","og_description":"GericosATV, un EA pour MT5 qui vous permettra de gagner de l'argent sur les march\u00e9s financiers (forex) tout en pr\u00e9servant votre capital.","og_url":"https:\/\/shop.gericos.trade\/fr\/product\/gericosatv\/","og_site_name":"Gericos Shop","article_modified_time":"2025-06-02T22:02:51+00:00","og_image":[{"width":873,"height":938,"url":"https:\/\/shop.gericos.trade\/wp-content\/uploads\/2024\/05\/download-873x938-1.png","type":"image\/png"}],"twitter_card":"summary_large_image","twitter_misc":{"Dur\u00e9e de lecture estim\u00e9e":"3 minutes"},"schema":{"@context":"https:\/\/schema.org","@graph":[{"@type":"WebPage","@id":"https:\/\/shop.gericos.trade\/fr\/product\/gericosatv\/","url":"https:\/\/shop.gericos.trade\/fr\/product\/gericosatv\/","name":"GericosATV - Gericos Shop","isPartOf":{"@id":"https:\/\/shop.gericos.trade\/fr\/#website"},"primaryImageOfPage":{"@id":"https:\/\/shop.gericos.trade\/fr\/product\/gericosatv\/#primaryimage"},"image":{"@id":"https:\/\/shop.gericos.trade\/fr\/product\/gericosatv\/#primaryimage"},"thumbnailUrl":"https:\/\/shop.gericos.trade\/wp-content\/uploads\/2024\/05\/download-873x938-1.png","datePublished":"2024-05-15T16:01:24+00:00","dateModified":"2025-06-02T22:02:51+00:00","description":"GericosATV, un EA pour MT5 qui vous permettra de gagner de l'argent sur les march\u00e9s financiers (forex) tout en pr\u00e9servant votre capital.","breadcrumb":{"@id":"https:\/\/shop.gericos.trade\/fr\/product\/gericosatv\/#breadcrumb"},"inLanguage":"fr-FR","potentialAction":[{"@type":"ReadAction","target":["https:\/\/shop.gericos.trade\/fr\/product\/gericosatv\/"]}]},{"@type":"ImageObject","inLanguage":"fr-FR","@id":"https:\/\/shop.gericos.trade\/fr\/product\/gericosatv\/#primaryimage","url":"https:\/\/shop.gericos.trade\/wp-content\/uploads\/2024\/05\/download-873x938-1.png","contentUrl":"https:\/\/shop.gericos.trade\/wp-content\/uploads\/2024\/05\/download-873x938-1.png","width":873,"height":938},{"@type":"BreadcrumbList","@id":"https:\/\/shop.gericos.trade\/fr\/product\/gericosatv\/#breadcrumb","itemListElement":[{"@type":"ListItem","position":1,"name":"Home","item":"https:\/\/shop.gericos.trade\/fr\/boutique\/"},{"@type":"ListItem","position":2,"name":"Boutique","item":"https:\/\/shop.gericos.trade\/fr\/boutique\/"},{"@type":"ListItem","position":3,"name":"GericosATV"}]},{"@type":"WebSite","@id":"https:\/\/shop.gericos.trade\/fr\/#website","url":"https:\/\/shop.gericos.trade\/fr\/","name":"Gericos Shop","description":"Technical tools for the best forex and market performance","publisher":{"@id":"https:\/\/shop.gericos.trade\/fr\/#organization"},"potentialAction":[{"@type":"SearchAction","target":{"@type":"EntryPoint","urlTemplate":"https:\/\/shop.gericos.trade\/fr\/?s={search_term_string}"},"query-input":{"@type":"PropertyValueSpecification","valueRequired":true,"valueName":"search_term_string"}}],"inLanguage":"fr-FR"},{"@type":"Organization","@id":"https:\/\/shop.gericos.trade\/fr\/#organization","name":"Gericos Shop","url":"https:\/\/shop.gericos.trade\/fr\/","logo":{"@type":"ImageObject","inLanguage":"fr-FR","@id":"https:\/\/shop.gericos.trade\/fr\/#\/schema\/logo\/image\/","url":"https:\/\/shop.gericos.trade\/wp-content\/uploads\/2024\/04\/medium-res-new.png","contentUrl":"https:\/\/shop.gericos.trade\/wp-content\/uploads\/2024\/04\/medium-res-new.png","width":853,"height":423,"caption":"Gericos Shop"},"image":{"@id":"https:\/\/shop.gericos.trade\/fr\/#\/schema\/logo\/image\/"}}]}},"_links":{"self":[{"href":"https:\/\/shop.gericos.trade\/fr\/wp-json\/wp\/v2\/product\/174","targetHints":{"allow":["GET"]}}],"collection":[{"href":"https:\/\/shop.gericos.trade\/fr\/wp-json\/wp\/v2\/product"}],"about":[{"href":"https:\/\/shop.gericos.trade\/fr\/wp-json\/wp\/v2\/types\/product"}],"wp:featuredmedia":[{"embeddable":true,"href":"https:\/\/shop.gericos.trade\/fr\/wp-json\/wp\/v2\/media\/149"}],"wp:attachment":[{"href":"https:\/\/shop.gericos.trade\/fr\/wp-json\/wp\/v2\/media?parent=174"}],"wp:term":[{"taxonomy":"product_brand","embeddable":true,"href":"https:\/\/shop.gericos.trade\/fr\/wp-json\/wp\/v2\/product_brand?post=174"},{"taxonomy":"product_cat","embeddable":true,"href":"https:\/\/shop.gericos.trade\/fr\/wp-json\/wp\/v2\/product_cat?post=174"},{"taxonomy":"product_tag","embeddable":true,"href":"https:\/\/shop.gericos.trade\/fr\/wp-json\/wp\/v2\/product_tag?post=174"}],"curies":[{"name":"wp","href":"https:\/\/api.w.org\/{rel}","templated":true}]}}