{"id":181,"date":"2024-04-12T22:53:31","date_gmt":"2024-04-12T20:53:31","guid":{"rendered":"https:\/\/shop.gericos.trade\/product\/externalisation-de-serveurs\/"},"modified":"2024-04-12T22:53:31","modified_gmt":"2024-04-12T20:53:31","slug":"externalisation-de-serveurs","status":"publish","type":"product","link":"https:\/\/shop.gericos.trade\/fr\/product\/externalisation-de-serveurs\/","title":{"rendered":"Externalisation de serveurs"},"content":{"rendered":"<p>L&rsquo;externalisation comprend les services suivants :<\/p>\n<ul>\n<li>Sauvegarde<\/li>\n<li>Supervision<\/li>\n<li>Contr\u00f4le<\/li>\n<li>Mises \u00e0 jour<\/li>\n<li>Acc\u00e8s \u00e0 l&rsquo;assistance par courrier \u00e9lectronique\/t\u00e9l\u00e9gramme<\/li>\n<li>T\u00e9l\u00e9phone et ou WhatsApp en option<\/li>\n<\/ul>\n<p>OS pris en charge : Windows Server (\u00e0 partir de la version 2012 R2), FreeBSD, Linux.<\/p>\n<p><a href=\"https:\/\/www.paypal.com\/webapps\/billing\/plans\/subscribe?plan_id=P-3HS27612G03392939MYM2IUA\" target=\"_blank\" rel=\"noopener\">-&gt; Abonnez-vous avec PayPal &lt;-<\/a><\/p>\n<p><a href=\"https:\/\/buy.stripe.com\/cN2eWXbzn83Z2KA7sO\" target=\"_blank\" rel=\"noopener\">-&gt; S&rsquo;abonner avec Stripe &lt;-<\/a><\/p>\n","protected":false},"excerpt":{"rendered":"<p>L&rsquo;externalisation comprend les services suivants : Sauvegarde Supervision Contr\u00f4le Mises \u00e0 jour Acc\u00e8s \u00e0 l&rsquo;assistance par courrier \u00e9lectronique\/t\u00e9l\u00e9gramme T\u00e9l\u00e9phone et ou WhatsApp en option OS pris en charge : Windows Server (\u00e0 partir de la version 2012 R2), FreeBSD, Linux. -&gt; Abonnez-vous avec PayPal &lt;- -&gt; S&rsquo;abonner avec Stripe &lt;-<\/p>\n","protected":false},"featured_media":269,"template":"","meta":[],"product_brand":[],"product_cat":[43],"product_tag":[],"class_list":{"0":"post-181","1":"product","2":"type-product","3":"status-publish","4":"has-post-thumbnail","6":"product_cat-services-fr","8":"first","9":"instock","10":"virtual","11":"purchasable","12":"product-type-simple"},"yoast_head":"<!-- This site is optimized with the Yoast SEO plugin v27.4 - https:\/\/yoast.com\/product\/yoast-seo-wordpress\/ -->\n<title>Externalisation de serveurs - Gericos Shop<\/title>\n<meta name=\"description\" content=\"Les services d&#039;externalisation comprennent la sauvegarde, la supervision, le contr\u00f4le, les mises \u00e0 jour et l&#039;assistance par courriel, Telegram, t\u00e9l\u00e9phone ou WhatsApp pour Windows Server, FreeBSD et Linux.\" \/>\n<meta name=\"robots\" content=\"index, follow, max-snippet:-1, max-image-preview:large, max-video-preview:-1\" \/>\n<link rel=\"canonical\" href=\"https:\/\/shop.gericos.trade\/fr\/product\/externalisation-de-serveurs\/\" \/>\n<meta property=\"og:locale\" content=\"fr_FR\" \/>\n<meta property=\"og:type\" content=\"article\" \/>\n<meta property=\"og:title\" content=\"Externalisation de serveurs - Gericos Shop\" \/>\n<meta property=\"og:description\" content=\"Les services d&#039;externalisation comprennent la sauvegarde, la supervision, le contr\u00f4le, les mises \u00e0 jour et l&#039;assistance par courriel, Telegram, t\u00e9l\u00e9phone ou WhatsApp pour Windows Server, FreeBSD et Linux.\" \/>\n<meta property=\"og:url\" content=\"https:\/\/shop.gericos.trade\/fr\/product\/externalisation-de-serveurs\/\" \/>\n<meta property=\"og:site_name\" content=\"Gericos Shop\" \/>\n<meta property=\"og:image\" content=\"https:\/\/shop.gericos.trade\/wp-content\/uploads\/2024\/04\/Servers-1.png\" \/>\n\t<meta property=\"og:image:width\" content=\"556\" \/>\n\t<meta property=\"og:image:height\" content=\"220\" \/>\n\t<meta property=\"og:image:type\" content=\"image\/png\" \/>\n<meta name=\"twitter:card\" content=\"summary_large_image\" \/>\n<script type=\"application\/ld+json\" class=\"yoast-schema-graph\">{\"@context\":\"https:\\\/\\\/schema.org\",\"@graph\":[{\"@type\":\"WebPage\",\"@id\":\"https:\\\/\\\/shop.gericos.trade\\\/fr\\\/product\\\/externalisation-de-serveurs\\\/\",\"url\":\"https:\\\/\\\/shop.gericos.trade\\\/fr\\\/product\\\/externalisation-de-serveurs\\\/\",\"name\":\"Externalisation de serveurs - Gericos Shop\",\"isPartOf\":{\"@id\":\"https:\\\/\\\/shop.gericos.trade\\\/fr\\\/#website\"},\"primaryImageOfPage\":{\"@id\":\"https:\\\/\\\/shop.gericos.trade\\\/fr\\\/product\\\/externalisation-de-serveurs\\\/#primaryimage\"},\"image\":{\"@id\":\"https:\\\/\\\/shop.gericos.trade\\\/fr\\\/product\\\/externalisation-de-serveurs\\\/#primaryimage\"},\"thumbnailUrl\":\"https:\\\/\\\/shop.gericos.trade\\\/wp-content\\\/uploads\\\/2024\\\/04\\\/product_outsourcing-1.png\",\"datePublished\":\"2024-04-12T20:53:31+00:00\",\"description\":\"Les services d'externalisation comprennent la sauvegarde, la supervision, le contr\u00f4le, les mises \u00e0 jour et l'assistance par courriel, Telegram, t\u00e9l\u00e9phone ou WhatsApp pour Windows Server, FreeBSD et Linux.\",\"breadcrumb\":{\"@id\":\"https:\\\/\\\/shop.gericos.trade\\\/fr\\\/product\\\/externalisation-de-serveurs\\\/#breadcrumb\"},\"inLanguage\":\"fr-FR\",\"potentialAction\":[{\"@type\":\"ReadAction\",\"target\":[\"https:\\\/\\\/shop.gericos.trade\\\/fr\\\/product\\\/externalisation-de-serveurs\\\/\"]}]},{\"@type\":\"ImageObject\",\"inLanguage\":\"fr-FR\",\"@id\":\"https:\\\/\\\/shop.gericos.trade\\\/fr\\\/product\\\/externalisation-de-serveurs\\\/#primaryimage\",\"url\":\"https:\\\/\\\/shop.gericos.trade\\\/wp-content\\\/uploads\\\/2024\\\/04\\\/product_outsourcing-1.png\",\"contentUrl\":\"https:\\\/\\\/shop.gericos.trade\\\/wp-content\\\/uploads\\\/2024\\\/04\\\/product_outsourcing-1.png\",\"width\":380,\"height\":408},{\"@type\":\"BreadcrumbList\",\"@id\":\"https:\\\/\\\/shop.gericos.trade\\\/fr\\\/product\\\/externalisation-de-serveurs\\\/#breadcrumb\",\"itemListElement\":[{\"@type\":\"ListItem\",\"position\":1,\"name\":\"Home\",\"item\":\"https:\\\/\\\/shop.gericos.trade\\\/fr\\\/boutique\\\/\"},{\"@type\":\"ListItem\",\"position\":2,\"name\":\"Boutique\",\"item\":\"https:\\\/\\\/shop.gericos.trade\\\/fr\\\/boutique\\\/\"},{\"@type\":\"ListItem\",\"position\":3,\"name\":\"Externalisation de serveurs\"}]},{\"@type\":\"WebSite\",\"@id\":\"https:\\\/\\\/shop.gericos.trade\\\/fr\\\/#website\",\"url\":\"https:\\\/\\\/shop.gericos.trade\\\/fr\\\/\",\"name\":\"Gericos Shop\",\"description\":\"Technical tools for the best forex and market performance\",\"publisher\":{\"@id\":\"https:\\\/\\\/shop.gericos.trade\\\/fr\\\/#organization\"},\"potentialAction\":[{\"@type\":\"SearchAction\",\"target\":{\"@type\":\"EntryPoint\",\"urlTemplate\":\"https:\\\/\\\/shop.gericos.trade\\\/fr\\\/?s={search_term_string}\"},\"query-input\":{\"@type\":\"PropertyValueSpecification\",\"valueRequired\":true,\"valueName\":\"search_term_string\"}}],\"inLanguage\":\"fr-FR\"},{\"@type\":\"Organization\",\"@id\":\"https:\\\/\\\/shop.gericos.trade\\\/fr\\\/#organization\",\"name\":\"Gericos Shop\",\"url\":\"https:\\\/\\\/shop.gericos.trade\\\/fr\\\/\",\"logo\":{\"@type\":\"ImageObject\",\"inLanguage\":\"fr-FR\",\"@id\":\"https:\\\/\\\/shop.gericos.trade\\\/fr\\\/#\\\/schema\\\/logo\\\/image\\\/\",\"url\":\"https:\\\/\\\/shop.gericos.trade\\\/wp-content\\\/uploads\\\/2024\\\/04\\\/medium-res-new.png\",\"contentUrl\":\"https:\\\/\\\/shop.gericos.trade\\\/wp-content\\\/uploads\\\/2024\\\/04\\\/medium-res-new.png\",\"width\":853,\"height\":423,\"caption\":\"Gericos Shop\"},\"image\":{\"@id\":\"https:\\\/\\\/shop.gericos.trade\\\/fr\\\/#\\\/schema\\\/logo\\\/image\\\/\"}}]}<\/script>\n<!-- \/ Yoast SEO plugin. -->","yoast_head_json":{"title":"Externalisation de serveurs - Gericos Shop","description":"Les services d'externalisation comprennent la sauvegarde, la supervision, le contr\u00f4le, les mises \u00e0 jour et l'assistance par courriel, Telegram, t\u00e9l\u00e9phone ou WhatsApp pour Windows Server, FreeBSD et Linux.","robots":{"index":"index","follow":"follow","max-snippet":"max-snippet:-1","max-image-preview":"max-image-preview:large","max-video-preview":"max-video-preview:-1"},"canonical":"https:\/\/shop.gericos.trade\/fr\/product\/externalisation-de-serveurs\/","og_locale":"fr_FR","og_type":"article","og_title":"Externalisation de serveurs - Gericos Shop","og_description":"Les services d'externalisation comprennent la sauvegarde, la supervision, le contr\u00f4le, les mises \u00e0 jour et l'assistance par courriel, Telegram, t\u00e9l\u00e9phone ou WhatsApp pour Windows Server, FreeBSD et Linux.","og_url":"https:\/\/shop.gericos.trade\/fr\/product\/externalisation-de-serveurs\/","og_site_name":"Gericos Shop","og_image":[{"width":556,"height":220,"url":"https:\/\/shop.gericos.trade\/wp-content\/uploads\/2024\/04\/Servers-1.png","type":"image\/png"}],"twitter_card":"summary_large_image","schema":{"@context":"https:\/\/schema.org","@graph":[{"@type":"WebPage","@id":"https:\/\/shop.gericos.trade\/fr\/product\/externalisation-de-serveurs\/","url":"https:\/\/shop.gericos.trade\/fr\/product\/externalisation-de-serveurs\/","name":"Externalisation de serveurs - Gericos Shop","isPartOf":{"@id":"https:\/\/shop.gericos.trade\/fr\/#website"},"primaryImageOfPage":{"@id":"https:\/\/shop.gericos.trade\/fr\/product\/externalisation-de-serveurs\/#primaryimage"},"image":{"@id":"https:\/\/shop.gericos.trade\/fr\/product\/externalisation-de-serveurs\/#primaryimage"},"thumbnailUrl":"https:\/\/shop.gericos.trade\/wp-content\/uploads\/2024\/04\/product_outsourcing-1.png","datePublished":"2024-04-12T20:53:31+00:00","description":"Les services d'externalisation comprennent la sauvegarde, la supervision, le contr\u00f4le, les mises \u00e0 jour et l'assistance par courriel, Telegram, t\u00e9l\u00e9phone ou WhatsApp pour Windows Server, FreeBSD et Linux.","breadcrumb":{"@id":"https:\/\/shop.gericos.trade\/fr\/product\/externalisation-de-serveurs\/#breadcrumb"},"inLanguage":"fr-FR","potentialAction":[{"@type":"ReadAction","target":["https:\/\/shop.gericos.trade\/fr\/product\/externalisation-de-serveurs\/"]}]},{"@type":"ImageObject","inLanguage":"fr-FR","@id":"https:\/\/shop.gericos.trade\/fr\/product\/externalisation-de-serveurs\/#primaryimage","url":"https:\/\/shop.gericos.trade\/wp-content\/uploads\/2024\/04\/product_outsourcing-1.png","contentUrl":"https:\/\/shop.gericos.trade\/wp-content\/uploads\/2024\/04\/product_outsourcing-1.png","width":380,"height":408},{"@type":"BreadcrumbList","@id":"https:\/\/shop.gericos.trade\/fr\/product\/externalisation-de-serveurs\/#breadcrumb","itemListElement":[{"@type":"ListItem","position":1,"name":"Home","item":"https:\/\/shop.gericos.trade\/fr\/boutique\/"},{"@type":"ListItem","position":2,"name":"Boutique","item":"https:\/\/shop.gericos.trade\/fr\/boutique\/"},{"@type":"ListItem","position":3,"name":"Externalisation de serveurs"}]},{"@type":"WebSite","@id":"https:\/\/shop.gericos.trade\/fr\/#website","url":"https:\/\/shop.gericos.trade\/fr\/","name":"Gericos Shop","description":"Technical tools for the best forex and market performance","publisher":{"@id":"https:\/\/shop.gericos.trade\/fr\/#organization"},"potentialAction":[{"@type":"SearchAction","target":{"@type":"EntryPoint","urlTemplate":"https:\/\/shop.gericos.trade\/fr\/?s={search_term_string}"},"query-input":{"@type":"PropertyValueSpecification","valueRequired":true,"valueName":"search_term_string"}}],"inLanguage":"fr-FR"},{"@type":"Organization","@id":"https:\/\/shop.gericos.trade\/fr\/#organization","name":"Gericos Shop","url":"https:\/\/shop.gericos.trade\/fr\/","logo":{"@type":"ImageObject","inLanguage":"fr-FR","@id":"https:\/\/shop.gericos.trade\/fr\/#\/schema\/logo\/image\/","url":"https:\/\/shop.gericos.trade\/wp-content\/uploads\/2024\/04\/medium-res-new.png","contentUrl":"https:\/\/shop.gericos.trade\/wp-content\/uploads\/2024\/04\/medium-res-new.png","width":853,"height":423,"caption":"Gericos Shop"},"image":{"@id":"https:\/\/shop.gericos.trade\/fr\/#\/schema\/logo\/image\/"}}]}},"_links":{"self":[{"href":"https:\/\/shop.gericos.trade\/fr\/wp-json\/wp\/v2\/product\/181","targetHints":{"allow":["GET"]}}],"collection":[{"href":"https:\/\/shop.gericos.trade\/fr\/wp-json\/wp\/v2\/product"}],"about":[{"href":"https:\/\/shop.gericos.trade\/fr\/wp-json\/wp\/v2\/types\/product"}],"wp:featuredmedia":[{"embeddable":true,"href":"https:\/\/shop.gericos.trade\/fr\/wp-json\/wp\/v2\/media\/269"}],"wp:attachment":[{"href":"https:\/\/shop.gericos.trade\/fr\/wp-json\/wp\/v2\/media?parent=181"}],"wp:term":[{"taxonomy":"product_brand","embeddable":true,"href":"https:\/\/shop.gericos.trade\/fr\/wp-json\/wp\/v2\/product_brand?post=181"},{"taxonomy":"product_cat","embeddable":true,"href":"https:\/\/shop.gericos.trade\/fr\/wp-json\/wp\/v2\/product_cat?post=181"},{"taxonomy":"product_tag","embeddable":true,"href":"https:\/\/shop.gericos.trade\/fr\/wp-json\/wp\/v2\/product_tag?post=181"}],"curies":[{"name":"wp","href":"https:\/\/api.w.org\/{rel}","templated":true}]}}