{"id":188,"date":"2024-04-12T16:49:12","date_gmt":"2024-04-12T14:49:12","guid":{"rendered":"https:\/\/shop.gericos.trade\/product\/proxy-socks-pour-mt4-mt5-ctrader\/"},"modified":"2024-04-12T16:49:12","modified_gmt":"2024-04-12T14:49:12","slug":"proxy-socks-pour-mt4-mt5-ctrader","status":"publish","type":"product","link":"https:\/\/shop.gericos.trade\/fr\/product\/proxy-socks-pour-mt4-mt5-ctrader\/","title":{"rendered":"Proxy Socks pour MT4\/MT5\/CTrader"},"content":{"rendered":"<p>Proxy Socks pour MT4\/MT5\/CTrader Si vous souhaitez vous connecter \u00e0 votre broker depuis un endroit anonyme, vous pouvez utiliser notre service Proxy SOCKS. Une fois votre inscription termin\u00e9e, veuillez envoyer votre adresse IP statique \u00e0 contact@gericos.trade. Nous vous r\u00e9pondrons dans les plus brefs d\u00e9lais. <strong>Important :<\/strong> Ne vous inscrivez pas si vous n&rsquo;avez pas d&rsquo;adresse IP statique.<\/p>\n<p><a href=\"https:\/\/www.paypal.com\/webapps\/billing\/plans\/subscribe?plan_id=P-77S54450LD486751EMYM2GHY\" target=\"_blank\" rel=\"noopener\">-&gt; Abonnez-vous avec PayPal &lt;-<\/a><\/p>\n<p><a href=\"https:\/\/buy.stripe.com\/bIYg11gTHac71Gw7sM\" target=\"_blank\" rel=\"noopener\">-&gt; S&rsquo;abonner avec Stripe &lt;-<\/a><\/p>\n","protected":false},"excerpt":{"rendered":"<p>Proxy Socks pour MT4\/MT5\/CTrader Si vous souhaitez vous connecter \u00e0 votre broker depuis un endroit anonyme, vous pouvez utiliser notre service Proxy SOCKS. Une fois votre inscription termin\u00e9e, veuillez envoyer votre adresse IP statique \u00e0 contact@gericos.trade. Nous vous r\u00e9pondrons dans les plus brefs d\u00e9lais. Important : Ne vous inscrivez pas si vous n&rsquo;avez pas d&rsquo;adresse [&hellip;]<\/p>\n","protected":false},"featured_media":264,"template":"","meta":[],"product_brand":[],"product_cat":[43],"product_tag":[],"class_list":{"0":"post-188","1":"product","2":"type-product","3":"status-publish","4":"has-post-thumbnail","6":"product_cat-services-fr","8":"first","9":"instock","10":"virtual","11":"purchasable","12":"product-type-simple"},"yoast_head":"<!-- This site is optimized with the Yoast SEO plugin v27.4 - https:\/\/yoast.com\/product\/yoast-seo-wordpress\/ -->\n<title>Proxy Socks pour MT4\/MT5\/CTrader - Gericos Shop<\/title>\n<meta name=\"description\" content=\"Proxy Socks pour MT4\/MT5\/CTrader. Notre service Proxy SOCKS est utilis\u00e9 pour se connecter depuis un endroit anonyme \u00e0 votre broker.\" \/>\n<meta name=\"robots\" content=\"index, follow, max-snippet:-1, max-image-preview:large, max-video-preview:-1\" \/>\n<link rel=\"canonical\" href=\"https:\/\/shop.gericos.trade\/fr\/product\/proxy-socks-pour-mt4-mt5-ctrader\/\" \/>\n<meta property=\"og:locale\" content=\"fr_FR\" \/>\n<meta property=\"og:type\" content=\"article\" \/>\n<meta property=\"og:title\" content=\"Proxy Socks pour MT4\/MT5\/CTrader - Gericos Shop\" \/>\n<meta property=\"og:description\" content=\"Proxy Socks pour MT4\/MT5\/CTrader. Notre service Proxy SOCKS est utilis\u00e9 pour se connecter depuis un endroit anonyme \u00e0 votre broker.\" \/>\n<meta property=\"og:url\" content=\"https:\/\/shop.gericos.trade\/fr\/product\/proxy-socks-pour-mt4-mt5-ctrader\/\" \/>\n<meta property=\"og:site_name\" content=\"Gericos Shop\" \/>\n<meta property=\"og:image\" content=\"https:\/\/shop.gericos.trade\/wp-content\/uploads\/2024\/04\/main-qimg-53f9520c7e46e34bca6f92531f3ca788.webp\" \/>\n\t<meta property=\"og:image:width\" content=\"556\" \/>\n\t<meta property=\"og:image:height\" content=\"220\" \/>\n\t<meta property=\"og:image:type\" content=\"image\/webp\" \/>\n<meta name=\"twitter:card\" content=\"summary_large_image\" \/>\n<script type=\"application\/ld+json\" class=\"yoast-schema-graph\">{\"@context\":\"https:\\\/\\\/schema.org\",\"@graph\":[{\"@type\":\"WebPage\",\"@id\":\"https:\\\/\\\/shop.gericos.trade\\\/fr\\\/product\\\/proxy-socks-pour-mt4-mt5-ctrader\\\/\",\"url\":\"https:\\\/\\\/shop.gericos.trade\\\/fr\\\/product\\\/proxy-socks-pour-mt4-mt5-ctrader\\\/\",\"name\":\"Proxy Socks pour MT4\\\/MT5\\\/CTrader - Gericos Shop\",\"isPartOf\":{\"@id\":\"https:\\\/\\\/shop.gericos.trade\\\/fr\\\/#website\"},\"primaryImageOfPage\":{\"@id\":\"https:\\\/\\\/shop.gericos.trade\\\/fr\\\/product\\\/proxy-socks-pour-mt4-mt5-ctrader\\\/#primaryimage\"},\"image\":{\"@id\":\"https:\\\/\\\/shop.gericos.trade\\\/fr\\\/product\\\/proxy-socks-pour-mt4-mt5-ctrader\\\/#primaryimage\"},\"thumbnailUrl\":\"https:\\\/\\\/shop.gericos.trade\\\/wp-content\\\/uploads\\\/2024\\\/04\\\/product_proxy-2.png\",\"datePublished\":\"2024-04-12T14:49:12+00:00\",\"description\":\"Proxy Socks pour MT4\\\/MT5\\\/CTrader. Notre service Proxy SOCKS est utilis\u00e9 pour se connecter depuis un endroit anonyme \u00e0 votre broker.\",\"breadcrumb\":{\"@id\":\"https:\\\/\\\/shop.gericos.trade\\\/fr\\\/product\\\/proxy-socks-pour-mt4-mt5-ctrader\\\/#breadcrumb\"},\"inLanguage\":\"fr-FR\",\"potentialAction\":[{\"@type\":\"ReadAction\",\"target\":[\"https:\\\/\\\/shop.gericos.trade\\\/fr\\\/product\\\/proxy-socks-pour-mt4-mt5-ctrader\\\/\"]}]},{\"@type\":\"ImageObject\",\"inLanguage\":\"fr-FR\",\"@id\":\"https:\\\/\\\/shop.gericos.trade\\\/fr\\\/product\\\/proxy-socks-pour-mt4-mt5-ctrader\\\/#primaryimage\",\"url\":\"https:\\\/\\\/shop.gericos.trade\\\/wp-content\\\/uploads\\\/2024\\\/04\\\/product_proxy-2.png\",\"contentUrl\":\"https:\\\/\\\/shop.gericos.trade\\\/wp-content\\\/uploads\\\/2024\\\/04\\\/product_proxy-2.png\",\"width\":380,\"height\":347},{\"@type\":\"BreadcrumbList\",\"@id\":\"https:\\\/\\\/shop.gericos.trade\\\/fr\\\/product\\\/proxy-socks-pour-mt4-mt5-ctrader\\\/#breadcrumb\",\"itemListElement\":[{\"@type\":\"ListItem\",\"position\":1,\"name\":\"Home\",\"item\":\"https:\\\/\\\/shop.gericos.trade\\\/fr\\\/boutique\\\/\"},{\"@type\":\"ListItem\",\"position\":2,\"name\":\"Boutique\",\"item\":\"https:\\\/\\\/shop.gericos.trade\\\/fr\\\/boutique\\\/\"},{\"@type\":\"ListItem\",\"position\":3,\"name\":\"Proxy Socks pour MT4\\\/MT5\\\/CTrader\"}]},{\"@type\":\"WebSite\",\"@id\":\"https:\\\/\\\/shop.gericos.trade\\\/fr\\\/#website\",\"url\":\"https:\\\/\\\/shop.gericos.trade\\\/fr\\\/\",\"name\":\"Gericos Shop\",\"description\":\"Technical tools for the best forex and market performance\",\"publisher\":{\"@id\":\"https:\\\/\\\/shop.gericos.trade\\\/fr\\\/#organization\"},\"potentialAction\":[{\"@type\":\"SearchAction\",\"target\":{\"@type\":\"EntryPoint\",\"urlTemplate\":\"https:\\\/\\\/shop.gericos.trade\\\/fr\\\/?s={search_term_string}\"},\"query-input\":{\"@type\":\"PropertyValueSpecification\",\"valueRequired\":true,\"valueName\":\"search_term_string\"}}],\"inLanguage\":\"fr-FR\"},{\"@type\":\"Organization\",\"@id\":\"https:\\\/\\\/shop.gericos.trade\\\/fr\\\/#organization\",\"name\":\"Gericos Shop\",\"url\":\"https:\\\/\\\/shop.gericos.trade\\\/fr\\\/\",\"logo\":{\"@type\":\"ImageObject\",\"inLanguage\":\"fr-FR\",\"@id\":\"https:\\\/\\\/shop.gericos.trade\\\/fr\\\/#\\\/schema\\\/logo\\\/image\\\/\",\"url\":\"https:\\\/\\\/shop.gericos.trade\\\/wp-content\\\/uploads\\\/2024\\\/04\\\/medium-res-new.png\",\"contentUrl\":\"https:\\\/\\\/shop.gericos.trade\\\/wp-content\\\/uploads\\\/2024\\\/04\\\/medium-res-new.png\",\"width\":853,\"height\":423,\"caption\":\"Gericos Shop\"},\"image\":{\"@id\":\"https:\\\/\\\/shop.gericos.trade\\\/fr\\\/#\\\/schema\\\/logo\\\/image\\\/\"}}]}<\/script>\n<!-- \/ Yoast SEO plugin. -->","yoast_head_json":{"title":"Proxy Socks pour MT4\/MT5\/CTrader - Gericos Shop","description":"Proxy Socks pour MT4\/MT5\/CTrader. Notre service Proxy SOCKS est utilis\u00e9 pour se connecter depuis un endroit anonyme \u00e0 votre broker.","robots":{"index":"index","follow":"follow","max-snippet":"max-snippet:-1","max-image-preview":"max-image-preview:large","max-video-preview":"max-video-preview:-1"},"canonical":"https:\/\/shop.gericos.trade\/fr\/product\/proxy-socks-pour-mt4-mt5-ctrader\/","og_locale":"fr_FR","og_type":"article","og_title":"Proxy Socks pour MT4\/MT5\/CTrader - Gericos Shop","og_description":"Proxy Socks pour MT4\/MT5\/CTrader. Notre service Proxy SOCKS est utilis\u00e9 pour se connecter depuis un endroit anonyme \u00e0 votre broker.","og_url":"https:\/\/shop.gericos.trade\/fr\/product\/proxy-socks-pour-mt4-mt5-ctrader\/","og_site_name":"Gericos Shop","og_image":[{"width":556,"height":220,"url":"https:\/\/shop.gericos.trade\/wp-content\/uploads\/2024\/04\/main-qimg-53f9520c7e46e34bca6f92531f3ca788.webp","type":"image\/webp"}],"twitter_card":"summary_large_image","schema":{"@context":"https:\/\/schema.org","@graph":[{"@type":"WebPage","@id":"https:\/\/shop.gericos.trade\/fr\/product\/proxy-socks-pour-mt4-mt5-ctrader\/","url":"https:\/\/shop.gericos.trade\/fr\/product\/proxy-socks-pour-mt4-mt5-ctrader\/","name":"Proxy Socks pour MT4\/MT5\/CTrader - Gericos Shop","isPartOf":{"@id":"https:\/\/shop.gericos.trade\/fr\/#website"},"primaryImageOfPage":{"@id":"https:\/\/shop.gericos.trade\/fr\/product\/proxy-socks-pour-mt4-mt5-ctrader\/#primaryimage"},"image":{"@id":"https:\/\/shop.gericos.trade\/fr\/product\/proxy-socks-pour-mt4-mt5-ctrader\/#primaryimage"},"thumbnailUrl":"https:\/\/shop.gericos.trade\/wp-content\/uploads\/2024\/04\/product_proxy-2.png","datePublished":"2024-04-12T14:49:12+00:00","description":"Proxy Socks pour MT4\/MT5\/CTrader. Notre service Proxy SOCKS est utilis\u00e9 pour se connecter depuis un endroit anonyme \u00e0 votre broker.","breadcrumb":{"@id":"https:\/\/shop.gericos.trade\/fr\/product\/proxy-socks-pour-mt4-mt5-ctrader\/#breadcrumb"},"inLanguage":"fr-FR","potentialAction":[{"@type":"ReadAction","target":["https:\/\/shop.gericos.trade\/fr\/product\/proxy-socks-pour-mt4-mt5-ctrader\/"]}]},{"@type":"ImageObject","inLanguage":"fr-FR","@id":"https:\/\/shop.gericos.trade\/fr\/product\/proxy-socks-pour-mt4-mt5-ctrader\/#primaryimage","url":"https:\/\/shop.gericos.trade\/wp-content\/uploads\/2024\/04\/product_proxy-2.png","contentUrl":"https:\/\/shop.gericos.trade\/wp-content\/uploads\/2024\/04\/product_proxy-2.png","width":380,"height":347},{"@type":"BreadcrumbList","@id":"https:\/\/shop.gericos.trade\/fr\/product\/proxy-socks-pour-mt4-mt5-ctrader\/#breadcrumb","itemListElement":[{"@type":"ListItem","position":1,"name":"Home","item":"https:\/\/shop.gericos.trade\/fr\/boutique\/"},{"@type":"ListItem","position":2,"name":"Boutique","item":"https:\/\/shop.gericos.trade\/fr\/boutique\/"},{"@type":"ListItem","position":3,"name":"Proxy Socks pour MT4\/MT5\/CTrader"}]},{"@type":"WebSite","@id":"https:\/\/shop.gericos.trade\/fr\/#website","url":"https:\/\/shop.gericos.trade\/fr\/","name":"Gericos Shop","description":"Technical tools for the best forex and market performance","publisher":{"@id":"https:\/\/shop.gericos.trade\/fr\/#organization"},"potentialAction":[{"@type":"SearchAction","target":{"@type":"EntryPoint","urlTemplate":"https:\/\/shop.gericos.trade\/fr\/?s={search_term_string}"},"query-input":{"@type":"PropertyValueSpecification","valueRequired":true,"valueName":"search_term_string"}}],"inLanguage":"fr-FR"},{"@type":"Organization","@id":"https:\/\/shop.gericos.trade\/fr\/#organization","name":"Gericos Shop","url":"https:\/\/shop.gericos.trade\/fr\/","logo":{"@type":"ImageObject","inLanguage":"fr-FR","@id":"https:\/\/shop.gericos.trade\/fr\/#\/schema\/logo\/image\/","url":"https:\/\/shop.gericos.trade\/wp-content\/uploads\/2024\/04\/medium-res-new.png","contentUrl":"https:\/\/shop.gericos.trade\/wp-content\/uploads\/2024\/04\/medium-res-new.png","width":853,"height":423,"caption":"Gericos Shop"},"image":{"@id":"https:\/\/shop.gericos.trade\/fr\/#\/schema\/logo\/image\/"}}]}},"_links":{"self":[{"href":"https:\/\/shop.gericos.trade\/fr\/wp-json\/wp\/v2\/product\/188","targetHints":{"allow":["GET"]}}],"collection":[{"href":"https:\/\/shop.gericos.trade\/fr\/wp-json\/wp\/v2\/product"}],"about":[{"href":"https:\/\/shop.gericos.trade\/fr\/wp-json\/wp\/v2\/types\/product"}],"wp:featuredmedia":[{"embeddable":true,"href":"https:\/\/shop.gericos.trade\/fr\/wp-json\/wp\/v2\/media\/264"}],"wp:attachment":[{"href":"https:\/\/shop.gericos.trade\/fr\/wp-json\/wp\/v2\/media?parent=188"}],"wp:term":[{"taxonomy":"product_brand","embeddable":true,"href":"https:\/\/shop.gericos.trade\/fr\/wp-json\/wp\/v2\/product_brand?post=188"},{"taxonomy":"product_cat","embeddable":true,"href":"https:\/\/shop.gericos.trade\/fr\/wp-json\/wp\/v2\/product_cat?post=188"},{"taxonomy":"product_tag","embeddable":true,"href":"https:\/\/shop.gericos.trade\/fr\/wp-json\/wp\/v2\/product_tag?post=188"}],"curies":[{"name":"wp","href":"https:\/\/api.w.org\/{rel}","templated":true}]}}