{"id":190,"date":"2024-04-12T20:24:39","date_gmt":"2024-04-12T18:24:39","guid":{"rendered":"https:\/\/shop.gericos.trade\/product\/acces-securise-a-la-gestion-par-rdp\/"},"modified":"2024-11-16T17:52:25","modified_gmt":"2024-11-16T16:52:25","slug":"acces-securise-a-la-gestion-par-rdp","status":"publish","type":"product","link":"https:\/\/shop.gericos.trade\/fr\/product\/acces-securise-a-la-gestion-par-rdp\/","title":{"rendered":"Acc\u00e8s s\u00e9curis\u00e9 \u00e0 la gestion par RDP"},"content":{"rendered":"<p>Les serveurs Windows sur Internet sont souvent attaqu\u00e9s sur le port RDP, qu&rsquo;il soit standard ou non.<br \/>\nCe service est con\u00e7u pour mettre \u00e0 jour dynamiquement le firewall de votre serveur\/VPS Windows \u00e0 partir d&rsquo;une liste d&rsquo;IP que vous \u00eates le seul \u00e0 pouvoir modifier.<\/p>\n<p>Ce service est nativement int\u00e9gr\u00e9 dans les serveurs VPS de Gericos.<\/p>\n<p>Une fois que vous aurez souscrit au service, envoyez \u00e0 contact@gericos.trade l&rsquo;adresse IP statique de votre serveur. En retour, nous vous enverrons le fichier d&rsquo;installation et vos identifiants pour g\u00e9rer la liste des h\u00f4tes autoris\u00e9s \u00e0 se connecter \u00e0 votre serveur.<\/p>\n<p><strong>Important<\/strong>: ne souscrivez pas \u00e0 cette option si vous n&rsquo;avez pas d&rsquo;adresse IP statique : Ne souscrivez pas \u00e0 cette option si vous n&rsquo;avez pas d&rsquo;adresse IP statique.<\/p>\n<p><a href=\"https:\/\/www.paypal.com\/webapps\/billing\/plans\/subscribe?plan_id=P-73G23473WP906773SMYMY5LI\" target=\"_blank\" rel=\"noopener\">-&gt; Abonnez-vous avec PayPal &lt;-<\/a><\/p>\n<p><a href=\"https:\/\/buy.stripe.com\/eVa7uvgTHgAv2KAbJ3\" target=\"_blank\" rel=\"noopener\">-&gt; S&rsquo;abonner avec Stripe &lt;-<\/a><\/p>\n","protected":false},"excerpt":{"rendered":"<p>Les serveurs Windows sur Internet sont souvent attaqu\u00e9s sur le port RDP, qu&rsquo;il soit standard ou non. Ce service est con\u00e7u pour mettre \u00e0 jour dynamiquement le firewall de votre serveur\/VPS Windows \u00e0 partir d&rsquo;une liste d&rsquo;IP que vous \u00eates le seul \u00e0 pouvoir modifier. Ce service est nativement int\u00e9gr\u00e9 dans les serveurs VPS de [&hellip;]<\/p>\n","protected":false},"featured_media":375,"template":"","meta":[],"product_brand":[],"product_cat":[43],"product_tag":[],"class_list":{"0":"post-190","1":"product","2":"type-product","3":"status-publish","4":"has-post-thumbnail","6":"product_cat-services-fr","8":"first","9":"instock","10":"virtual","11":"purchasable","12":"product-type-simple"},"yoast_head":"<!-- This site is optimized with the Yoast SEO plugin v27.4 - https:\/\/yoast.com\/product\/yoast-seo-wordpress\/ -->\n<title>Acc\u00e8s s\u00e9curis\u00e9 \u00e0 la gestion par RDP - Gericos Shop<\/title>\n<meta name=\"description\" content=\"Ce service met \u00e0 jour dynamiquement le pare-feu de votre serveur\/VPS Windows pour prot\u00e9ger le port RDP, en utilisant une liste d&#039;adresses IP personnalisable pour une s\u00e9curit\u00e9 accrue.\" \/>\n<meta name=\"robots\" content=\"index, follow, max-snippet:-1, max-image-preview:large, max-video-preview:-1\" \/>\n<link rel=\"canonical\" href=\"https:\/\/shop.gericos.trade\/fr\/product\/acces-securise-a-la-gestion-par-rdp\/\" \/>\n<meta property=\"og:locale\" content=\"fr_FR\" \/>\n<meta property=\"og:type\" content=\"article\" \/>\n<meta property=\"og:title\" content=\"Acc\u00e8s s\u00e9curis\u00e9 \u00e0 la gestion par RDP - Gericos Shop\" \/>\n<meta property=\"og:description\" content=\"Ce service met \u00e0 jour dynamiquement le pare-feu de votre serveur\/VPS Windows pour prot\u00e9ger le port RDP, en utilisant une liste d&#039;adresses IP personnalisable pour une s\u00e9curit\u00e9 accrue.\" \/>\n<meta property=\"og:url\" content=\"https:\/\/shop.gericos.trade\/fr\/product\/acces-securise-a-la-gestion-par-rdp\/\" \/>\n<meta property=\"og:site_name\" content=\"Gericos Shop\" \/>\n<meta property=\"article:modified_time\" content=\"2024-11-16T16:52:25+00:00\" \/>\n<meta property=\"og:image\" content=\"https:\/\/shop.gericos.trade\/wp-content\/uploads\/2024\/04\/product_RDP.png\" \/>\n\t<meta property=\"og:image:width\" content=\"296\" \/>\n\t<meta property=\"og:image:height\" content=\"318\" \/>\n\t<meta property=\"og:image:type\" content=\"image\/png\" \/>\n<meta name=\"twitter:card\" content=\"summary_large_image\" \/>\n<meta name=\"twitter:label1\" content=\"Dur\u00e9e de lecture estim\u00e9e\" \/>\n\t<meta name=\"twitter:data1\" content=\"1 minute\" \/>\n<script type=\"application\/ld+json\" class=\"yoast-schema-graph\">{\"@context\":\"https:\\\/\\\/schema.org\",\"@graph\":[{\"@type\":\"WebPage\",\"@id\":\"https:\\\/\\\/shop.gericos.trade\\\/fr\\\/product\\\/acces-securise-a-la-gestion-par-rdp\\\/\",\"url\":\"https:\\\/\\\/shop.gericos.trade\\\/fr\\\/product\\\/acces-securise-a-la-gestion-par-rdp\\\/\",\"name\":\"Acc\u00e8s s\u00e9curis\u00e9 \u00e0 la gestion par RDP - Gericos Shop\",\"isPartOf\":{\"@id\":\"https:\\\/\\\/shop.gericos.trade\\\/fr\\\/#website\"},\"primaryImageOfPage\":{\"@id\":\"https:\\\/\\\/shop.gericos.trade\\\/fr\\\/product\\\/acces-securise-a-la-gestion-par-rdp\\\/#primaryimage\"},\"image\":{\"@id\":\"https:\\\/\\\/shop.gericos.trade\\\/fr\\\/product\\\/acces-securise-a-la-gestion-par-rdp\\\/#primaryimage\"},\"thumbnailUrl\":\"https:\\\/\\\/shop.gericos.trade\\\/wp-content\\\/uploads\\\/2025\\\/06\\\/SecureRDP.jpg\",\"datePublished\":\"2024-04-12T18:24:39+00:00\",\"dateModified\":\"2024-11-16T16:52:25+00:00\",\"description\":\"Ce service met \u00e0 jour dynamiquement le pare-feu de votre serveur\\\/VPS Windows pour prot\u00e9ger le port RDP, en utilisant une liste d'adresses IP personnalisable pour une s\u00e9curit\u00e9 accrue.\",\"breadcrumb\":{\"@id\":\"https:\\\/\\\/shop.gericos.trade\\\/fr\\\/product\\\/acces-securise-a-la-gestion-par-rdp\\\/#breadcrumb\"},\"inLanguage\":\"fr-FR\",\"potentialAction\":[{\"@type\":\"ReadAction\",\"target\":[\"https:\\\/\\\/shop.gericos.trade\\\/fr\\\/product\\\/acces-securise-a-la-gestion-par-rdp\\\/\"]}]},{\"@type\":\"ImageObject\",\"inLanguage\":\"fr-FR\",\"@id\":\"https:\\\/\\\/shop.gericos.trade\\\/fr\\\/product\\\/acces-securise-a-la-gestion-par-rdp\\\/#primaryimage\",\"url\":\"https:\\\/\\\/shop.gericos.trade\\\/wp-content\\\/uploads\\\/2025\\\/06\\\/SecureRDP.jpg\",\"contentUrl\":\"https:\\\/\\\/shop.gericos.trade\\\/wp-content\\\/uploads\\\/2025\\\/06\\\/SecureRDP.jpg\",\"width\":2048,\"height\":2048},{\"@type\":\"BreadcrumbList\",\"@id\":\"https:\\\/\\\/shop.gericos.trade\\\/fr\\\/product\\\/acces-securise-a-la-gestion-par-rdp\\\/#breadcrumb\",\"itemListElement\":[{\"@type\":\"ListItem\",\"position\":1,\"name\":\"Home\",\"item\":\"https:\\\/\\\/shop.gericos.trade\\\/fr\\\/boutique\\\/\"},{\"@type\":\"ListItem\",\"position\":2,\"name\":\"Boutique\",\"item\":\"https:\\\/\\\/shop.gericos.trade\\\/fr\\\/boutique\\\/\"},{\"@type\":\"ListItem\",\"position\":3,\"name\":\"Acc\u00e8s s\u00e9curis\u00e9 \u00e0 la gestion par RDP\"}]},{\"@type\":\"WebSite\",\"@id\":\"https:\\\/\\\/shop.gericos.trade\\\/fr\\\/#website\",\"url\":\"https:\\\/\\\/shop.gericos.trade\\\/fr\\\/\",\"name\":\"Gericos Shop\",\"description\":\"Technical tools for the best forex and market performance\",\"publisher\":{\"@id\":\"https:\\\/\\\/shop.gericos.trade\\\/fr\\\/#organization\"},\"potentialAction\":[{\"@type\":\"SearchAction\",\"target\":{\"@type\":\"EntryPoint\",\"urlTemplate\":\"https:\\\/\\\/shop.gericos.trade\\\/fr\\\/?s={search_term_string}\"},\"query-input\":{\"@type\":\"PropertyValueSpecification\",\"valueRequired\":true,\"valueName\":\"search_term_string\"}}],\"inLanguage\":\"fr-FR\"},{\"@type\":\"Organization\",\"@id\":\"https:\\\/\\\/shop.gericos.trade\\\/fr\\\/#organization\",\"name\":\"Gericos Shop\",\"url\":\"https:\\\/\\\/shop.gericos.trade\\\/fr\\\/\",\"logo\":{\"@type\":\"ImageObject\",\"inLanguage\":\"fr-FR\",\"@id\":\"https:\\\/\\\/shop.gericos.trade\\\/fr\\\/#\\\/schema\\\/logo\\\/image\\\/\",\"url\":\"https:\\\/\\\/shop.gericos.trade\\\/wp-content\\\/uploads\\\/2024\\\/04\\\/medium-res-new.png\",\"contentUrl\":\"https:\\\/\\\/shop.gericos.trade\\\/wp-content\\\/uploads\\\/2024\\\/04\\\/medium-res-new.png\",\"width\":853,\"height\":423,\"caption\":\"Gericos Shop\"},\"image\":{\"@id\":\"https:\\\/\\\/shop.gericos.trade\\\/fr\\\/#\\\/schema\\\/logo\\\/image\\\/\"}}]}<\/script>\n<!-- \/ Yoast SEO plugin. -->","yoast_head_json":{"title":"Acc\u00e8s s\u00e9curis\u00e9 \u00e0 la gestion par RDP - Gericos Shop","description":"Ce service met \u00e0 jour dynamiquement le pare-feu de votre serveur\/VPS Windows pour prot\u00e9ger le port RDP, en utilisant une liste d'adresses IP personnalisable pour une s\u00e9curit\u00e9 accrue.","robots":{"index":"index","follow":"follow","max-snippet":"max-snippet:-1","max-image-preview":"max-image-preview:large","max-video-preview":"max-video-preview:-1"},"canonical":"https:\/\/shop.gericos.trade\/fr\/product\/acces-securise-a-la-gestion-par-rdp\/","og_locale":"fr_FR","og_type":"article","og_title":"Acc\u00e8s s\u00e9curis\u00e9 \u00e0 la gestion par RDP - Gericos Shop","og_description":"Ce service met \u00e0 jour dynamiquement le pare-feu de votre serveur\/VPS Windows pour prot\u00e9ger le port RDP, en utilisant une liste d'adresses IP personnalisable pour une s\u00e9curit\u00e9 accrue.","og_url":"https:\/\/shop.gericos.trade\/fr\/product\/acces-securise-a-la-gestion-par-rdp\/","og_site_name":"Gericos Shop","article_modified_time":"2024-11-16T16:52:25+00:00","og_image":[{"width":296,"height":318,"url":"https:\/\/shop.gericos.trade\/wp-content\/uploads\/2024\/04\/product_RDP.png","type":"image\/png"}],"twitter_card":"summary_large_image","twitter_misc":{"Dur\u00e9e de lecture estim\u00e9e":"1 minute"},"schema":{"@context":"https:\/\/schema.org","@graph":[{"@type":"WebPage","@id":"https:\/\/shop.gericos.trade\/fr\/product\/acces-securise-a-la-gestion-par-rdp\/","url":"https:\/\/shop.gericos.trade\/fr\/product\/acces-securise-a-la-gestion-par-rdp\/","name":"Acc\u00e8s s\u00e9curis\u00e9 \u00e0 la gestion par RDP - Gericos Shop","isPartOf":{"@id":"https:\/\/shop.gericos.trade\/fr\/#website"},"primaryImageOfPage":{"@id":"https:\/\/shop.gericos.trade\/fr\/product\/acces-securise-a-la-gestion-par-rdp\/#primaryimage"},"image":{"@id":"https:\/\/shop.gericos.trade\/fr\/product\/acces-securise-a-la-gestion-par-rdp\/#primaryimage"},"thumbnailUrl":"https:\/\/shop.gericos.trade\/wp-content\/uploads\/2025\/06\/SecureRDP.jpg","datePublished":"2024-04-12T18:24:39+00:00","dateModified":"2024-11-16T16:52:25+00:00","description":"Ce service met \u00e0 jour dynamiquement le pare-feu de votre serveur\/VPS Windows pour prot\u00e9ger le port RDP, en utilisant une liste d'adresses IP personnalisable pour une s\u00e9curit\u00e9 accrue.","breadcrumb":{"@id":"https:\/\/shop.gericos.trade\/fr\/product\/acces-securise-a-la-gestion-par-rdp\/#breadcrumb"},"inLanguage":"fr-FR","potentialAction":[{"@type":"ReadAction","target":["https:\/\/shop.gericos.trade\/fr\/product\/acces-securise-a-la-gestion-par-rdp\/"]}]},{"@type":"ImageObject","inLanguage":"fr-FR","@id":"https:\/\/shop.gericos.trade\/fr\/product\/acces-securise-a-la-gestion-par-rdp\/#primaryimage","url":"https:\/\/shop.gericos.trade\/wp-content\/uploads\/2025\/06\/SecureRDP.jpg","contentUrl":"https:\/\/shop.gericos.trade\/wp-content\/uploads\/2025\/06\/SecureRDP.jpg","width":2048,"height":2048},{"@type":"BreadcrumbList","@id":"https:\/\/shop.gericos.trade\/fr\/product\/acces-securise-a-la-gestion-par-rdp\/#breadcrumb","itemListElement":[{"@type":"ListItem","position":1,"name":"Home","item":"https:\/\/shop.gericos.trade\/fr\/boutique\/"},{"@type":"ListItem","position":2,"name":"Boutique","item":"https:\/\/shop.gericos.trade\/fr\/boutique\/"},{"@type":"ListItem","position":3,"name":"Acc\u00e8s s\u00e9curis\u00e9 \u00e0 la gestion par RDP"}]},{"@type":"WebSite","@id":"https:\/\/shop.gericos.trade\/fr\/#website","url":"https:\/\/shop.gericos.trade\/fr\/","name":"Gericos Shop","description":"Technical tools for the best forex and market performance","publisher":{"@id":"https:\/\/shop.gericos.trade\/fr\/#organization"},"potentialAction":[{"@type":"SearchAction","target":{"@type":"EntryPoint","urlTemplate":"https:\/\/shop.gericos.trade\/fr\/?s={search_term_string}"},"query-input":{"@type":"PropertyValueSpecification","valueRequired":true,"valueName":"search_term_string"}}],"inLanguage":"fr-FR"},{"@type":"Organization","@id":"https:\/\/shop.gericos.trade\/fr\/#organization","name":"Gericos Shop","url":"https:\/\/shop.gericos.trade\/fr\/","logo":{"@type":"ImageObject","inLanguage":"fr-FR","@id":"https:\/\/shop.gericos.trade\/fr\/#\/schema\/logo\/image\/","url":"https:\/\/shop.gericos.trade\/wp-content\/uploads\/2024\/04\/medium-res-new.png","contentUrl":"https:\/\/shop.gericos.trade\/wp-content\/uploads\/2024\/04\/medium-res-new.png","width":853,"height":423,"caption":"Gericos Shop"},"image":{"@id":"https:\/\/shop.gericos.trade\/fr\/#\/schema\/logo\/image\/"}}]}},"_links":{"self":[{"href":"https:\/\/shop.gericos.trade\/fr\/wp-json\/wp\/v2\/product\/190","targetHints":{"allow":["GET"]}}],"collection":[{"href":"https:\/\/shop.gericos.trade\/fr\/wp-json\/wp\/v2\/product"}],"about":[{"href":"https:\/\/shop.gericos.trade\/fr\/wp-json\/wp\/v2\/types\/product"}],"wp:featuredmedia":[{"embeddable":true,"href":"https:\/\/shop.gericos.trade\/fr\/wp-json\/wp\/v2\/media\/375"}],"wp:attachment":[{"href":"https:\/\/shop.gericos.trade\/fr\/wp-json\/wp\/v2\/media?parent=190"}],"wp:term":[{"taxonomy":"product_brand","embeddable":true,"href":"https:\/\/shop.gericos.trade\/fr\/wp-json\/wp\/v2\/product_brand?post=190"},{"taxonomy":"product_cat","embeddable":true,"href":"https:\/\/shop.gericos.trade\/fr\/wp-json\/wp\/v2\/product_cat?post=190"},{"taxonomy":"product_tag","embeddable":true,"href":"https:\/\/shop.gericos.trade\/fr\/wp-json\/wp\/v2\/product_tag?post=190"}],"curies":[{"name":"wp","href":"https:\/\/api.w.org\/{rel}","templated":true}]}}