{"id":182,"date":"2024-05-15T18:01:24","date_gmt":"2024-05-15T16:01:24","guid":{"rendered":"https:\/\/shop.gericos.trade\/product\/gericosatv\/"},"modified":"2025-06-02T23:58:38","modified_gmt":"2025-06-02T21:58:38","slug":"gericosatv","status":"publish","type":"product","link":"https:\/\/shop.gericos.trade\/it\/product\/gericosatv\/","title":{"rendered":"GericosATV"},"content":{"rendered":"<p>GericosATV \u00e8 un robot di trading automatico di nuova generazione. \u00c8 posizionato su 28 coppie + ORO.<br \/>\nGericosATV dispone di vari meccanismi di protezione per limitare al massimo le perdite di capitale.<br \/>\nLa configurazione del robot \u00e8 completamente automatizzata da un server centralizzato per garantirti la migliore configurazione aggiornata ad ogni ciclo. Ecco perch\u00e9 questo robot viene noleggiato e non venduto, perch\u00e9 la sua modalit\u00e0 di funzionamento basata sull&#8217;aggiornamento dei dati di configurazione richiede il mantenimento di infrastrutture e competenze per tutta la sua durata. \u00c8 importante capire che questo robot non copia gli ordini dalla piattaforma centralizzata. Solo le nuove impostazioni di configurazione vengono aggiornate dinamicamente dalla piattaforma.<\/p>\n<p>Il noleggio del robot include gli aggiornamenti (il download degli aggiornamenti \u00e8 automatico) e l&#8217;accesso al supporto via e-mail e al canale Telegram dedicato.<\/p>\n<p><img data-dominant-color=\"282a26\" data-has-transparency=\"true\" style=\"--dominant-color: #282a26;\" loading=\"lazy\" decoding=\"async\" class=\"alignnone wp-image-316 size-large has-transparency\" src=\"https:\/\/shop.gericos.trade\/wp-content\/uploads\/2024\/05\/GericosATV_Screenshot-1-1024x635.png\" alt=\"\" width=\"980\" height=\"608\" srcset=\"https:\/\/shop.gericos.trade\/wp-content\/uploads\/2024\/05\/GericosATV_Screenshot-1-1024x635.png 1024w, https:\/\/shop.gericos.trade\/wp-content\/uploads\/2024\/05\/GericosATV_Screenshot-1-300x186.png 300w, https:\/\/shop.gericos.trade\/wp-content\/uploads\/2024\/05\/GericosATV_Screenshot-1-768x476.png 768w, https:\/\/shop.gericos.trade\/wp-content\/uploads\/2024\/05\/GericosATV_Screenshot-1-416x258.png 416w, https:\/\/shop.gericos.trade\/wp-content\/uploads\/2024\/05\/GericosATV_Screenshot-1.png 1210w\" sizes=\"auto, (max-width: 980px) 100vw, 980px\" \/><\/p>\n<p>Ecco le prestazioni per 3 diversi set di configurazione:<\/p>\n<div style=\"width: 100%; display: flex;\">\n<div style=\"width: 33%; padding-right: 5px; padding-left: 5px; background-color: #cacaca;\">1CCS: Abilita<br \/>\nDProfit: Attiva<br \/>\nLowVol: Attiva<br \/>\nGold: Disabilita<br \/>\n<a href=\"https:\/\/www.myfxbook.com\/members\/gericos\/gericosatv-lowvol-nogold\/11220249\"><br \/>\n<img decoding=\"async\" src=\"https:\/\/widget.myfxbook.com\/widget\/widget.png?accountOid=11220249&amp;type=6\" alt=\"widget\"><br \/>\n<\/a><\/div>\n<div style=\"width: 33%; padding-right: 5px; padding-left: 5px; background-color: #a3a3a3;\">1CCS: Abilita<br \/>\nDProfit: Attiva<br \/>\nLowVol: Disattiva<br \/>\nGold: Disabilita<br \/>\n<a href=\"https:\/\/www.myfxbook.com\/members\/gericos\/gericosatv-lowvol-gold\/11549299\"><br \/>\n<img decoding=\"async\" src=\"https:\/\/widget.myfxbook.com\/widget\/widget.png?accountOid=11549299&amp;type=6\" alt=\"widget\"><br \/>\n<\/a><\/div>\n<div style=\"width: 33%; padding-right: 5px; padding-left: 5px; background-color: #cacaca;\">1CCS: Abilita<br \/>\nDProfit: Attiva<br \/>\nLowVol: Attiva<br \/>\nGold: Abilita<br \/>\n<a href=\"https:\/\/www.myfxbook.com\/members\/gericos\/gericosatv-nogold\/11220253\"><br \/>\n<img decoding=\"async\" src=\"https:\/\/widget.myfxbook.com\/widget\/widget.png?accountOid=11220253&amp;type=6\" alt=\"widget\"><br \/>\n<\/a><\/div>\n<\/div>\n<p>Puoi anche controllare i risultati di alcuni backtest qui sotto. Tutti i test che seguono sono stati eseguiti utilizzando i tick di Dukascopy (la famosa banca svizzera). L&#8217;esecuzione di questi test richiede molto tempo perch\u00e9 \u00e8 necessario analizzare tutti i tick di ogni valuta per individuare le opportunit\u00e0. Inoltre, la strategia utilizzata durante questi test \u00e8 una strategia generica. Come detto in precedenza, la configurazione pu\u00f2 essere diversa alla fine di ogni ciclo di ordini per una valuta, il sistema di backtest non ne \u00e8 a conoscenza. L \u201cobiettivo principale \u00e8 quello di mostrare un esempio generico di come funziona l\u201d EA.<\/p>\n<p><a href=\"https:\/\/shop.gericos.trade\/it\/gericosatv-backtest-2023-lowvol-nogold\/\" target=\"_blank\" rel=\"noopener\">BackTest 2023 &#8211; Configurazione: LowVol: Abilita, Gold: Disable<\/a><br \/>\nQuando ti iscrivi a questo prodotto, ti verr\u00e0 richiesto il tuo IP. In cambio ti verr\u00e0 inviato un bundle composto dall&#8217;ultima versione di EA + chiave di licenza. Non dare la chiave di licenza: \u00e8 personale e funzioner\u00e0 solo dal tuo indirizzo IP.<br \/>\nSe non hai un IP o un server fisso, non esitare a consultare le nostre <a href=\"https:\/\/shop.gericos.trade\/it\/categoria-prodotto\/vps-it\/\">offerte VPS<\/a>. Possiamo anche realizzare l&#8217;installazione per te.<\/p>\n<p><a href=\"https:\/\/buy.stripe.com\/14k7uv8nb0Bx70Q6oM\">-&gt; Iscriviti con Stripe &lt;-<\/a><\/p>\n","protected":false},"excerpt":{"rendered":"<p>GericosATV \u00e8 un robot di trading automatico di nuova generazione. \u00c8 posizionato su 28 coppie + ORO. GericosATV dispone di vari meccanismi di protezione per limitare al massimo le perdite di capitale. La configurazione del robot \u00e8 completamente automatizzata da un server centralizzato per garantirti la migliore configurazione aggiornata ad ogni ciclo. Ecco perch\u00e9 questo [&hellip;]<\/p>\n","protected":false},"featured_media":151,"template":"","meta":[],"product_brand":[],"product_cat":[38],"product_tag":[],"class_list":{"0":"post-182","1":"product","2":"type-product","3":"status-publish","4":"has-post-thumbnail","6":"product_cat-consulente-esperto-ea","8":"first","9":"instock","10":"virtual","11":"purchasable","12":"product-type-simple"},"yoast_head":"<!-- This site is optimized with the Yoast SEO plugin v27.4 - https:\/\/yoast.com\/product\/yoast-seo-wordpress\/ -->\n<title>GericosATV - Gericos Shop<\/title>\n<meta name=\"description\" content=\"GericosATV, un EA per MT5 che ti aiuter\u00e0 a guadagnare sui mercati finanziari (forex) preservando il tuo capitale.\" \/>\n<meta name=\"robots\" content=\"index, follow, max-snippet:-1, max-image-preview:large, max-video-preview:-1\" \/>\n<link rel=\"canonical\" href=\"https:\/\/shop.gericos.trade\/it\/product\/gericosatv\/\" \/>\n<meta property=\"og:locale\" content=\"it_IT\" \/>\n<meta property=\"og:type\" content=\"article\" \/>\n<meta property=\"og:title\" content=\"GericosATV - Gericos Shop\" \/>\n<meta property=\"og:description\" content=\"GericosATV, un EA per MT5 che ti aiuter\u00e0 a guadagnare sui mercati finanziari (forex) preservando il tuo capitale.\" \/>\n<meta property=\"og:url\" content=\"https:\/\/shop.gericos.trade\/it\/product\/gericosatv\/\" \/>\n<meta property=\"og:site_name\" content=\"Gericos Shop\" \/>\n<meta property=\"article:modified_time\" content=\"2025-06-02T21:58:38+00:00\" \/>\n<meta property=\"og:image\" content=\"https:\/\/shop.gericos.trade\/wp-content\/uploads\/2024\/05\/download-873x938-1.png\" \/>\n\t<meta property=\"og:image:width\" content=\"873\" \/>\n\t<meta property=\"og:image:height\" content=\"938\" \/>\n\t<meta property=\"og:image:type\" content=\"image\/png\" \/>\n<meta name=\"twitter:card\" content=\"summary_large_image\" \/>\n<meta name=\"twitter:label1\" content=\"Tempo di lettura stimato\" \/>\n\t<meta name=\"twitter:data1\" content=\"2 minuti\" \/>\n<script type=\"application\/ld+json\" class=\"yoast-schema-graph\">{\"@context\":\"https:\\\/\\\/schema.org\",\"@graph\":[{\"@type\":\"WebPage\",\"@id\":\"https:\\\/\\\/shop.gericos.trade\\\/it\\\/product\\\/gericosatv\\\/\",\"url\":\"https:\\\/\\\/shop.gericos.trade\\\/it\\\/product\\\/gericosatv\\\/\",\"name\":\"GericosATV - Gericos Shop\",\"isPartOf\":{\"@id\":\"https:\\\/\\\/shop.gericos.trade\\\/it\\\/#website\"},\"primaryImageOfPage\":{\"@id\":\"https:\\\/\\\/shop.gericos.trade\\\/it\\\/product\\\/gericosatv\\\/#primaryimage\"},\"image\":{\"@id\":\"https:\\\/\\\/shop.gericos.trade\\\/it\\\/product\\\/gericosatv\\\/#primaryimage\"},\"thumbnailUrl\":\"https:\\\/\\\/shop.gericos.trade\\\/wp-content\\\/uploads\\\/2024\\\/05\\\/download-873x938-1.png\",\"datePublished\":\"2024-05-15T16:01:24+00:00\",\"dateModified\":\"2025-06-02T21:58:38+00:00\",\"description\":\"GericosATV, un EA per MT5 che ti aiuter\u00e0 a guadagnare sui mercati finanziari (forex) preservando il tuo capitale.\",\"breadcrumb\":{\"@id\":\"https:\\\/\\\/shop.gericos.trade\\\/it\\\/product\\\/gericosatv\\\/#breadcrumb\"},\"inLanguage\":\"it-IT\",\"potentialAction\":[{\"@type\":\"ReadAction\",\"target\":[\"https:\\\/\\\/shop.gericos.trade\\\/it\\\/product\\\/gericosatv\\\/\"]}]},{\"@type\":\"ImageObject\",\"inLanguage\":\"it-IT\",\"@id\":\"https:\\\/\\\/shop.gericos.trade\\\/it\\\/product\\\/gericosatv\\\/#primaryimage\",\"url\":\"https:\\\/\\\/shop.gericos.trade\\\/wp-content\\\/uploads\\\/2024\\\/05\\\/download-873x938-1.png\",\"contentUrl\":\"https:\\\/\\\/shop.gericos.trade\\\/wp-content\\\/uploads\\\/2024\\\/05\\\/download-873x938-1.png\",\"width\":873,\"height\":938},{\"@type\":\"BreadcrumbList\",\"@id\":\"https:\\\/\\\/shop.gericos.trade\\\/it\\\/product\\\/gericosatv\\\/#breadcrumb\",\"itemListElement\":[{\"@type\":\"ListItem\",\"position\":1,\"name\":\"Home\",\"item\":\"https:\\\/\\\/shop.gericos.trade\\\/it\\\/negozio\\\/\"},{\"@type\":\"ListItem\",\"position\":2,\"name\":\"Negozio\",\"item\":\"https:\\\/\\\/shop.gericos.trade\\\/it\\\/negozio\\\/\"},{\"@type\":\"ListItem\",\"position\":3,\"name\":\"GericosATV\"}]},{\"@type\":\"WebSite\",\"@id\":\"https:\\\/\\\/shop.gericos.trade\\\/it\\\/#website\",\"url\":\"https:\\\/\\\/shop.gericos.trade\\\/it\\\/\",\"name\":\"Gericos Shop\",\"description\":\"Technical tools for the best forex and market performance\",\"publisher\":{\"@id\":\"https:\\\/\\\/shop.gericos.trade\\\/it\\\/#organization\"},\"potentialAction\":[{\"@type\":\"SearchAction\",\"target\":{\"@type\":\"EntryPoint\",\"urlTemplate\":\"https:\\\/\\\/shop.gericos.trade\\\/it\\\/?s={search_term_string}\"},\"query-input\":{\"@type\":\"PropertyValueSpecification\",\"valueRequired\":true,\"valueName\":\"search_term_string\"}}],\"inLanguage\":\"it-IT\"},{\"@type\":\"Organization\",\"@id\":\"https:\\\/\\\/shop.gericos.trade\\\/it\\\/#organization\",\"name\":\"Gericos Shop\",\"url\":\"https:\\\/\\\/shop.gericos.trade\\\/it\\\/\",\"logo\":{\"@type\":\"ImageObject\",\"inLanguage\":\"it-IT\",\"@id\":\"https:\\\/\\\/shop.gericos.trade\\\/it\\\/#\\\/schema\\\/logo\\\/image\\\/\",\"url\":\"https:\\\/\\\/shop.gericos.trade\\\/wp-content\\\/uploads\\\/2024\\\/04\\\/medium-res-new.png\",\"contentUrl\":\"https:\\\/\\\/shop.gericos.trade\\\/wp-content\\\/uploads\\\/2024\\\/04\\\/medium-res-new.png\",\"width\":853,\"height\":423,\"caption\":\"Gericos Shop\"},\"image\":{\"@id\":\"https:\\\/\\\/shop.gericos.trade\\\/it\\\/#\\\/schema\\\/logo\\\/image\\\/\"}}]}<\/script>\n<!-- \/ Yoast SEO plugin. -->","yoast_head_json":{"title":"GericosATV - Gericos Shop","description":"GericosATV, un EA per MT5 che ti aiuter\u00e0 a guadagnare sui mercati finanziari (forex) preservando il tuo capitale.","robots":{"index":"index","follow":"follow","max-snippet":"max-snippet:-1","max-image-preview":"max-image-preview:large","max-video-preview":"max-video-preview:-1"},"canonical":"https:\/\/shop.gericos.trade\/it\/product\/gericosatv\/","og_locale":"it_IT","og_type":"article","og_title":"GericosATV - Gericos Shop","og_description":"GericosATV, un EA per MT5 che ti aiuter\u00e0 a guadagnare sui mercati finanziari (forex) preservando il tuo capitale.","og_url":"https:\/\/shop.gericos.trade\/it\/product\/gericosatv\/","og_site_name":"Gericos Shop","article_modified_time":"2025-06-02T21:58:38+00:00","og_image":[{"width":873,"height":938,"url":"https:\/\/shop.gericos.trade\/wp-content\/uploads\/2024\/05\/download-873x938-1.png","type":"image\/png"}],"twitter_card":"summary_large_image","twitter_misc":{"Tempo di lettura stimato":"2 minuti"},"schema":{"@context":"https:\/\/schema.org","@graph":[{"@type":"WebPage","@id":"https:\/\/shop.gericos.trade\/it\/product\/gericosatv\/","url":"https:\/\/shop.gericos.trade\/it\/product\/gericosatv\/","name":"GericosATV - Gericos Shop","isPartOf":{"@id":"https:\/\/shop.gericos.trade\/it\/#website"},"primaryImageOfPage":{"@id":"https:\/\/shop.gericos.trade\/it\/product\/gericosatv\/#primaryimage"},"image":{"@id":"https:\/\/shop.gericos.trade\/it\/product\/gericosatv\/#primaryimage"},"thumbnailUrl":"https:\/\/shop.gericos.trade\/wp-content\/uploads\/2024\/05\/download-873x938-1.png","datePublished":"2024-05-15T16:01:24+00:00","dateModified":"2025-06-02T21:58:38+00:00","description":"GericosATV, un EA per MT5 che ti aiuter\u00e0 a guadagnare sui mercati finanziari (forex) preservando il tuo capitale.","breadcrumb":{"@id":"https:\/\/shop.gericos.trade\/it\/product\/gericosatv\/#breadcrumb"},"inLanguage":"it-IT","potentialAction":[{"@type":"ReadAction","target":["https:\/\/shop.gericos.trade\/it\/product\/gericosatv\/"]}]},{"@type":"ImageObject","inLanguage":"it-IT","@id":"https:\/\/shop.gericos.trade\/it\/product\/gericosatv\/#primaryimage","url":"https:\/\/shop.gericos.trade\/wp-content\/uploads\/2024\/05\/download-873x938-1.png","contentUrl":"https:\/\/shop.gericos.trade\/wp-content\/uploads\/2024\/05\/download-873x938-1.png","width":873,"height":938},{"@type":"BreadcrumbList","@id":"https:\/\/shop.gericos.trade\/it\/product\/gericosatv\/#breadcrumb","itemListElement":[{"@type":"ListItem","position":1,"name":"Home","item":"https:\/\/shop.gericos.trade\/it\/negozio\/"},{"@type":"ListItem","position":2,"name":"Negozio","item":"https:\/\/shop.gericos.trade\/it\/negozio\/"},{"@type":"ListItem","position":3,"name":"GericosATV"}]},{"@type":"WebSite","@id":"https:\/\/shop.gericos.trade\/it\/#website","url":"https:\/\/shop.gericos.trade\/it\/","name":"Gericos Shop","description":"Technical tools for the best forex and market performance","publisher":{"@id":"https:\/\/shop.gericos.trade\/it\/#organization"},"potentialAction":[{"@type":"SearchAction","target":{"@type":"EntryPoint","urlTemplate":"https:\/\/shop.gericos.trade\/it\/?s={search_term_string}"},"query-input":{"@type":"PropertyValueSpecification","valueRequired":true,"valueName":"search_term_string"}}],"inLanguage":"it-IT"},{"@type":"Organization","@id":"https:\/\/shop.gericos.trade\/it\/#organization","name":"Gericos Shop","url":"https:\/\/shop.gericos.trade\/it\/","logo":{"@type":"ImageObject","inLanguage":"it-IT","@id":"https:\/\/shop.gericos.trade\/it\/#\/schema\/logo\/image\/","url":"https:\/\/shop.gericos.trade\/wp-content\/uploads\/2024\/04\/medium-res-new.png","contentUrl":"https:\/\/shop.gericos.trade\/wp-content\/uploads\/2024\/04\/medium-res-new.png","width":853,"height":423,"caption":"Gericos Shop"},"image":{"@id":"https:\/\/shop.gericos.trade\/it\/#\/schema\/logo\/image\/"}}]}},"_links":{"self":[{"href":"https:\/\/shop.gericos.trade\/it\/wp-json\/wp\/v2\/product\/182","targetHints":{"allow":["GET"]}}],"collection":[{"href":"https:\/\/shop.gericos.trade\/it\/wp-json\/wp\/v2\/product"}],"about":[{"href":"https:\/\/shop.gericos.trade\/it\/wp-json\/wp\/v2\/types\/product"}],"wp:featuredmedia":[{"embeddable":true,"href":"https:\/\/shop.gericos.trade\/it\/wp-json\/wp\/v2\/media\/151"}],"wp:attachment":[{"href":"https:\/\/shop.gericos.trade\/it\/wp-json\/wp\/v2\/media?parent=182"}],"wp:term":[{"taxonomy":"product_brand","embeddable":true,"href":"https:\/\/shop.gericos.trade\/it\/wp-json\/wp\/v2\/product_brand?post=182"},{"taxonomy":"product_cat","embeddable":true,"href":"https:\/\/shop.gericos.trade\/it\/wp-json\/wp\/v2\/product_cat?post=182"},{"taxonomy":"product_tag","embeddable":true,"href":"https:\/\/shop.gericos.trade\/it\/wp-json\/wp\/v2\/product_tag?post=182"}],"curies":[{"name":"wp","href":"https:\/\/api.w.org\/{rel}","templated":true}]}}